{"id":59332,"date":"2021-09-23T08:22:41","date_gmt":"2021-09-23T06:22:41","guid":{"rendered":"https:\/\/www.proquimia.com\/politica-de-privacidade\/"},"modified":"2021-09-23T08:22:41","modified_gmt":"2021-09-23T06:22:41","slug":"politica-de-privacidade","status":"publish","type":"page","link":"https:\/\/www.proquimia.com\/pt\/politica-de-privacidade\/","title":{"rendered":"Pol\u00edtica de privacidade"},"content":{"rendered":"<div class=\"vce-row-container\" data-vce-boxed-width=\"true\"><div class=\"vce-row vce-row--col-gap-30 vce-row-equal-height vce-row-content--top\" id=\"el-b43ceab3\" data-vce-do-apply=\"all el-b43ceab3\"><div class=\"vce-content-background-container\"><\/div><div class=\"vce-row-content\" data-vce-element-content=\"true\"><div class=\"vce-col vce-col--md-16-66p vce-col--xs-1 vce-col--xs-last vce-col--xs-first vce-col--sm-last vce-col--sm-first vce-col--md-first vce-col--lg-first vce-col--xl-first\" id=\"el-2c01246e\"><div class=\"vce-col-inner\" data-vce-do-apply=\"border margin background  el-2c01246e\"><div class=\"vce-col-content\" data-vce-element-content=\"true\" data-vce-do-apply=\"padding el-2c01246e\"><div><\/div><\/div><\/div><\/div><div class=\"vce-col vce-col--md-66-66p vce-col--xs-1 vce-col--xs-last vce-col--xs-first vce-col--sm-last vce-col--sm-first\" id=\"el-abc6ff28\"><div class=\"vce-col-inner\" data-vce-do-apply=\"border margin background  el-abc6ff28\"><div class=\"vce-col-content\" data-vce-element-content=\"true\" data-vce-do-apply=\"padding el-abc6ff28\"><div class=\"vce-text-block\"><div class=\"vce-text-block-wrapper vce\" id=\"el-ba21a25a\" data-vce-do-apply=\"all el-ba21a25a\"><h1>Pol\u00edtica de privacidade<\/h1>\n<p><strong>RESPONS\u00c1VEL DO TRATAMENTO:<\/strong><\/p>\n<p>PROQUIMIA, S.A.<\/p>\n<p>NIF: A08288490<\/p>\n<p>Postal Address: Ctra. de Prats, n\u00ba 6 08500 VIC (Barcelona)<\/p>\n<p>Telephone: 938832353<\/p>\n<p>Email: <a href=\"mailto:proquimia@proquimia.com\"><strong>gestionintegral@proquimia.com<\/strong><\/a><\/p>\n<p>&nbsp;<\/p>\n<p><strong>FINALIDADE DO TRATAMENTO:<\/strong><\/p>\n<p>Na PROQUIMIA, S.A. processamos os dados que nos s\u00e3o fornecidos pelos nossos clientes, fornecedores, colaboradores, candidatos e\/ou partes interessadas para os seguintes fins:<\/p>\n<p>- Manter a rela\u00e7\u00e3o comercial existente, bem como cumprir as obriga\u00e7\u00f5es que possam derivar da mesma e dos regulamentos aplic\u00e1veis.<\/p>\n<p>- Oferecer o melhor servi\u00e7o poss\u00edvel e ser capaz de cumprir os compromissos decorrentes da nossa rela\u00e7\u00e3o comercial.<\/p>\n<p>- Para responder \u00e0s suas perguntas e fornecer \u00e0s partes interessadas informa\u00e7\u00f5es sobre os nossos produtos e servi\u00e7os.<\/p>\n<p>- Para enviar as informa\u00e7\u00f5es solicitadas e para o manter informado dos novos desenvolvimentos que afetam os nossos produtos e servi\u00e7os.<\/p>\n<p>- Registo no nosso website para nos contactar utilizando as sec\u00e7\u00f5es \"contacto\" e \"trabalhar connosco\".<\/p>\n<p>Os dados pessoais fornecidos ser\u00e3o conservados durante toda a rela\u00e7\u00e3o comercial ou enquanto o interessado n\u00e3o solicitar a sua elimina\u00e7\u00e3o, respeitando sempre o tempo necess\u00e1rio para o cumprimento das obriga\u00e7\u00f5es legais.<\/p>\n<p>Os dados de contacto empresarial podem ser utilizados para enviar informa\u00e7\u00f5es comerciais sobre os nossos produtos e servi\u00e7os, sempre com base no interesse leg\u00edtimo das nossas rela\u00e7\u00f5es j\u00e1 existentes e\/ou no consentimento livremente expresso para receber este tipo de informa\u00e7\u00f5es, em conformidade com o disposto no RGPD e no artigo 21.2 da Lei 34\/2002, de 11 de Julho, sobre Servi\u00e7os da Sociedade da Informa\u00e7\u00e3o e Com\u00e9rcio Eletr\u00f3nico.<\/p>\n<p><strong>LEGITIMA\u00c7\u00c3O:<\/strong><\/p>\n<p>A base legal para o tratamento dos dados dos clientes, fornecedores e\/ou colaboradores \u00e9 a execu\u00e7\u00e3o da rela\u00e7\u00e3o contratual anteriormente existente com a Proquimia.<\/p>\n<p>Nos outros casos em que n\u00e3o exista rela\u00e7\u00e3o contratual, a base legal para o tratamento de dados (potenciais clientes, fornecedores, colaboradores ou outras pessoas interessadas em estabelecer uma rela\u00e7\u00e3o comercial ou contratual com a Proquimia) ser\u00e1 o consentimento da pessoa em causa, livremente dado para o tratamento em quest\u00e3o.<\/p>\n<p>No caso de candidatos ou outras partes interessadas que contactam a Proquimia, a base para o tratamento de dados pessoais \u00e9 a satisfa\u00e7\u00e3o dos interesses leg\u00edtimos de estabelecer uma rela\u00e7\u00e3o contratual com a nossa empresa e\/ou receber informa\u00e7\u00f5es de qualquer natureza, respetivamente.<\/p>\n<p>Se navegar no nosso website, poderemos pedir-lhe informa\u00e7\u00f5es pessoais quando desejar contactar-nos para estabelecer uma rela\u00e7\u00e3o contratual (cliente, distribuidor, fornecedor, outro), receber informa\u00e7\u00f5es de qualquer tipo ou desejar trabalhar connosco. Nestes casos, solicitaremos o seu consentimento para o tratamento dos seus dados pessoais e a sua aceita\u00e7\u00e3o da nossa pol\u00edtica de privacidade, em conformidade com os regulamentos aplic\u00e1veis.<\/p>\n<p><strong><u>DESTINAT\u00c1RIOS:<\/u><\/strong><\/p>\n<p>Os dados fornecidos n\u00e3o ser\u00e3o transmitidos a terceiros, salvo obriga\u00e7\u00e3o legal. Contudo, quando for necess\u00e1rio para a execu\u00e7\u00e3o de uma rela\u00e7\u00e3o contratual e\/ou para cumprir as disposi\u00e7\u00f5es dos regulamentos aplic\u00e1veis, os dados pessoais podem ser comunicados a:<\/p>\n<ul>\n<li>Bancos e entidades de gest\u00e3o de pagamentos, autoridades fiscais, aduaneiras e outras administra\u00e7\u00f5es p\u00fablicas, bem como autoridades competentes em conformidade com os regulamentos aplic\u00e1veis.<\/li>\n<li>Transportadores ou operadores log\u00edsticos que realizam atividades de transporte ou expedi\u00e7\u00e3o, fabricantes, subcontratantes e\/ou fornecedores de determinados produtos\/servi\u00e7os fornecidos, na medida estritamente necess\u00e1ria para a execu\u00e7\u00e3o da rela\u00e7\u00e3o contratual e o cumprimento dos requisitos da coordena\u00e7\u00e3o das actividades comerciais.<\/li>\n<li>Entidades que colaboram em processos de sele\u00e7\u00e3o de pessoal, no que diz respeito aos dados dos candidatos.<\/li>\n<\/ul>\n<p>&nbsp;<\/p>\n<p><u><strong>DIREITOS<\/strong>:<\/u><\/p>\n<p>As pessoas interessadas t\u00eam a possibilidade de exercer os seus direitos de acesso, retifica\u00e7\u00e3o, supress\u00e3o, oposi\u00e7\u00e3o, limita\u00e7\u00e3o ou portabilidade dos seus dados pessoais; ou, quando apropriado, de apresentar queixas, nos termos dos regulamentos aplic\u00e1veis em mat\u00e9ria de prote\u00e7\u00e3o de dados pessoais.<\/p>\n<p>Para exercer os direitos acima mencionados, revogar o consentimento dado ou solicitar qualquer esclarecimento, pode enviar um pedido para o e-mail gestionintegral@proquimia.com ou pelo correio, acompanhando o seu pedido com uma fotoc\u00f3pia do seu bilhete de identidade ou documento comprovativo da sua identidade.<\/p>\n<p>Finalmente, informamos os interessados que podem apresentar reclama\u00e7\u00f5es relacionadas com o tratamento dos seus dados pessoais perante a Ag\u00eancia Espanhola para a Prote\u00e7\u00e3o de Dados Pessoais ou perante os tribunais competentes.<\/p>\n<p>Para mais informa\u00e7\u00f5es sobre as condi\u00e7\u00f5es de utiliza\u00e7\u00e3o do nosso website, consulte por favor o seguinte <a href=\"https:\/\/www.proquimia.com\/pt\/condicoes-de-utilizacao-do-ambiente-web-e-aviso-legal\/\" target=\"_blank\" rel=\"noopener\">link.<\/a><\/p><\/div><\/div><\/div><\/div><\/div><div class=\"vce-col vce-col--md-16-66p vce-col--xs-1 vce-col--xs-last vce-col--xs-first vce-col--sm-last vce-col--sm-first vce-col--md-last vce-col--lg-last vce-col--xl-last\" id=\"el-b5d621b3\"><div class=\"vce-col-inner\" data-vce-do-apply=\"border margin background  el-b5d621b3\"><div class=\"vce-col-content\" data-vce-element-content=\"true\" data-vce-do-apply=\"padding el-b5d621b3\"><div><\/div><\/div><\/div><\/div><\/div><\/div><\/div>","protected":false},"excerpt":{"rendered":"<p>Pol\u00edtica de privacidade RESPONS\u00c1VEL DO TRATAMENTO: PROQUIMIA, S.A. NIF: A08288490 Postal Address: Ctra. de Prats, n\u00ba 6 08500 VIC (Barcelona) Telephone: 938832353 Email: gestionintegral@proquimia.com &nbsp; FINALIDADE DO TRATAMENTO: Na PROQUIMIA, S.A. processamos os dados que nos s\u00e3o fornecidos pelos nossos clientes, fornecedores, colaboradores, candidatos e\/ou partes interessadas para os seguintes fins: &#8211; Manter a rela\u00e7\u00e3o [&hellip;]<\/p>\n","protected":false},"author":1,"featured_media":0,"parent":0,"menu_order":0,"comment_status":"closed","ping_status":"closed","template":"","meta":{"_acf_changed":false,"inline_featured_image":false,"footnotes":""},"class_list":["post-59332","page","type-page","status-publish","hentry"],"acf":[],"yoast_head":"<!-- This site is optimized with the Yoast SEO plugin v27.4 - https:\/\/yoast.com\/product\/yoast-seo-wordpress\/ -->\n<title>Pol\u00edtica de privacidade - Proquimia<\/title>\n<meta name=\"robots\" content=\"index, follow, max-snippet:-1, max-image-preview:large, max-video-preview:-1\" \/>\n<link rel=\"canonical\" href=\"https:\/\/www.proquimia.com\/pt\/politica-de-privacidade\/\" \/>\n<meta property=\"og:locale\" content=\"pt_PT\" \/>\n<meta property=\"og:type\" content=\"article\" \/>\n<meta property=\"og:title\" content=\"Pol\u00edtica de privacidade - Proquimia\" \/>\n<meta property=\"og:description\" content=\"Pol\u00edtica de privacidade RESPONS\u00c1VEL DO TRATAMENTO: PROQUIMIA, S.A. NIF: A08288490 Postal Address: Ctra. de Prats, n\u00ba 6 08500 VIC (Barcelona) Telephone: 938832353 Email: gestionintegral@proquimia.com &nbsp; FINALIDADE DO TRATAMENTO: Na PROQUIMIA, S.A. processamos os dados que nos s\u00e3o fornecidos pelos nossos clientes, fornecedores, colaboradores, candidatos e\/ou partes interessadas para os seguintes fins: - Manter a rela\u00e7\u00e3o [&hellip;]\" \/>\n<meta property=\"og:url\" content=\"https:\/\/www.proquimia.com\/pt\/politica-de-privacidade\/\" \/>\n<meta property=\"og:site_name\" content=\"Proquimia\" \/>\n<meta property=\"article:publisher\" content=\"https:\/\/www.facebook.com\/proquimia\" \/>\n<meta name=\"twitter:card\" content=\"summary_large_image\" \/>\n<meta name=\"twitter:site\" content=\"@proquimia71\" \/>\n<meta name=\"twitter:label1\" content=\"Tempo estimado de leitura\" \/>\n\t<meta name=\"twitter:data1\" content=\"4 minutos\" \/>\n<script type=\"application\/ld+json\" class=\"yoast-schema-graph\">{\"@context\":\"https:\\\/\\\/schema.org\",\"@graph\":[{\"@type\":\"WebPage\",\"@id\":\"https:\\\/\\\/www.proquimia.com\\\/pt\\\/politica-de-privacidade\\\/\",\"url\":\"https:\\\/\\\/www.proquimia.com\\\/pt\\\/politica-de-privacidade\\\/\",\"name\":\"Pol\u00edtica de privacidade - Proquimia\",\"isPartOf\":{\"@id\":\"https:\\\/\\\/www.proquimia.com\\\/pt\\\/#website\"},\"datePublished\":\"2021-09-23T06:22:41+00:00\",\"breadcrumb\":{\"@id\":\"https:\\\/\\\/www.proquimia.com\\\/pt\\\/politica-de-privacidade\\\/#breadcrumb\"},\"inLanguage\":\"pt-PT\",\"potentialAction\":[{\"@type\":\"ReadAction\",\"target\":[\"https:\\\/\\\/www.proquimia.com\\\/pt\\\/politica-de-privacidade\\\/\"]}]},{\"@type\":\"BreadcrumbList\",\"@id\":\"https:\\\/\\\/www.proquimia.com\\\/pt\\\/politica-de-privacidade\\\/#breadcrumb\",\"itemListElement\":[{\"@type\":\"ListItem\",\"position\":1,\"name\":\"Portada\",\"item\":\"https:\\\/\\\/www.proquimia.com\\\/pt\\\/\"},{\"@type\":\"ListItem\",\"position\":2,\"name\":\"Pol\u00edtica de privacidade\"}]},{\"@type\":\"WebSite\",\"@id\":\"https:\\\/\\\/www.proquimia.com\\\/pt\\\/#website\",\"url\":\"https:\\\/\\\/www.proquimia.com\\\/pt\\\/\",\"name\":\"Proquimia\",\"description\":\"Soluciones qu\u00edmicas y Productos de Limpieza Industrial\",\"publisher\":{\"@id\":\"https:\\\/\\\/www.proquimia.com\\\/pt\\\/#organization\"},\"potentialAction\":[{\"@type\":\"SearchAction\",\"target\":{\"@type\":\"EntryPoint\",\"urlTemplate\":\"https:\\\/\\\/www.proquimia.com\\\/pt\\\/?s={search_term_string}\"},\"query-input\":{\"@type\":\"PropertyValueSpecification\",\"valueRequired\":true,\"valueName\":\"search_term_string\"}}],\"inLanguage\":\"pt-PT\"},{\"@type\":\"Organization\",\"@id\":\"https:\\\/\\\/www.proquimia.com\\\/pt\\\/#organization\",\"name\":\"Proquimia\",\"url\":\"https:\\\/\\\/www.proquimia.com\\\/pt\\\/\",\"logo\":{\"@type\":\"ImageObject\",\"inLanguage\":\"pt-PT\",\"@id\":\"https:\\\/\\\/www.proquimia.com\\\/pt\\\/#\\\/schema\\\/logo\\\/image\\\/\",\"url\":\"https:\\\/\\\/www.proquimia.com\\\/wp-content\\\/uploads\\\/proquimia-logo-yoast.png\",\"contentUrl\":\"https:\\\/\\\/www.proquimia.com\\\/wp-content\\\/uploads\\\/proquimia-logo-yoast.png\",\"width\":696,\"height\":696,\"caption\":\"Proquimia\"},\"image\":{\"@id\":\"https:\\\/\\\/www.proquimia.com\\\/pt\\\/#\\\/schema\\\/logo\\\/image\\\/\"},\"sameAs\":[\"https:\\\/\\\/www.facebook.com\\\/proquimia\",\"https:\\\/\\\/x.com\\\/proquimia71\",\"https:\\\/\\\/www.instagram.com\\\/proquimia_co\\\/\",\"http:\\\/\\\/www.linkedin.com\\\/company\\\/proquimia\",\"http:\\\/\\\/www.youtube.com\\\/user\\\/proquimiavic\"]}]}<\/script>\n<!-- \/ Yoast SEO plugin. -->","yoast_head_json":{"title":"Pol\u00edtica de privacidade - Proquimia","robots":{"index":"index","follow":"follow","max-snippet":"max-snippet:-1","max-image-preview":"max-image-preview:large","max-video-preview":"max-video-preview:-1"},"canonical":"https:\/\/www.proquimia.com\/pt\/politica-de-privacidade\/","og_locale":"pt_PT","og_type":"article","og_title":"Pol\u00edtica de privacidade - Proquimia","og_description":"Pol\u00edtica de privacidade RESPONS\u00c1VEL DO TRATAMENTO: PROQUIMIA, S.A. NIF: A08288490 Postal Address: Ctra. de Prats, n\u00ba 6 08500 VIC (Barcelona) Telephone: 938832353 Email: gestionintegral@proquimia.com &nbsp; FINALIDADE DO TRATAMENTO: Na PROQUIMIA, S.A. processamos os dados que nos s\u00e3o fornecidos pelos nossos clientes, fornecedores, colaboradores, candidatos e\/ou partes interessadas para os seguintes fins: - Manter a rela\u00e7\u00e3o [&hellip;]","og_url":"https:\/\/www.proquimia.com\/pt\/politica-de-privacidade\/","og_site_name":"Proquimia","article_publisher":"https:\/\/www.facebook.com\/proquimia","twitter_card":"summary_large_image","twitter_site":"@proquimia71","twitter_misc":{"Tempo estimado de leitura":"4 minutos"},"schema":{"@context":"https:\/\/schema.org","@graph":[{"@type":"WebPage","@id":"https:\/\/www.proquimia.com\/pt\/politica-de-privacidade\/","url":"https:\/\/www.proquimia.com\/pt\/politica-de-privacidade\/","name":"Pol\u00edtica de privacidade - Proquimia","isPartOf":{"@id":"https:\/\/www.proquimia.com\/pt\/#website"},"datePublished":"2021-09-23T06:22:41+00:00","breadcrumb":{"@id":"https:\/\/www.proquimia.com\/pt\/politica-de-privacidade\/#breadcrumb"},"inLanguage":"pt-PT","potentialAction":[{"@type":"ReadAction","target":["https:\/\/www.proquimia.com\/pt\/politica-de-privacidade\/"]}]},{"@type":"BreadcrumbList","@id":"https:\/\/www.proquimia.com\/pt\/politica-de-privacidade\/#breadcrumb","itemListElement":[{"@type":"ListItem","position":1,"name":"Portada","item":"https:\/\/www.proquimia.com\/pt\/"},{"@type":"ListItem","position":2,"name":"Pol\u00edtica de privacidade"}]},{"@type":"WebSite","@id":"https:\/\/www.proquimia.com\/pt\/#website","url":"https:\/\/www.proquimia.com\/pt\/","name":"Proquimia","description":"Soluciones qu\u00edmicas y Productos de Limpieza Industrial","publisher":{"@id":"https:\/\/www.proquimia.com\/pt\/#organization"},"potentialAction":[{"@type":"SearchAction","target":{"@type":"EntryPoint","urlTemplate":"https:\/\/www.proquimia.com\/pt\/?s={search_term_string}"},"query-input":{"@type":"PropertyValueSpecification","valueRequired":true,"valueName":"search_term_string"}}],"inLanguage":"pt-PT"},{"@type":"Organization","@id":"https:\/\/www.proquimia.com\/pt\/#organization","name":"Proquimia","url":"https:\/\/www.proquimia.com\/pt\/","logo":{"@type":"ImageObject","inLanguage":"pt-PT","@id":"https:\/\/www.proquimia.com\/pt\/#\/schema\/logo\/image\/","url":"https:\/\/www.proquimia.com\/wp-content\/uploads\/proquimia-logo-yoast.png","contentUrl":"https:\/\/www.proquimia.com\/wp-content\/uploads\/proquimia-logo-yoast.png","width":696,"height":696,"caption":"Proquimia"},"image":{"@id":"https:\/\/www.proquimia.com\/pt\/#\/schema\/logo\/image\/"},"sameAs":["https:\/\/www.facebook.com\/proquimia","https:\/\/x.com\/proquimia71","https:\/\/www.instagram.com\/proquimia_co\/","http:\/\/www.linkedin.com\/company\/proquimia","http:\/\/www.youtube.com\/user\/proquimiavic"]}]}},"_links":{"self":[{"href":"https:\/\/www.proquimia.com\/pt\/wp-json\/wp\/v2\/pages\/59332","targetHints":{"allow":["GET"]}}],"collection":[{"href":"https:\/\/www.proquimia.com\/pt\/wp-json\/wp\/v2\/pages"}],"about":[{"href":"https:\/\/www.proquimia.com\/pt\/wp-json\/wp\/v2\/types\/page"}],"author":[{"embeddable":true,"href":"https:\/\/www.proquimia.com\/pt\/wp-json\/wp\/v2\/users\/1"}],"replies":[{"embeddable":true,"href":"https:\/\/www.proquimia.com\/pt\/wp-json\/wp\/v2\/comments?post=59332"}],"version-history":[{"count":0,"href":"https:\/\/www.proquimia.com\/pt\/wp-json\/wp\/v2\/pages\/59332\/revisions"}],"wp:attachment":[{"href":"https:\/\/www.proquimia.com\/pt\/wp-json\/wp\/v2\/media?parent=59332"}],"curies":[{"name":"wp","href":"https:\/\/api.w.org\/{rel}","templated":true}]}}