{"id":44212,"date":"2023-07-05T11:55:04","date_gmt":"2023-07-05T09:55:04","guid":{"rendered":"https:\/\/www.proquimia.com\/?page_id=44212"},"modified":"2026-01-20T10:29:55","modified_gmt":"2026-01-20T09:29:55","slug":"sistema-interno-de-informacao","status":"publish","type":"page","link":"https:\/\/www.proquimia.com\/pt-pt\/sistema-interno-de-informacao\/","title":{"rendered":"SISTEMA INTERNO DE INFORMA\u00c7\u00c3O"},"content":{"rendered":"<div class=\"vce-row-container\" data-vce-boxed-width=\"true\"><div class=\"vce-row vce-row--col-gap-30 vce-row-equal-height vce-row-content--top\" id=\"el-c3d27465\" data-vce-do-apply=\"all el-c3d27465\"><div class=\"vce-row-content\" data-vce-element-content=\"true\"><div class=\"vce-col vce-col--md-auto vce-col--xs-1 vce-col--xs-last vce-col--xs-first vce-col--sm-last vce-col--sm-first vce-col--md-last vce-col--lg-last vce-col--xl-last vce-col--md-first vce-col--lg-first vce-col--xl-first\" id=\"el-5844986b\"><div class=\"vce-col-inner\" data-vce-do-apply=\"border margin background  el-5844986b\"><div class=\"vce-col-content\" data-vce-element-content=\"true\" data-vce-do-apply=\"padding el-5844986b\"><div class=\"vce-text-block\"><div class=\"vce-text-block-wrapper vce\" id=\"el-f4c755a7\" data-vce-do-apply=\"all el-f4c755a7\"><h1><span style=\"color: #000080;\"><strong>Sistema interno de Informa\u00e7\u00e3o<\/strong><\/span><\/h1><p><strong>I.- SISTEMA INTERNO DE INFORMA\u00c7\u00c3O<\/strong><\/p><p>Em cumprimento da Lei n.\u00ba 2\/2023, de 20 de fevereiro, que regula a prote\u00e7\u00e3o das pessoas que denunciam infra\u00e7\u00f5es regulamentares e a luta contra a corrup\u00e7\u00e3o, a PROQUIMIA, S.A. (doravante designada por \"PROQUIMIA\" ou \"a empresa\") informa que disp\u00f5e de um Sistema de Informa\u00e7\u00e3o Interno, sendo a empresa respons\u00e1vel pelo tratamento de dados pessoais em conformidade com o disposto na legisla\u00e7\u00e3o em vigor nesta mat\u00e9ria.<\/p><p>Com o objetivo de refor\u00e7ar a cultura de informa\u00e7\u00e3o e as infraestruturas de integridade do PROQUIMIA e de promover a cultura de comunica\u00e7\u00e3o como mecanismo de preven\u00e7\u00e3o de atividades ou omiss\u00f5es que possam constituir infra\u00e7\u00f5es comunit\u00e1rias, penais, administrativas ou laborais graves ou muito graves em mat\u00e9ria de sa\u00fade e seguran\u00e7a, a empresa disp\u00f5e de um Comit\u00e9 de Compliance Penal (CCP), cujos membros s\u00e3o tamb\u00e9m Respons\u00e1veis pelo Sistema de Informa\u00e7\u00e3o Interno (RSII). Atualmente, este Comit\u00e9 \u00e9 constitu\u00eddo O Diretor da \u00e1rea de Gest\u00e3o Integrada e o respons\u00e1vel pela \u00e1rea de Recursos Humanos. Nesse sentido, o Diretor foi delegado. no Diretor da \u00e1rea de Gest\u00e3o Integrada a gest\u00e3o deste Sistema e o tratamento dos processos de averigua\u00e7\u00e3o das informa\u00e7\u00f5es recebidas atrav\u00e9s do Canal \u00c9tico (Canal de Informa\u00e7\u00e3o Interna), abrangidos pelo referido regulamento.<\/p><p>As informa\u00e7\u00f5es acima mencionadas podem ser enviadas por qualquer um dos seguintes meios:<\/p><ul><li>Na plataforma de comunica\u00e7\u00f5es disponibilizada pela empresa, \u00e0 qual os colaboradores podem aceder atrav\u00e9s da intranet corporativa: My Proquimia \/ RH \/ Canal de den\u00fancias; e, para pessoas externas \u00e0 organiza\u00e7\u00e3o, o acesso \u00e9 realizado atrav\u00e9s do procedimento indicado no site corporativo, na sec\u00e7\u00e3o \u201cCanal \u00c9tico\u201d dentro da \u00e1rea Contacto.<\/li><li>Para o endere\u00e7o postal: Carretera de Prats de Llu\u00e7an\u00e8s, n.\u00ba 6, Vic (Barcelona) -\u00c0 aten\u00e7\u00e3o do Comit\u00e9 de Vigil\u00e2ncia Criminal e das pessoas do RSII<\/li><li>Por carta entregue a qualquer um dos membros do Comit\u00e9 de Vigil\u00e2ncia Criminal e das pessoas do RSII<\/li><\/ul><p>A pedido do autor da den\u00fancia, a comunica\u00e7\u00e3o pode tamb\u00e9m ser feita atrav\u00e9s de uma reuni\u00e3o presencial com os membros do Comit\u00e9 de Conformidade Penal e com as pessoas nomeadas para o RSII, num prazo m\u00e1ximo de sete dias.<\/p><p>As comunica\u00e7\u00f5es orais efetuadas atrav\u00e9s de uma reuni\u00e3o presencial devem ser documentadas de uma das seguintes formas, sob reserva do consentimento do autor da comunica\u00e7\u00e3o:<\/p><ol><li>a) atrav\u00e9s de uma grava\u00e7\u00e3o da conversa num formato seguro, duradouro e acess\u00edvel, ou<\/li><\/ol><p><em>(*) O denunciante ser\u00e1 avisado de que a comunica\u00e7\u00e3o ser\u00e1 registada e ser\u00e1 informado do tratamento dos seus dados em conformidade com as disposi\u00e7\u00f5es do Regulamento (UE) 2016\/679 do Parlamento Europeu e do Conselho, de 27 de abril de 2016.<\/em><\/p><ol><li>b) atrav\u00e9s de uma transcri\u00e7\u00e3o completa e rigorosa da conversa efectuada pelo pessoal encarregado de a tratar.<\/li><\/ol><p>Sem preju\u00edzo dos direitos que lhe s\u00e3o conferidos pela regulamenta\u00e7\u00e3o em mat\u00e9ria de prote\u00e7\u00e3o de dados, o autor da den\u00fancia tem a possibilidade de verificar, retificar e aceitar a transcri\u00e7\u00e3o da conversa, assinando-a.<\/p><p>O sistema de comunica\u00e7\u00e3o interna cumpre os requisitos do n.\u00ba 2 do artigo 5.\u00ba da referida lei:<\/p><p>a). &nbsp;Permite que as pessoas a quem a lei se aplica comuniquem informa\u00e7\u00f5es, por diversos meios, sobre as infra\u00e7\u00f5es previstas no artigo 2.<\/p><p>b). \u00c9 gerido de forma segura, garantindo o tratamento eficaz das comunica\u00e7\u00f5es dentro das empresas, bem como a confidencialidade da identidade do informador e de qualquer terceiro mencionado na comunica\u00e7\u00e3o e das a\u00e7\u00f5es realizadas na gest\u00e3o e tratamento da comunica\u00e7\u00e3o, bem como a prote\u00e7\u00e3o dos dados, impedindo o acesso de pessoal n\u00e3o autorizado.<\/p><p>c). Disp\u00f5e de um protocolo que estabelece garantias para a prote\u00e7\u00e3o dos informadores:<\/p><ul><li>Comprovativo de rece\u00e7\u00e3o no prazo de sete dias de calend\u00e1rio a contar da rece\u00e7\u00e3o da informa\u00e7\u00e3o.<\/li><li>Prazo m\u00e1ximo de tr\u00eas meses para responder \u00e0s a\u00e7\u00f5es de investiga\u00e7\u00e3o, nos termos do artigo 9\u00ba da Lei, preenchendo e mantendo diligentemente um Livro-Registo de Informa\u00e7\u00f5es.<\/li><li>Possibilidade de manter comunica\u00e7\u00e3o com o informador.<\/li><li>Estabelecimento do direito da pessoa afetada a ser informada das a\u00e7\u00f5es ou omiss\u00f5es que lhe s\u00e3o imputadas e a ser ouvida.<\/li><li>Garantia de confidencialidade quando a comunica\u00e7\u00e3o for enviada atrav\u00e9s de canais de comunica\u00e7\u00e3o n\u00e3o estabelecidos ou a pessoal n\u00e3o respons\u00e1vel pelo seu processamento, bem como a obriga\u00e7\u00e3o de a pessoa que a recebe a encaminhar imediatamente para a pessoa respons\u00e1vel pelo sistema.<\/li><li>Respeito pela presun\u00e7\u00e3o de inoc\u00eancia e pela honra das pessoas afetadas.<\/li><li>Respeito pelas disposi\u00e7\u00f5es relativas \u00e0 prote\u00e7\u00e3o de dados (T\u00edtulo VI da referida lei).<\/li><li>Compromisso de transmitir imediatamente a informa\u00e7\u00e3o ao Minist\u00e9rio P\u00fablico quando os factos possam ser indicativos de um crime.<\/li><\/ul><p><strong>&nbsp;<\/strong><\/p><p><strong>II.- TRATAMENTO DE DADOS PESSOAIS<\/strong><\/p><p>A PROQUIMIA tratar\u00e1 os dados pessoais inclu\u00eddos nas comunica\u00e7\u00f5es recebidas e abrangidas pela Lei 2\/2023, na qualidade de respons\u00e1vel pelo tratamento, para poder geri-los e iniciar, se for caso disso, o correspondente procedimento de investiga\u00e7\u00e3o. A base legal para o tratamento ser\u00e1 o cumprimento de uma obriga\u00e7\u00e3o legal, derivada da referida Lei. Se a comunica\u00e7\u00e3o contiver dados de natureza especial, a base legal ser\u00e1 o interesse p\u00fablico essencial e outras disposi\u00e7\u00f5es estabelecidas no par\u00e1grafo 2 do art. 9.2. do Regulamento (UE) 2016\/679 do Parlamento Europeu e do Conselho, de 27 de abril de 2016, relativo \u00e0 prote\u00e7\u00e3o das pessoas singulares no que diz respeito ao tratamento de dados pessoais.<\/p><p>Da mesma forma, foi indicado que esses dados pessoais podem ser processados e transferidos por pessoal autorizado somente quando necess\u00e1rio para a ado\u00e7\u00e3o de medidas corretivas na empresa ou para o processamento de procedimentos sancionat\u00f3rios ou criminais que, quando apropriado, possam ser aplic\u00e1veis. Os dados pessoais ser\u00e3o conservados durante o tempo necess\u00e1rio para decidir se se deve dar in\u00edcio a uma investiga\u00e7\u00e3o sobre os factos comunicados. Em qualquer caso, se esta decis\u00e3o n\u00e3o for tomada no prazo de tr\u00eas meses, os dados pessoais contidos na comunica\u00e7\u00e3o ser\u00e3o apagados, exceto para efeitos de manuten\u00e7\u00e3o de provas do funcionamento do sistema.<\/p><p>Os dados pessoais que n\u00e3o sejam considerados verdadeiros ser\u00e3o igualmente apagados, exceto se essa falta de veracidade puder constituir uma infra\u00e7\u00e3o penal, caso em que as informa\u00e7\u00f5es ser\u00e3o mantidas durante o tempo necess\u00e1rio para o desenrolar do processo judicial.<\/p><p>Por \u00faltimo, informa-se que, a qualquer momento, a pessoa que comunica os dados pode solicitar ao respons\u00e1vel pelo tratamento o acesso aos seus dados pessoais, a sua retifica\u00e7\u00e3o ou elimina\u00e7\u00e3o, ou a limita\u00e7\u00e3o do seu tratamento, ou opor-se ao mesmo, bem como o direito \u00e0 portabilidade dos dados, enviando uma carta acompanhada de uma fotoc\u00f3pia do seu documento de identidade para o endere\u00e7o eletr\u00f3nico gestionintegral@proquimia.com. Em caso de desacordo com o tratamento dos seus dados, pode apresentar uma reclama\u00e7\u00e3o junto da Ag\u00eancia Espanhola de Prote\u00e7\u00e3o de Dados, que \u00e9 a autoridade de controlo neste dom\u00ednio, localizada no endere\u00e7o C\/ Jorge Juan, 6 (28001) Madrid (<a href=\"http:\/\/www.aepd.es\">www.aepd.es<\/a>).<\/p><p><strong>III.- SEM REPRES\u00c1LIA<\/strong><\/p><p>O PROQUIMIA compromete-se expressamente a n\u00e3o praticar atos que constituam repres\u00e1lias, incluindo amea\u00e7as ou tentativas de repres\u00e1lias contra as pessoas que apresentem uma comunica\u00e7\u00e3o, em conformidade com as disposi\u00e7\u00f5es da Lei 2\/2023, e a aplicar medidas de prote\u00e7\u00e3o durante o tratamento de um dossi\u00ea, no que diz respeito \u00e0s pessoas afetadas por uma eventual comunica\u00e7\u00e3o.<\/p><p><strong>IV.- ISEN\u00c7\u00c3O E ATENUA\u00c7\u00c3O DA SAN\u00c7\u00c3O<\/strong><\/p><p>Quando uma pessoa que tenha participado na pr\u00e1tica da infra\u00e7\u00e3o administrativa objeto da informa\u00e7\u00e3o \u00e9 quem comunica a sua exist\u00eancia atrav\u00e9s da apresenta\u00e7\u00e3o da informa\u00e7\u00e3o (e desde que a informa\u00e7\u00e3o tenha sido apresentada antes da notifica\u00e7\u00e3o da abertura do procedimento de investiga\u00e7\u00e3o ou sancionat\u00f3rio), o \u00f3rg\u00e3o competente para a resolu\u00e7\u00e3o do procedimento, atrav\u00e9s de resolu\u00e7\u00e3o fundamentada, pode isent\u00e1-la do cumprimento da san\u00e7\u00e3o administrativa correspondente, desde que sejam cumpridos os pontos mencionados no artigo 40.<\/p><p><em>(*) O Canal Interno permite a apresenta\u00e7\u00e3o de comunica\u00e7\u00f5es an\u00f3nimas.<\/em><\/p><p><em>(**) Embora, sempre que poss\u00edvel, seja dada prefer\u00eancia \u00e0 utiliza\u00e7\u00e3o do canal interno, em fun\u00e7\u00e3o das circunst\u00e2ncias e da gravidade da informa\u00e7\u00e3o e se o informador assim o decidir, as comunica\u00e7\u00f5es podem ser enviadas, se for caso disso,\u00e0 Autoridade Independente de Prote\u00e7\u00e3o aos Denunciantes em n\u00edvel nacional ou regional, ao Minist\u00e9rio P\u00fablico ou \u00e0 Procuradoria Europeia, conforme o caso.<\/em><\/p><\/div><\/div><\/div><\/div><\/div><\/div><\/div><\/div>\n","protected":false},"excerpt":{"rendered":"<p>Sistema interno de Informa\u00e7\u00e3oI.- SISTEMA INTERNO DE INFORMA\u00c7\u00c3OEm cumprimento da Lei n.\u00ba 2\/2023, de 20 de fevereiro, que regula a prote\u00e7\u00e3o das pessoas que denunciam infra\u00e7\u00f5es regulamentares e a luta contra a corrup\u00e7\u00e3o, a PROQUIMIA, S.A. (doravante designada por &#8220;PROQUIMIA&#8221; ou &#8220;a empresa&#8221;) informa que disp\u00f5e de um Sistema de Informa\u00e7\u00e3o Interno, sendo a empresa [&hellip;]<\/p>\n","protected":false},"author":3,"featured_media":0,"parent":0,"menu_order":0,"comment_status":"closed","ping_status":"closed","template":"","meta":{"_acf_changed":false,"inline_featured_image":false,"footnotes":""},"class_list":["post-44212","page","type-page","status-publish","hentry"],"acf":[],"yoast_head":"<!-- This site is optimized with the Yoast SEO plugin v27.1.1 - https:\/\/yoast.com\/product\/yoast-seo-wordpress\/ -->\n<title>SISTEMA INTERNO DE INFORMA\u00c7\u00c3O - Proquimia<\/title>\n<meta name=\"robots\" content=\"noindex, nofollow\" \/>\n<meta property=\"og:locale\" content=\"pt_PT\" \/>\n<meta property=\"og:type\" content=\"article\" \/>\n<meta property=\"og:title\" content=\"SISTEMA INTERNO DE INFORMA\u00c7\u00c3O - Proquimia\" \/>\n<meta property=\"og:description\" content=\"Sistema interno de Informa\u00e7\u00e3oI.- SISTEMA INTERNO DE INFORMA\u00c7\u00c3OEm cumprimento da Lei n.\u00ba 2\/2023, de 20 de fevereiro, que regula a prote\u00e7\u00e3o das pessoas que denunciam infra\u00e7\u00f5es regulamentares e a luta contra a corrup\u00e7\u00e3o, a PROQUIMIA, S.A. (doravante designada por &quot;PROQUIMIA&quot; ou &quot;a empresa&quot;) informa que disp\u00f5e de um Sistema de Informa\u00e7\u00e3o Interno, sendo a empresa [&hellip;]\" \/>\n<meta property=\"og:url\" content=\"https:\/\/www.proquimia.com\/pt-pt\/sistema-interno-de-informacao\/\" \/>\n<meta property=\"og:site_name\" content=\"Proquimia\" \/>\n<meta property=\"article:publisher\" content=\"https:\/\/www.facebook.com\/proquimia\" \/>\n<meta property=\"article:modified_time\" content=\"2026-01-20T09:29:55+00:00\" \/>\n<meta name=\"twitter:card\" content=\"summary_large_image\" \/>\n<meta name=\"twitter:site\" content=\"@proquimia71\" \/>\n<meta name=\"twitter:label1\" content=\"Tempo estimado de leitura\" \/>\n\t<meta name=\"twitter:data1\" content=\"7 minutos\" \/>\n<script type=\"application\/ld+json\" class=\"yoast-schema-graph\">{\"@context\":\"https:\/\/schema.org\",\"@graph\":[{\"@type\":\"WebPage\",\"@id\":\"https:\/\/www.proquimia.com\/pt-pt\/sistema-interno-de-informacao\/\",\"url\":\"https:\/\/www.proquimia.com\/pt-pt\/sistema-interno-de-informacao\/\",\"name\":\"SISTEMA INTERNO DE INFORMA\u00c7\u00c3O - Proquimia\",\"isPartOf\":{\"@id\":\"https:\/\/www.proquimia.com\/pt-pt\/#website\"},\"datePublished\":\"2023-07-05T09:55:04+00:00\",\"dateModified\":\"2026-01-20T09:29:55+00:00\",\"breadcrumb\":{\"@id\":\"https:\/\/www.proquimia.com\/pt-pt\/sistema-interno-de-informacao\/#breadcrumb\"},\"inLanguage\":\"pt-PT\",\"potentialAction\":[{\"@type\":\"ReadAction\",\"target\":[\"https:\/\/www.proquimia.com\/pt-pt\/sistema-interno-de-informacao\/\"]}]},{\"@type\":\"BreadcrumbList\",\"@id\":\"https:\/\/www.proquimia.com\/pt-pt\/sistema-interno-de-informacao\/#breadcrumb\",\"itemListElement\":[{\"@type\":\"ListItem\",\"position\":1,\"name\":\"Portada\",\"item\":\"https:\/\/www.proquimia.com\/pt-pt\/\"},{\"@type\":\"ListItem\",\"position\":2,\"name\":\"SISTEMA INTERNO DE INFORMA\u00c7\u00c3O\"}]},{\"@type\":\"WebSite\",\"@id\":\"https:\/\/www.proquimia.com\/pt-pt\/#website\",\"url\":\"https:\/\/www.proquimia.com\/pt-pt\/\",\"name\":\"Proquimia\",\"description\":\"Soluciones qu\u00edmicas y Productos de Limpieza Industrial\",\"publisher\":{\"@id\":\"https:\/\/www.proquimia.com\/pt-pt\/#organization\"},\"potentialAction\":[{\"@type\":\"SearchAction\",\"target\":{\"@type\":\"EntryPoint\",\"urlTemplate\":\"https:\/\/www.proquimia.com\/pt-pt\/?s={search_term_string}\"},\"query-input\":{\"@type\":\"PropertyValueSpecification\",\"valueRequired\":true,\"valueName\":\"search_term_string\"}}],\"inLanguage\":\"pt-PT\"},{\"@type\":\"Organization\",\"@id\":\"https:\/\/www.proquimia.com\/pt-pt\/#organization\",\"name\":\"Proquimia\",\"url\":\"https:\/\/www.proquimia.com\/pt-pt\/\",\"logo\":{\"@type\":\"ImageObject\",\"inLanguage\":\"pt-PT\",\"@id\":\"https:\/\/www.proquimia.com\/pt-pt\/#\/schema\/logo\/image\/\",\"url\":\"https:\/\/www.proquimia.com\/wp-content\/uploads\/proquimia-logo-yoast.png\",\"contentUrl\":\"https:\/\/www.proquimia.com\/wp-content\/uploads\/proquimia-logo-yoast.png\",\"width\":696,\"height\":696,\"caption\":\"Proquimia\"},\"image\":{\"@id\":\"https:\/\/www.proquimia.com\/pt-pt\/#\/schema\/logo\/image\/\"},\"sameAs\":[\"https:\/\/www.facebook.com\/proquimia\",\"https:\/\/x.com\/proquimia71\",\"https:\/\/www.instagram.com\/proquimia_co\/\",\"http:\/\/www.linkedin.com\/company\/proquimia\",\"http:\/\/www.youtube.com\/user\/proquimiavic\"]}]}<\/script>\n<!-- \/ Yoast SEO plugin. -->","yoast_head_json":{"title":"SISTEMA INTERNO DE INFORMA\u00c7\u00c3O - Proquimia","robots":{"index":"noindex","follow":"nofollow"},"og_locale":"pt_PT","og_type":"article","og_title":"SISTEMA INTERNO DE INFORMA\u00c7\u00c3O - Proquimia","og_description":"Sistema interno de Informa\u00e7\u00e3oI.- SISTEMA INTERNO DE INFORMA\u00c7\u00c3OEm cumprimento da Lei n.\u00ba 2\/2023, de 20 de fevereiro, que regula a prote\u00e7\u00e3o das pessoas que denunciam infra\u00e7\u00f5es regulamentares e a luta contra a corrup\u00e7\u00e3o, a PROQUIMIA, S.A. (doravante designada por \"PROQUIMIA\" ou \"a empresa\") informa que disp\u00f5e de um Sistema de Informa\u00e7\u00e3o Interno, sendo a empresa [&hellip;]","og_url":"https:\/\/www.proquimia.com\/pt-pt\/sistema-interno-de-informacao\/","og_site_name":"Proquimia","article_publisher":"https:\/\/www.facebook.com\/proquimia","article_modified_time":"2026-01-20T09:29:55+00:00","twitter_card":"summary_large_image","twitter_site":"@proquimia71","twitter_misc":{"Tempo estimado de leitura":"7 minutos"},"schema":{"@context":"https:\/\/schema.org","@graph":[{"@type":"WebPage","@id":"https:\/\/www.proquimia.com\/pt-pt\/sistema-interno-de-informacao\/","url":"https:\/\/www.proquimia.com\/pt-pt\/sistema-interno-de-informacao\/","name":"SISTEMA INTERNO DE INFORMA\u00c7\u00c3O - Proquimia","isPartOf":{"@id":"https:\/\/www.proquimia.com\/pt-pt\/#website"},"datePublished":"2023-07-05T09:55:04+00:00","dateModified":"2026-01-20T09:29:55+00:00","breadcrumb":{"@id":"https:\/\/www.proquimia.com\/pt-pt\/sistema-interno-de-informacao\/#breadcrumb"},"inLanguage":"pt-PT","potentialAction":[{"@type":"ReadAction","target":["https:\/\/www.proquimia.com\/pt-pt\/sistema-interno-de-informacao\/"]}]},{"@type":"BreadcrumbList","@id":"https:\/\/www.proquimia.com\/pt-pt\/sistema-interno-de-informacao\/#breadcrumb","itemListElement":[{"@type":"ListItem","position":1,"name":"Portada","item":"https:\/\/www.proquimia.com\/pt-pt\/"},{"@type":"ListItem","position":2,"name":"SISTEMA INTERNO DE INFORMA\u00c7\u00c3O"}]},{"@type":"WebSite","@id":"https:\/\/www.proquimia.com\/pt-pt\/#website","url":"https:\/\/www.proquimia.com\/pt-pt\/","name":"Proquimia","description":"Soluciones qu\u00edmicas y Productos de Limpieza Industrial","publisher":{"@id":"https:\/\/www.proquimia.com\/pt-pt\/#organization"},"potentialAction":[{"@type":"SearchAction","target":{"@type":"EntryPoint","urlTemplate":"https:\/\/www.proquimia.com\/pt-pt\/?s={search_term_string}"},"query-input":{"@type":"PropertyValueSpecification","valueRequired":true,"valueName":"search_term_string"}}],"inLanguage":"pt-PT"},{"@type":"Organization","@id":"https:\/\/www.proquimia.com\/pt-pt\/#organization","name":"Proquimia","url":"https:\/\/www.proquimia.com\/pt-pt\/","logo":{"@type":"ImageObject","inLanguage":"pt-PT","@id":"https:\/\/www.proquimia.com\/pt-pt\/#\/schema\/logo\/image\/","url":"https:\/\/www.proquimia.com\/wp-content\/uploads\/proquimia-logo-yoast.png","contentUrl":"https:\/\/www.proquimia.com\/wp-content\/uploads\/proquimia-logo-yoast.png","width":696,"height":696,"caption":"Proquimia"},"image":{"@id":"https:\/\/www.proquimia.com\/pt-pt\/#\/schema\/logo\/image\/"},"sameAs":["https:\/\/www.facebook.com\/proquimia","https:\/\/x.com\/proquimia71","https:\/\/www.instagram.com\/proquimia_co\/","http:\/\/www.linkedin.com\/company\/proquimia","http:\/\/www.youtube.com\/user\/proquimiavic"]}]}},"_links":{"self":[{"href":"https:\/\/www.proquimia.com\/pt-pt\/wp-json\/wp\/v2\/pages\/44212","targetHints":{"allow":["GET"]}}],"collection":[{"href":"https:\/\/www.proquimia.com\/pt-pt\/wp-json\/wp\/v2\/pages"}],"about":[{"href":"https:\/\/www.proquimia.com\/pt-pt\/wp-json\/wp\/v2\/types\/page"}],"author":[{"embeddable":true,"href":"https:\/\/www.proquimia.com\/pt-pt\/wp-json\/wp\/v2\/users\/3"}],"replies":[{"embeddable":true,"href":"https:\/\/www.proquimia.com\/pt-pt\/wp-json\/wp\/v2\/comments?post=44212"}],"version-history":[{"count":5,"href":"https:\/\/www.proquimia.com\/pt-pt\/wp-json\/wp\/v2\/pages\/44212\/revisions"}],"predecessor-version":[{"id":58304,"href":"https:\/\/www.proquimia.com\/pt-pt\/wp-json\/wp\/v2\/pages\/44212\/revisions\/58304"}],"wp:attachment":[{"href":"https:\/\/www.proquimia.com\/pt-pt\/wp-json\/wp\/v2\/media?parent=44212"}],"curies":[{"name":"wp","href":"https:\/\/api.w.org\/{rel}","templated":true}]}}