{"id":38645,"date":"2022-04-27T14:45:16","date_gmt":"2022-04-27T12:45:16","guid":{"rendered":"https:\/\/www.proquimia.com\/?page_id=38645"},"modified":"2022-05-03T07:52:39","modified_gmt":"2022-05-03T05:52:39","slug":"politica-de-tratamento-de-incidenencias-reclamacoes","status":"publish","type":"page","link":"https:\/\/www.proquimia.com\/pt-pt\/politica-de-tratamento-de-incidenencias-reclamacoes\/","title":{"rendered":"Pol\u00edtica de tratamento de inciden\u00eancias &#038; reclama\u00e7\u00f5es"},"content":{"rendered":"<div class=\"vce-row-container\" data-vce-boxed-width=\"true\"><div class=\"vce-row vce-row--col-gap-30 vce-row-equal-height vce-row-content--top\" id=\"el-d40ce583\" data-vce-do-apply=\"all el-d40ce583\"><div class=\"vce-content-background-container\"><\/div><div class=\"vce-row-content\" data-vce-element-content=\"true\"><div class=\"vce-col vce-col--xs-100p vce-col--xs-visible vce-col--xs-last vce-col--xs-first vce-col--sm-100p vce-col--sm-visible vce-col--sm-last vce-col--sm-first vce-col--md-100p vce-col--md-visible vce-col--md-last vce-col--md-first vce-col--lg-16-66p vce-col--lg-visible vce-col--lg-first vce-col--xl-16-66p vce-col--xl-visible vce-col--xl-first\" id=\"el-dc19dca6\"><div class=\"vce-col-inner\" data-vce-do-apply=\"border margin background  el-dc19dca6\"><div class=\"vce-col-content\" data-vce-element-content=\"true\" data-vce-do-apply=\"padding el-dc19dca6\"><div><\/div><\/div><\/div><\/div><div class=\"vce-col vce-col--xs-100p vce-col--xs-visible vce-col--xs-last vce-col--xs-first vce-col--sm-100p vce-col--sm-visible vce-col--sm-last vce-col--sm-first vce-col--md-100p vce-col--md-visible vce-col--md-last vce-col--md-first vce-col--lg-66-66p vce-col--lg-visible vce-col--xl-66-66p vce-col--xl-visible\" id=\"el-6cc8df15\"><div class=\"vce-col-inner\" data-vce-do-apply=\"border margin background  el-6cc8df15\"><div class=\"vce-col-content\" data-vce-element-content=\"true\" data-vce-do-apply=\"padding el-6cc8df15\"><div class=\"vce-text-block\"><div class=\"vce-text-block-wrapper vce\" id=\"el-cdf80889\" data-vce-do-apply=\"all el-cdf80889\"><h1 class=\"title\">Pol\u00edtica de tratamento de incid\u00eancias &amp; reclama\u00e7\u00f5es&nbsp;<\/h1>\n<div>A PROQUIMIA Portugal, enquadrada no que s\u00e3o os objetivos estrat\u00e9gicos do GRUPO PROQUIMIA S.A., pretende ir ao encontro das necessidades e expectativas dos Clientes, atrav\u00e9s da comercializa\u00e7\u00e3o de especialidades qu\u00edmicas que proporcionam solu\u00e7\u00f5es integrais para contribuir para o progresso do setor industrial e institucional e do bem-estar dos nossos Clientes.<\/div>\n<div>&nbsp;<\/div>\n<div>\n<div>Com o objetivo de atingir o equil\u00edbrio entre a manuten\u00e7\u00e3o da rentabilidade e a redu\u00e7\u00e3o dos impactos no ambiente atrav\u00e9s da utiliza\u00e7\u00e3o eficiente dos recursos, cumprindo os requisitos legais aplic\u00e1veis, a PROQUIMIA Portugal no \u00e2mbito da sua total orienta\u00e7\u00e3o para os seus Clientes, assume com estes os seguintes compromissos: &nbsp;<\/div>\n<div>&nbsp;<\/div>\n<\/div>\n<div>\n<ul>\n<li>Pelo nosso elevado grau de especializa\u00e7\u00e3o e pela rela\u00e7\u00e3o qualidade de produto-servi\u00e7o comprometemo-nos a apresentar solu\u00e7\u00f5es, aplica\u00e7\u00f5es e sistemas que se adaptam constantemente a um mercado em mudan\u00e7a;<\/li>\n<li>Dar respostas espec\u00edficas a cada um dos problemas dos nossos Clientes, recomendando os produtos e equipamentos que melhor se adaptam \u00e0s diferentes necessidades de cada instala\u00e7\u00e3o e atendendo aos requisitos financeiros, operacionais e organizacionais;<\/li>\n<li>Medir, avaliar e monitorizar a Satisfa\u00e7\u00e3o dos nossos Clientes, implementando a\u00e7\u00f5es de acordo com os resultados obtidos;<\/li>\n<li>Trabalhar dia-a-dia para conseguir um equil\u00edbrio entre a manuten\u00e7\u00e3o da rentabilidade e a redu\u00e7\u00e3o dos impactos no ambiente;<\/li>\n<li>Assegurar, o estrito cumprimento da regulamenta\u00e7\u00e3o e quaisquer outras exig\u00eancias estatut\u00e1rias do Cliente.<\/li>\n<\/ul>\n<\/div>\n<div>&nbsp;<\/div>\n<div>A PROQUIMIA Portugal valoriza a opini\u00e3o dos seus Clientes, das suas Pessoas e de outras Partes Interessadas, considerando todas as sugest\u00f5es e reclama\u00e7\u00f5es, como oportunidades de melhoria, com vista ao fornecimento de produtos e servi\u00e7os que v\u00e3o ao encontro das necessidades dos Clientes.<\/div>\n<div>&nbsp;<\/div>\n<div>Desta forma, de acordo com os Princ\u00edpios Orientadores da Norma NP ISO 10002:2020, a PROQUIMIA Portugal , compromete-se a tratar todas as reclama\u00e7\u00f5es de forma c\u00e9lere, clara, objetiva e transparente, disponibilizando ao Cliente todas as informa\u00e7\u00f5es necess\u00e1rias, de uma forma gratuita, garantindo a confidencialidade dos dados do Cliente Reclamante.<\/div>\n<div>&nbsp;<\/div>\n<div>A PROQUIMIA Portugal, no seu desiderato de presta\u00e7\u00e3o de um servi\u00e7o de excel\u00eancia e melhoria cont\u00ednua dos seus produtos e servi\u00e7os, disponibiliza \u00e0s suas Pessoas os meios necess\u00e1rios para honrar este compromisso.<\/div>\n<div>&nbsp;<\/div>\n<div>Cristalina. Limpa. Clara.<\/div>\n<div>Assim \u00e9 a qu\u00edmica transparente da PROQUIMIA.<\/div>\n<div>&nbsp;<\/div>\n<div>A Gest\u00e3o de Topo<\/div>\n<div>Dezembro de 2021\"<\/div><\/div><\/div><\/div><\/div><\/div><div class=\"vce-col vce-col--xs-100p vce-col--xs-visible vce-col--xs-last vce-col--xs-first vce-col--sm-100p vce-col--sm-visible vce-col--sm-last vce-col--sm-first vce-col--md-100p vce-col--md-visible vce-col--md-last vce-col--md-first vce-col--lg-16-66p vce-col--lg-visible vce-col--lg-last vce-col--xl-16-66p vce-col--xl-visible vce-col--xl-last\" id=\"el-5f84ce91\"><div class=\"vce-col-inner\" data-vce-do-apply=\"border margin background  el-5f84ce91\"><div class=\"vce-col-content\" data-vce-element-content=\"true\" data-vce-do-apply=\"padding el-5f84ce91\"><div><\/div><\/div><\/div><\/div><\/div><\/div><\/div>","protected":false},"excerpt":{"rendered":"","protected":false},"author":5,"featured_media":0,"parent":0,"menu_order":0,"comment_status":"closed","ping_status":"closed","template":"","meta":{"_acf_changed":false,"inline_featured_image":false,"footnotes":""},"class_list":["post-38645","page","type-page","status-publish","hentry"],"acf":[],"yoast_head":"<!-- This site is optimized with the Yoast SEO plugin v27.1.1 - https:\/\/yoast.com\/product\/yoast-seo-wordpress\/ -->\n<title>Pol\u00edtica de tratamento de inciden\u00eancias &amp; reclama\u00e7\u00f5es - Proquimia<\/title>\n<meta name=\"robots\" content=\"noindex, nofollow\" \/>\n<meta property=\"og:locale\" content=\"pt_PT\" \/>\n<meta property=\"og:type\" content=\"article\" \/>\n<meta property=\"og:title\" content=\"Pol\u00edtica de tratamento de inciden\u00eancias &amp; reclama\u00e7\u00f5es - Proquimia\" \/>\n<meta property=\"og:url\" content=\"https:\/\/www.proquimia.com\/pt-pt\/politica-de-tratamento-de-incidenencias-reclamacoes\/\" \/>\n<meta property=\"og:site_name\" content=\"Proquimia\" \/>\n<meta property=\"article:publisher\" content=\"https:\/\/www.facebook.com\/proquimia\" \/>\n<meta property=\"article:modified_time\" content=\"2022-05-03T05:52:39+00:00\" \/>\n<meta name=\"twitter:card\" content=\"summary_large_image\" \/>\n<meta name=\"twitter:site\" content=\"@proquimia71\" \/>\n<meta name=\"twitter:label1\" content=\"Tempo estimado de leitura\" \/>\n\t<meta name=\"twitter:data1\" content=\"2 minutos\" \/>\n<script type=\"application\/ld+json\" class=\"yoast-schema-graph\">{\"@context\":\"https:\/\/schema.org\",\"@graph\":[{\"@type\":\"WebPage\",\"@id\":\"https:\/\/www.proquimia.com\/pt-pt\/politica-de-tratamento-de-incidenencias-reclamacoes\/\",\"url\":\"https:\/\/www.proquimia.com\/pt-pt\/politica-de-tratamento-de-incidenencias-reclamacoes\/\",\"name\":\"Pol\u00edtica de tratamento de inciden\u00eancias & reclama\u00e7\u00f5es - Proquimia\",\"isPartOf\":{\"@id\":\"https:\/\/www.proquimia.com\/pt-pt\/#website\"},\"datePublished\":\"2022-04-27T12:45:16+00:00\",\"dateModified\":\"2022-05-03T05:52:39+00:00\",\"breadcrumb\":{\"@id\":\"https:\/\/www.proquimia.com\/pt-pt\/politica-de-tratamento-de-incidenencias-reclamacoes\/#breadcrumb\"},\"inLanguage\":\"pt-PT\",\"potentialAction\":[{\"@type\":\"ReadAction\",\"target\":[\"https:\/\/www.proquimia.com\/pt-pt\/politica-de-tratamento-de-incidenencias-reclamacoes\/\"]}]},{\"@type\":\"BreadcrumbList\",\"@id\":\"https:\/\/www.proquimia.com\/pt-pt\/politica-de-tratamento-de-incidenencias-reclamacoes\/#breadcrumb\",\"itemListElement\":[{\"@type\":\"ListItem\",\"position\":1,\"name\":\"Portada\",\"item\":\"https:\/\/www.proquimia.com\/pt-pt\/\"},{\"@type\":\"ListItem\",\"position\":2,\"name\":\"Pol\u00edtica de tratamento de inciden\u00eancias &#038; reclama\u00e7\u00f5es\"}]},{\"@type\":\"WebSite\",\"@id\":\"https:\/\/www.proquimia.com\/pt-pt\/#website\",\"url\":\"https:\/\/www.proquimia.com\/pt-pt\/\",\"name\":\"Proquimia\",\"description\":\"Soluciones qu\u00edmicas y Productos de Limpieza Industrial\",\"publisher\":{\"@id\":\"https:\/\/www.proquimia.com\/pt-pt\/#organization\"},\"potentialAction\":[{\"@type\":\"SearchAction\",\"target\":{\"@type\":\"EntryPoint\",\"urlTemplate\":\"https:\/\/www.proquimia.com\/pt-pt\/?s={search_term_string}\"},\"query-input\":{\"@type\":\"PropertyValueSpecification\",\"valueRequired\":true,\"valueName\":\"search_term_string\"}}],\"inLanguage\":\"pt-PT\"},{\"@type\":\"Organization\",\"@id\":\"https:\/\/www.proquimia.com\/pt-pt\/#organization\",\"name\":\"Proquimia\",\"url\":\"https:\/\/www.proquimia.com\/pt-pt\/\",\"logo\":{\"@type\":\"ImageObject\",\"inLanguage\":\"pt-PT\",\"@id\":\"https:\/\/www.proquimia.com\/pt-pt\/#\/schema\/logo\/image\/\",\"url\":\"https:\/\/www.proquimia.com\/wp-content\/uploads\/proquimia-logo-yoast.png\",\"contentUrl\":\"https:\/\/www.proquimia.com\/wp-content\/uploads\/proquimia-logo-yoast.png\",\"width\":696,\"height\":696,\"caption\":\"Proquimia\"},\"image\":{\"@id\":\"https:\/\/www.proquimia.com\/pt-pt\/#\/schema\/logo\/image\/\"},\"sameAs\":[\"https:\/\/www.facebook.com\/proquimia\",\"https:\/\/x.com\/proquimia71\",\"https:\/\/www.instagram.com\/proquimia_co\/\",\"http:\/\/www.linkedin.com\/company\/proquimia\",\"http:\/\/www.youtube.com\/user\/proquimiavic\"]}]}<\/script>\n<!-- \/ Yoast SEO plugin. -->","yoast_head_json":{"title":"Pol\u00edtica de tratamento de inciden\u00eancias & reclama\u00e7\u00f5es - Proquimia","robots":{"index":"noindex","follow":"nofollow"},"og_locale":"pt_PT","og_type":"article","og_title":"Pol\u00edtica de tratamento de inciden\u00eancias & reclama\u00e7\u00f5es - Proquimia","og_url":"https:\/\/www.proquimia.com\/pt-pt\/politica-de-tratamento-de-incidenencias-reclamacoes\/","og_site_name":"Proquimia","article_publisher":"https:\/\/www.facebook.com\/proquimia","article_modified_time":"2022-05-03T05:52:39+00:00","twitter_card":"summary_large_image","twitter_site":"@proquimia71","twitter_misc":{"Tempo estimado de leitura":"2 minutos"},"schema":{"@context":"https:\/\/schema.org","@graph":[{"@type":"WebPage","@id":"https:\/\/www.proquimia.com\/pt-pt\/politica-de-tratamento-de-incidenencias-reclamacoes\/","url":"https:\/\/www.proquimia.com\/pt-pt\/politica-de-tratamento-de-incidenencias-reclamacoes\/","name":"Pol\u00edtica de tratamento de inciden\u00eancias & reclama\u00e7\u00f5es - Proquimia","isPartOf":{"@id":"https:\/\/www.proquimia.com\/pt-pt\/#website"},"datePublished":"2022-04-27T12:45:16+00:00","dateModified":"2022-05-03T05:52:39+00:00","breadcrumb":{"@id":"https:\/\/www.proquimia.com\/pt-pt\/politica-de-tratamento-de-incidenencias-reclamacoes\/#breadcrumb"},"inLanguage":"pt-PT","potentialAction":[{"@type":"ReadAction","target":["https:\/\/www.proquimia.com\/pt-pt\/politica-de-tratamento-de-incidenencias-reclamacoes\/"]}]},{"@type":"BreadcrumbList","@id":"https:\/\/www.proquimia.com\/pt-pt\/politica-de-tratamento-de-incidenencias-reclamacoes\/#breadcrumb","itemListElement":[{"@type":"ListItem","position":1,"name":"Portada","item":"https:\/\/www.proquimia.com\/pt-pt\/"},{"@type":"ListItem","position":2,"name":"Pol\u00edtica de tratamento de inciden\u00eancias &#038; reclama\u00e7\u00f5es"}]},{"@type":"WebSite","@id":"https:\/\/www.proquimia.com\/pt-pt\/#website","url":"https:\/\/www.proquimia.com\/pt-pt\/","name":"Proquimia","description":"Soluciones qu\u00edmicas y Productos de Limpieza Industrial","publisher":{"@id":"https:\/\/www.proquimia.com\/pt-pt\/#organization"},"potentialAction":[{"@type":"SearchAction","target":{"@type":"EntryPoint","urlTemplate":"https:\/\/www.proquimia.com\/pt-pt\/?s={search_term_string}"},"query-input":{"@type":"PropertyValueSpecification","valueRequired":true,"valueName":"search_term_string"}}],"inLanguage":"pt-PT"},{"@type":"Organization","@id":"https:\/\/www.proquimia.com\/pt-pt\/#organization","name":"Proquimia","url":"https:\/\/www.proquimia.com\/pt-pt\/","logo":{"@type":"ImageObject","inLanguage":"pt-PT","@id":"https:\/\/www.proquimia.com\/pt-pt\/#\/schema\/logo\/image\/","url":"https:\/\/www.proquimia.com\/wp-content\/uploads\/proquimia-logo-yoast.png","contentUrl":"https:\/\/www.proquimia.com\/wp-content\/uploads\/proquimia-logo-yoast.png","width":696,"height":696,"caption":"Proquimia"},"image":{"@id":"https:\/\/www.proquimia.com\/pt-pt\/#\/schema\/logo\/image\/"},"sameAs":["https:\/\/www.facebook.com\/proquimia","https:\/\/x.com\/proquimia71","https:\/\/www.instagram.com\/proquimia_co\/","http:\/\/www.linkedin.com\/company\/proquimia","http:\/\/www.youtube.com\/user\/proquimiavic"]}]}},"_links":{"self":[{"href":"https:\/\/www.proquimia.com\/pt-pt\/wp-json\/wp\/v2\/pages\/38645","targetHints":{"allow":["GET"]}}],"collection":[{"href":"https:\/\/www.proquimia.com\/pt-pt\/wp-json\/wp\/v2\/pages"}],"about":[{"href":"https:\/\/www.proquimia.com\/pt-pt\/wp-json\/wp\/v2\/types\/page"}],"author":[{"embeddable":true,"href":"https:\/\/www.proquimia.com\/pt-pt\/wp-json\/wp\/v2\/users\/5"}],"replies":[{"embeddable":true,"href":"https:\/\/www.proquimia.com\/pt-pt\/wp-json\/wp\/v2\/comments?post=38645"}],"version-history":[{"count":7,"href":"https:\/\/www.proquimia.com\/pt-pt\/wp-json\/wp\/v2\/pages\/38645\/revisions"}],"predecessor-version":[{"id":38770,"href":"https:\/\/www.proquimia.com\/pt-pt\/wp-json\/wp\/v2\/pages\/38645\/revisions\/38770"}],"wp:attachment":[{"href":"https:\/\/www.proquimia.com\/pt-pt\/wp-json\/wp\/v2\/media?parent=38645"}],"curies":[{"name":"wp","href":"https:\/\/api.w.org\/{rel}","templated":true}]}}