{"id":32857,"date":"2022-03-15T12:54:21","date_gmt":"2022-03-15T11:54:21","guid":{"rendered":"https:\/\/www.proquimia.com\/proquimia-en-el-mundo\/"},"modified":"2025-12-24T12:24:49","modified_gmt":"2025-12-24T11:24:49","slug":"proquimia-no-mundo","status":"publish","type":"page","link":"https:\/\/www.proquimia.com\/pt-pt\/proquimia-no-mundo\/","title":{"rendered":"Proquimia no mundo"},"content":{"rendered":"<div class=\"vce-row-container\"><div class=\"vce-row vce-element--xl--has-background vce-element--lg--has-background vce-element--md--has-background vce-element--sm--has-background vce-element--xs--has-background vce-row--col-gap-30 header-masks-small vce-row-equal-height vce-row-content--top\" data-vce-full-width=\"true\" id=\"el-3e7abb31\" data-vce-do-apply=\"all el-3e7abb31\"><div class=\"vce-content-background-container\"><div class=\"vce-asset-background-simple-container vce-visible-xl-only vce-asset-background-simple--style-cover vce-asset-background-simple--position-center-center\"><div class=\"vce-asset-background-simple\">\n              <div class=\"vce-asset-background-simple-item vcv-lozad\" data-background-image=\"https:\/\/www.proquimia.com\/wp-content\/uploads\/2022\/03\/proquimia-en-el-mundo.jpg\"><\/div>\n              <noscript>\n                <div class=\"vce-asset-background-simple-item\" style=\"background-image: url(https:\/\/www.proquimia.com\/wp-content\/uploads\/2022\/03\/proquimia-en-el-mundo.jpg)\"><\/div>\n              <\/noscript>\n            <\/div><\/div><div class=\"vce-asset-background-simple-container vce-visible-lg-only vce-asset-background-simple--style-no-repeat vce-asset-background-simple--position-center-center\"><div class=\"vce-asset-background-simple\">\n              <div class=\"vce-asset-background-simple-item vcv-lozad\" data-background-image=\"https:\/\/www.proquimia.com\/wp-content\/uploads\/2022\/03\/proquimia-en-el-mundo.jpg\"><\/div>\n              <noscript>\n                <div class=\"vce-asset-background-simple-item\" style=\"background-image: url(https:\/\/www.proquimia.com\/wp-content\/uploads\/2022\/03\/proquimia-en-el-mundo.jpg)\"><\/div>\n              <\/noscript>\n            <\/div><\/div><div class=\"vce-asset-background-simple-container vce-visible-md-only vce-asset-background-simple--style-no-repeat vce-asset-background-simple--position-center-center\"><div class=\"vce-asset-background-simple\">\n              <div class=\"vce-asset-background-simple-item vcv-lozad\" data-background-image=\"https:\/\/www.proquimia.com\/wp-content\/uploads\/2022\/03\/proquimia-en-el-mundo.jpg\"><\/div>\n              <noscript>\n                <div class=\"vce-asset-background-simple-item\" style=\"background-image: url(https:\/\/www.proquimia.com\/wp-content\/uploads\/2022\/03\/proquimia-en-el-mundo.jpg)\"><\/div>\n              <\/noscript>\n            <\/div><\/div><div class=\"vce-asset-background-simple-container vce-visible-sm-only vce-asset-background-simple--style-no-repeat vce-asset-background-simple--position-center-center\"><div class=\"vce-asset-background-simple\">\n              <div class=\"vce-asset-background-simple-item vcv-lozad\" data-background-image=\"https:\/\/www.proquimia.com\/wp-content\/uploads\/2022\/03\/proquimia-en-el-mundo.jpg\"><\/div>\n              <noscript>\n                <div class=\"vce-asset-background-simple-item\" style=\"background-image: url(https:\/\/www.proquimia.com\/wp-content\/uploads\/2022\/03\/proquimia-en-el-mundo.jpg)\"><\/div>\n              <\/noscript>\n            <\/div><\/div><div class=\"vce-asset-background-simple-container vce-visible-xs-only vce-asset-background-simple--style-no-repeat vce-asset-background-simple--position-right-center\"><div class=\"vce-asset-background-simple\">\n              <div class=\"vce-asset-background-simple-item vcv-lozad\" data-background-image=\"https:\/\/www.proquimia.com\/wp-content\/uploads\/2022\/03\/proquimia-en-el-mundo.jpg\"><\/div>\n              <noscript>\n                <div class=\"vce-asset-background-simple-item\" style=\"background-image: url(https:\/\/www.proquimia.com\/wp-content\/uploads\/2022\/03\/proquimia-en-el-mundo.jpg)\"><\/div>\n              <\/noscript>\n            <\/div><\/div><\/div><div class=\"vce-row-content\" data-vce-element-content=\"true\"><div class=\"vce-col vce-col--xs-100p vce-col--xs-visible vce-col--xs-last vce-col--xs-first vce-col--sm-100p vce-col--sm-visible vce-col--sm-last vce-col--sm-first vce-col--md-100p vce-col--md-visible vce-col--md-last vce-col--md-first vce-col--lg-auto vce-col--lg-visible vce-col--lg-first vce-col--xl-auto vce-col--xl-visible vce-col--xl-first\" id=\"el-04831888\"><div class=\"vce-col-inner\" data-vce-do-apply=\"border margin background  el-04831888\"><div class=\"vce-col-content\" data-vce-element-content=\"true\" data-vce-do-apply=\"padding el-04831888\"><div class=\"vce-text-block\"><div class=\"vce-text-block-wrapper vce\" id=\"el-9a92a9f0\" data-vce-do-apply=\"all el-9a92a9f0\"><h1><span style=\"color: #ffffff;\">Proquimia no mundo<\/span><\/h1><\/div><\/div><\/div><\/div><\/div><div class=\"vce-col vce-col--xs-100p vce-col--xs-visible vce-col--xs-last vce-col--xs-first vce-col--sm-100p vce-col--sm-visible vce-col--sm-last vce-col--sm-first vce-col--md-100p vce-col--md-visible vce-col--md-last vce-col--md-first vce-col--lg-auto vce-col--lg-visible vce-col--lg-last vce-col--xl-auto vce-col--xl-visible vce-col--xl-last\" id=\"el-042bb20f\"><div class=\"vce-col-inner\" data-vce-do-apply=\"border margin background  el-042bb20f\"><div class=\"vce-col-content\" data-vce-element-content=\"true\" data-vce-do-apply=\"padding el-042bb20f\"><div class=\"vcv-row-control-wrapper\"><\/div><\/div><\/div><\/div><\/div><\/div><\/div><div class=\"vce-row-container\" data-vce-boxed-width=\"true\"><div class=\"vce-row vce-row--col-gap-30 vce-row-equal-height vce-row-content--top\" id=\"el-36f00839\" data-vce-do-apply=\"all el-36f00839\"><div class=\"vce-row-content\" data-vce-element-content=\"true\"><div class=\"vce-col vce-col--md-auto vce-col--xs-1 vce-col--xs-last vce-col--xs-first vce-col--sm-last vce-col--sm-first vce-col--md-last vce-col--lg-last vce-col--xl-last vce-col--md-first vce-col--lg-first vce-col--xl-first\" id=\"el-5e3968b9\"><div class=\"vce-col-inner\" data-vce-do-apply=\"border margin background  el-5e3968b9\"><div class=\"vce-col-content\" data-vce-element-content=\"true\" data-vce-do-apply=\"padding el-5e3968b9\"><div class=\"vce-single-image-container vce-single-image--align-center\"><div class=\"vce vce-single-image-wrapper\" id=\"el-3fb68a1a\" data-vce-do-apply=\"all el-3fb68a1a\" data-vce-animate=\"vce-o-animate--fadeIn\"><figure><div class=\"vce-single-image-figure-inner\" style=\"width: 1140px;\"><div class=\"vce-single-image-inner vce-single-image--absolute\" style=\"width: 100%; padding-bottom: 57.0175%;\"><img decoding=\"async\" class=\"vce-single-image\" src=\"https:\/\/www.proquimia.com\/wp-content\/uploads\/Mapa-mon.png\" data-img-src=\"https:\/\/www.proquimia.com\/wp-content\/uploads\/Mapa-mon.png\" data-attachment-id=\"43597\" alt=\"\" title=\"Mapa mon\"><\/div><\/div><figcaption hidden=\"\"><\/figcaption><\/figure><\/div><\/div><\/div><\/div><\/div><\/div><\/div><\/div><div class=\"vce-row-container\" data-vce-boxed-width=\"true\"><div class=\"vce-row vce-row--col-gap-60 vce-row-equal-height vce-row-content--top\" id=\"el-988a7708\" data-vce-do-apply=\"all el-988a7708\"><div class=\"vce-content-background-container\"><\/div><div class=\"vce-row-content\" data-vce-element-content=\"true\"><div class=\"vce-col vce-col--xs-100p vce-col--xs-visible vce-col--xs-last vce-col--xs-first vce-col--sm-100p vce-col--sm-visible vce-col--sm-last vce-col--sm-first vce-col--md-50p vce-col--md-visible vce-col--md-first vce-col--lg-25p vce-col--lg-visible vce-col--lg-first vce-col--xl-25p vce-col--xl-visible vce-col--xl-first\" id=\"el-4fe1768b\"><div class=\"vce-col-inner\" data-vce-do-apply=\"border margin background  el-4fe1768b\"><div class=\"vce-content-background-container\"><\/div><div class=\"vce-col-content\" data-vce-element-content=\"true\" data-vce-do-apply=\"padding el-4fe1768b\"><div class=\"vce-text-block\"><div class=\"vce-text-block-wrapper vce\" id=\"el-845a0183\" data-vce-do-apply=\"all el-845a0183\"><h3>Sede Central<br><br><\/h3><p><strong>VIC<\/strong><br>PROQUIMIA, SA<br>Ctra. de Prats, 6<br>08500 Vic (Barcelona)<br>Tel.+34 93 883 23 53<br>Fax.+34 93 883 20 50<\/p><\/div><\/div><\/div><\/div><\/div><div class=\"vce-col vce-col--xs-100p vce-col--xs-visible vce-col--xs-last vce-col--xs-first vce-col--sm-100p vce-col--sm-visible vce-col--sm-last vce-col--sm-first vce-col--md-50p vce-col--md-visible vce-col--md-last vce-col--lg-25p vce-col--lg-visible vce-col--xl-25p vce-col--xl-visible\" id=\"el-63ee376e\"><div class=\"vce-col-inner\" data-vce-do-apply=\"border margin background  el-63ee376e\"><div class=\"vce-content-background-container\"><\/div><div class=\"vce-col-content\" data-vce-element-content=\"true\" data-vce-do-apply=\"padding el-63ee376e\"><div class=\"vce-text-block\"><div class=\"vce-text-block-wrapper vce\" id=\"el-87152385\" data-vce-do-apply=\"all el-87152385\"><h3>Centros de Produ\u00e7\u00e3o<\/h3>\n<p><strong>BRASIL<\/strong><br>PROQUIMIA PRODUTOS<br>QU\u00cdMICOS DO BRASIL SA<br><span data-olk-copy-source=\"MessageBody\">Brusque - Santa Catarina - Brasil<\/span><br><span data-olk-copy-source=\"MessageBody\">Rua Augusto Benassi n\u00ba155<\/span><br><span data-olk-copy-source=\"MessageBody\">Bairro: Limoeiro&nbsp;<\/span><\/p>\n<p><strong>COSTA RICA<\/strong><br>PH PROQUIMIA COSTA RICA<br>800 Metros Oeste Terminales<br>Santamar\u00eda (Alajuela)<br>Tel.+506 24 438 644<\/p>\n<p><strong>CUBA<\/strong><br>SUCHEL-PROQUIMIA<br>Balaguer, 23 e\/San Julio y Paz<br>Cerro (Ciudad de la Habana)<br>Tel.(53) 764 959 04\/05<\/p>\n<p><strong>CHILE<\/strong><br>PROQUIMIA, SA<br>Camino lo Ruiz #5310<br>Galapon G, \u2013 Quilicura<br>Tel. +56228322000<\/p>\n<p><strong>REP\u00daBLICA DOMINICANA<\/strong><br>PROQUIMIA DOMINICANA, SA<br>Calle Esther Rosario n\u00ba3-A<br>Esquina Sta. Luc\u00eda, Sta.Martha<br>Zona Industrial de Manoguayabo<br>Santo Domingo<br>Tel. 1 (809) 379-1616<\/p><\/div><\/div><\/div><\/div><\/div><div class=\"vce-col vce-col--xs-100p vce-col--xs-visible vce-col--xs-last vce-col--xs-first vce-col--sm-100p vce-col--sm-visible vce-col--sm-last vce-col--sm-first vce-col--md-100p vce-col--md-visible vce-col--md-last vce-col--md-first vce-col--lg-auto vce-col--lg-visible vce-col--lg-last vce-col--xl-auto vce-col--xl-visible vce-col--xl-last\" id=\"el-dcca4821\"><div class=\"vce-col-inner\" data-vce-do-apply=\"border margin background  el-dcca4821\"><div class=\"vce-content-background-container\"><\/div><div class=\"vce-col-content\" data-vce-element-content=\"true\" data-vce-do-apply=\"padding el-dcca4821\"><div class=\"vce-row-container\" data-vce-boxed-width=\"true\"><div class=\"vce-row vce-row--col-gap-30 vce-row-equal-height vce-row-content--top\" id=\"el-bca340cc\" data-vce-do-apply=\"all el-bca340cc\"><div class=\"vce-row-content\" data-vce-element-content=\"true\"><div class=\"vce-col vce-col--md-auto vce-col--xs-1 vce-col--xs-last vce-col--xs-first vce-col--sm-last vce-col--sm-first vce-col--md-first vce-col--lg-first vce-col--xl-first\" id=\"el-540b82fa\"><div class=\"vce-col-inner\" data-vce-do-apply=\"border margin background  el-540b82fa\"><div class=\"vce-col-content\" data-vce-element-content=\"true\" data-vce-do-apply=\"padding el-540b82fa\"><div class=\"vce-text-block\"><div class=\"vce-text-block-wrapper vce\" id=\"el-d972e4b2\" data-vce-do-apply=\"all el-d972e4b2\"><h3>Delega\u00e7\u00f5es<br>no Mundo<\/h3><\/div><\/div><\/div><\/div><\/div><div class=\"vce-col vce-col--md-auto vce-col--xs-1 vce-col--xs-last vce-col--xs-first vce-col--sm-last vce-col--sm-first vce-col--md-last vce-col--lg-last vce-col--xl-last\" id=\"el-22bc8f9b\"><div class=\"vce-col-inner\" data-vce-do-apply=\"border margin background  el-22bc8f9b\"><div class=\"vce-col-content\" data-vce-element-content=\"true\" data-vce-do-apply=\"padding el-22bc8f9b\"><div class=\"vcv-row-control-wrapper\"><\/div><\/div><\/div><\/div><\/div><\/div><\/div><div class=\"vce-row-container\" data-vce-boxed-width=\"true\"><div class=\"vce-row vce-row--col-gap-60 vce-row-equal-height vce-row-content--top\" id=\"el-4f9756f9\" data-vce-do-apply=\"all el-4f9756f9\"><div class=\"vce-row-content\" data-vce-element-content=\"true\"><div class=\"vce-col vce-col--md-auto vce-col--xs-1 vce-col--xs-last vce-col--xs-first vce-col--sm-last vce-col--sm-first vce-col--md-first vce-col--lg-first vce-col--xl-first\" id=\"el-86ece1ff\"><div class=\"vce-col-inner\" data-vce-do-apply=\"border margin background  el-86ece1ff\"><div class=\"vce-col-content\" data-vce-element-content=\"true\" data-vce-do-apply=\"padding el-86ece1ff\"><div class=\"vce-text-block\"><div class=\"vce-text-block-wrapper vce\" id=\"el-a5bbdb34\" data-vce-do-apply=\"all el-a5bbdb34\"><p><span style=\"color: #002475;\"><u>EUROPA<\/u><\/span><\/p>\n<p><strong>ANDORRA<\/strong><br>Fiter i Rosell, 90<br>AD700 Les Escaldes<br>+376 805 700<\/p>\n<p><strong>FRAN\u00c7A<\/strong><br>Servicio comercial<br>Fabien Neel<br>Tel.+33 0 675 25 50 37<\/p>\n<p><strong>PORTUGAL<\/strong><br>PROQUIMIA PORTUGAL<br>UNIPESSOAL, LDA<br>Rua Cidade de Bolama, N\u00ba10, 8\u00baD<br>1800-079 Lisboa<br>Tel.+35 121 847 27 22<\/p>\n<p><span style=\"color: #002475;\"><u>AM\u00c9RICA DO NORTE<\/u><\/span><\/p>\n<p><strong>M\u00c9XICO<\/strong><br>PRODUCTOS QU\u00cdMICOS<br>AUSONA, SA DE CV<br>Av. Comalcalco<br>Mz 11 Lt 10 Regi\u00f3n 97<br>77530 Canc\u00fan (Quintana Roo)<br>Tel.+52 998 892 17 20<\/p>\n<p><span style=\"color: #002475;\"><u>AM\u00c9RICA CENTRAL<\/u><\/span><\/p>\n<p><strong>JAMAICA<\/strong><br>WE RESOLVE JAMAICA<br>21 Blue Diamond Shopping Centre<br>JMCJS12 Montego Bay<br>Jamaica<br>Tel.+1(876) 843 3270<\/p>\n<p><strong>PANAM\u00c1<\/strong><br>PROQUIMIA INTERNATIONAL,SA<br>Via Cincuentenario Final,<br>intersecci\u00f3n con R\u00edo Abajo<br>Super Centro el Sat\u00e9lite, local #7<br>Tel. <span data-olk-copy-source=\"MessageBody\">(+507) 396-6090<\/span><\/p>\n<p><span style=\"color: #002475;\"><u>AM\u00c9RICA DO SUL<\/u><\/span><\/p>\n<p><strong>ARUBA<\/strong><br>TOTAL QUALITY PRODUCT N.V.<br>Barcadera 5F<br>Tel. +2975253460<\/p>\n<p><strong>COLOMBIA<\/strong><br>Q.E. HENAO QU\u00cdMICOS<br>ESPECIALIZADOS S. EN C.<br>Calle 50, n\u00ba71-40, of.207<br>Medell\u00edn<br>Tel.+57 426 057 12<\/p><\/div><\/div><\/div><\/div><\/div><div class=\"vce-col vce-col--md-auto vce-col--xs-1 vce-col--xs-last vce-col--xs-first vce-col--sm-last vce-col--sm-first vce-col--md-last vce-col--lg-last vce-col--xl-last\" id=\"el-54ffb544\"><div class=\"vce-col-inner\" data-vce-do-apply=\"border margin background  el-54ffb544\"><div class=\"vce-col-content\" data-vce-element-content=\"true\" data-vce-do-apply=\"padding el-54ffb544\"><div class=\"vce-text-block\"><div class=\"vce-text-block-wrapper vce\" id=\"el-49f6cec7\" data-vce-do-apply=\"all el-49f6cec7\"><p><span style=\"color: #002475;\"><u>\u00c1SIA<\/u><\/span><\/p>\n<p><strong>REPUBLICA DE LAS MALDIVAS<br><\/strong>PESTEX MALDIVES PVT LTD.<br>PestEX Bulding<br>Neeloafaru Magu, Galohu<br>Male<br>Republica de las Maldivas<br>Tel: (+960) 3336878<\/p>\n<p><strong>EMIRADOS \u00c1RABES UNIDOS<\/strong><br>GREEN CLOUD GULF FZC<br>Ras Al Khaimah<br>United Arab Emirates<br>Tel.(971) 501 34 07 34<\/p>\n<p><span style=\"color: #002475;\"><u>\u00c1FRICA<\/u><\/span><\/p>\n<p><strong>ARGELIA<\/strong><br>S.G. INDUSTRIES<br>11 Rue Dely Brahim<br>Ch\u00e9raga-Alger<br>Tel. +213 661 52 83 06<\/p>\n<p><strong>CABO VERDE<\/strong><br>Delegaci\u00f3n Isla de Sal<br>Zona Industrial Palmeira<br>Ilha do Sal<br>Rep\u00fablica de Cabo Verde<br>Caixa postal: 112<br>Tel: (+238) 2413 290<\/p>\n<p><strong>CABO VERDE<\/strong><br>Delegaci\u00f3n Isla Boa Vista<br>Nave Emicela<br>Sal-Rei<br>Boa Vista<br>Rep\u00fablica de Cabo Verde<br>Tel: (+238) 2511 995<\/p>\n<p><strong>MARROCOS<\/strong><br>MERCURE INDUSTRIE, SA<br>Lotissement Lina N\u00ba351<br>Sidi M\u00e2arouf-Ouled Haddou<br>(Casablanca) BP20280<br>Tel.+21 252 297 43 11<\/p>\n<p><strong>TUN\u00cdSIA<\/strong><br>CLEAN PLUS, SA<br>Inmeuble El Minsk<br>Boulevard Mongi Bali B-25<br>708173 Sousse<br>Tel. +216 73219599<\/p>\n<p><strong>ZANZ\u00cdBAR<\/strong><br>ALTRA CARE LIMITED<br>Kiembe Samaki 4<sup data-ogsc=\"\" data-olk-copy-source=\"MessageBody\">th<\/sup> line from Baraza Supermarket&nbsp;<br>Zanzibar<br>Rep\u00fablica de Tanzania&nbsp;<br>Tel. +255 764955505<\/p><\/div><\/div><\/div><\/div><\/div><\/div><\/div><\/div><\/div><\/div><\/div><\/div><\/div><\/div>","protected":false},"excerpt":{"rendered":"<p>Proquimia no mundoSede CentralVICPROQUIMIA, SACtra. de Prats, 608500 Vic (Barcelona)Tel.+34 93 883 23 53Fax.+34 93 883 20 50Centros de Produ\u00e7\u00e3o BRASILPROQUIMIA PRODUTOSQU\u00cdMICOS DO BRASIL SABrusque &#8211; Santa Catarina &#8211; BrasilRua Augusto Benassi n\u00ba155Bairro: Limoeiro&nbsp; COSTA RICAPH PROQUIMIA COSTA RICA800 Metros Oeste TerminalesSantamar\u00eda (Alajuela)Tel.+506 24 438 644 CUBASUCHEL-PROQUIMIABalaguer, 23 e\/San Julio y PazCerro (Ciudad de la [&hellip;]<\/p>\n","protected":false},"author":1,"featured_media":0,"parent":0,"menu_order":0,"comment_status":"closed","ping_status":"closed","template":"","meta":{"_acf_changed":false,"inline_featured_image":false,"footnotes":""},"class_list":["post-32857","page","type-page","status-publish","hentry"],"acf":[],"yoast_head":"<!-- This site is optimized with the Yoast SEO plugin v27.1.1 - https:\/\/yoast.com\/product\/yoast-seo-wordpress\/ -->\n<title>Proquimia no mundo - Proquimia<\/title>\n<meta name=\"description\" content=\"Veja onde est\u00e1 presente a Proquimia no mundo: f\u00e1bricas e delega\u00e7\u00f5es em mais de 20 pa\u00edses em 4 continentes.\" \/>\n<meta name=\"robots\" content=\"index, follow, max-snippet:-1, max-image-preview:large, max-video-preview:-1\" \/>\n<link rel=\"canonical\" href=\"https:\/\/www.proquimia.com\/pt-pt\/proquimia-no-mundo\/\" \/>\n<meta property=\"og:locale\" content=\"pt_PT\" \/>\n<meta property=\"og:type\" content=\"article\" \/>\n<meta property=\"og:title\" content=\"Proquimia no mundo - Proquimia\" \/>\n<meta property=\"og:description\" content=\"Veja onde est\u00e1 presente a Proquimia no mundo: f\u00e1bricas e delega\u00e7\u00f5es em mais de 20 pa\u00edses em 4 continentes.\" \/>\n<meta property=\"og:url\" content=\"https:\/\/www.proquimia.com\/pt-pt\/proquimia-no-mundo\/\" \/>\n<meta property=\"og:site_name\" content=\"Proquimia\" \/>\n<meta property=\"article:publisher\" content=\"https:\/\/www.facebook.com\/proquimia\" \/>\n<meta property=\"article:modified_time\" content=\"2025-12-24T11:24:49+00:00\" \/>\n<meta name=\"twitter:card\" content=\"summary_large_image\" \/>\n<meta name=\"twitter:site\" content=\"@proquimia71\" \/>\n<meta name=\"twitter:label1\" content=\"Tempo estimado de leitura\" \/>\n\t<meta name=\"twitter:data1\" content=\"3 minutos\" \/>\n<script type=\"application\/ld+json\" class=\"yoast-schema-graph\">{\"@context\":\"https:\/\/schema.org\",\"@graph\":[{\"@type\":\"WebPage\",\"@id\":\"https:\/\/www.proquimia.com\/pt-pt\/proquimia-no-mundo\/\",\"url\":\"https:\/\/www.proquimia.com\/pt-pt\/proquimia-no-mundo\/\",\"name\":\"Proquimia no mundo - Proquimia\",\"isPartOf\":{\"@id\":\"https:\/\/www.proquimia.com\/pt-pt\/#website\"},\"datePublished\":\"2022-03-15T11:54:21+00:00\",\"dateModified\":\"2025-12-24T11:24:49+00:00\",\"description\":\"Veja onde est\u00e1 presente a Proquimia no mundo: f\u00e1bricas e delega\u00e7\u00f5es em mais de 20 pa\u00edses em 4 continentes.\",\"breadcrumb\":{\"@id\":\"https:\/\/www.proquimia.com\/pt-pt\/proquimia-no-mundo\/#breadcrumb\"},\"inLanguage\":\"pt-PT\",\"potentialAction\":[{\"@type\":\"ReadAction\",\"target\":[\"https:\/\/www.proquimia.com\/pt-pt\/proquimia-no-mundo\/\"]}]},{\"@type\":\"BreadcrumbList\",\"@id\":\"https:\/\/www.proquimia.com\/pt-pt\/proquimia-no-mundo\/#breadcrumb\",\"itemListElement\":[{\"@type\":\"ListItem\",\"position\":1,\"name\":\"Portada\",\"item\":\"https:\/\/www.proquimia.com\/pt-pt\/\"},{\"@type\":\"ListItem\",\"position\":2,\"name\":\"Proquimia no mundo\"}]},{\"@type\":\"WebSite\",\"@id\":\"https:\/\/www.proquimia.com\/pt-pt\/#website\",\"url\":\"https:\/\/www.proquimia.com\/pt-pt\/\",\"name\":\"Proquimia\",\"description\":\"Soluciones qu\u00edmicas y Productos de Limpieza Industrial\",\"publisher\":{\"@id\":\"https:\/\/www.proquimia.com\/pt-pt\/#organization\"},\"potentialAction\":[{\"@type\":\"SearchAction\",\"target\":{\"@type\":\"EntryPoint\",\"urlTemplate\":\"https:\/\/www.proquimia.com\/pt-pt\/?s={search_term_string}\"},\"query-input\":{\"@type\":\"PropertyValueSpecification\",\"valueRequired\":true,\"valueName\":\"search_term_string\"}}],\"inLanguage\":\"pt-PT\"},{\"@type\":\"Organization\",\"@id\":\"https:\/\/www.proquimia.com\/pt-pt\/#organization\",\"name\":\"Proquimia\",\"url\":\"https:\/\/www.proquimia.com\/pt-pt\/\",\"logo\":{\"@type\":\"ImageObject\",\"inLanguage\":\"pt-PT\",\"@id\":\"https:\/\/www.proquimia.com\/pt-pt\/#\/schema\/logo\/image\/\",\"url\":\"https:\/\/www.proquimia.com\/wp-content\/uploads\/proquimia-logo-yoast.png\",\"contentUrl\":\"https:\/\/www.proquimia.com\/wp-content\/uploads\/proquimia-logo-yoast.png\",\"width\":696,\"height\":696,\"caption\":\"Proquimia\"},\"image\":{\"@id\":\"https:\/\/www.proquimia.com\/pt-pt\/#\/schema\/logo\/image\/\"},\"sameAs\":[\"https:\/\/www.facebook.com\/proquimia\",\"https:\/\/x.com\/proquimia71\",\"https:\/\/www.instagram.com\/proquimia_co\/\",\"http:\/\/www.linkedin.com\/company\/proquimia\",\"http:\/\/www.youtube.com\/user\/proquimiavic\"]}]}<\/script>\n<!-- \/ Yoast SEO plugin. -->","yoast_head_json":{"title":"Proquimia no mundo - Proquimia","description":"Veja onde est\u00e1 presente a Proquimia no mundo: f\u00e1bricas e delega\u00e7\u00f5es em mais de 20 pa\u00edses em 4 continentes.","robots":{"index":"index","follow":"follow","max-snippet":"max-snippet:-1","max-image-preview":"max-image-preview:large","max-video-preview":"max-video-preview:-1"},"canonical":"https:\/\/www.proquimia.com\/pt-pt\/proquimia-no-mundo\/","og_locale":"pt_PT","og_type":"article","og_title":"Proquimia no mundo - Proquimia","og_description":"Veja onde est\u00e1 presente a Proquimia no mundo: f\u00e1bricas e delega\u00e7\u00f5es em mais de 20 pa\u00edses em 4 continentes.","og_url":"https:\/\/www.proquimia.com\/pt-pt\/proquimia-no-mundo\/","og_site_name":"Proquimia","article_publisher":"https:\/\/www.facebook.com\/proquimia","article_modified_time":"2025-12-24T11:24:49+00:00","twitter_card":"summary_large_image","twitter_site":"@proquimia71","twitter_misc":{"Tempo estimado de leitura":"3 minutos"},"schema":{"@context":"https:\/\/schema.org","@graph":[{"@type":"WebPage","@id":"https:\/\/www.proquimia.com\/pt-pt\/proquimia-no-mundo\/","url":"https:\/\/www.proquimia.com\/pt-pt\/proquimia-no-mundo\/","name":"Proquimia no mundo - Proquimia","isPartOf":{"@id":"https:\/\/www.proquimia.com\/pt-pt\/#website"},"datePublished":"2022-03-15T11:54:21+00:00","dateModified":"2025-12-24T11:24:49+00:00","description":"Veja onde est\u00e1 presente a Proquimia no mundo: f\u00e1bricas e delega\u00e7\u00f5es em mais de 20 pa\u00edses em 4 continentes.","breadcrumb":{"@id":"https:\/\/www.proquimia.com\/pt-pt\/proquimia-no-mundo\/#breadcrumb"},"inLanguage":"pt-PT","potentialAction":[{"@type":"ReadAction","target":["https:\/\/www.proquimia.com\/pt-pt\/proquimia-no-mundo\/"]}]},{"@type":"BreadcrumbList","@id":"https:\/\/www.proquimia.com\/pt-pt\/proquimia-no-mundo\/#breadcrumb","itemListElement":[{"@type":"ListItem","position":1,"name":"Portada","item":"https:\/\/www.proquimia.com\/pt-pt\/"},{"@type":"ListItem","position":2,"name":"Proquimia no mundo"}]},{"@type":"WebSite","@id":"https:\/\/www.proquimia.com\/pt-pt\/#website","url":"https:\/\/www.proquimia.com\/pt-pt\/","name":"Proquimia","description":"Soluciones qu\u00edmicas y Productos de Limpieza Industrial","publisher":{"@id":"https:\/\/www.proquimia.com\/pt-pt\/#organization"},"potentialAction":[{"@type":"SearchAction","target":{"@type":"EntryPoint","urlTemplate":"https:\/\/www.proquimia.com\/pt-pt\/?s={search_term_string}"},"query-input":{"@type":"PropertyValueSpecification","valueRequired":true,"valueName":"search_term_string"}}],"inLanguage":"pt-PT"},{"@type":"Organization","@id":"https:\/\/www.proquimia.com\/pt-pt\/#organization","name":"Proquimia","url":"https:\/\/www.proquimia.com\/pt-pt\/","logo":{"@type":"ImageObject","inLanguage":"pt-PT","@id":"https:\/\/www.proquimia.com\/pt-pt\/#\/schema\/logo\/image\/","url":"https:\/\/www.proquimia.com\/wp-content\/uploads\/proquimia-logo-yoast.png","contentUrl":"https:\/\/www.proquimia.com\/wp-content\/uploads\/proquimia-logo-yoast.png","width":696,"height":696,"caption":"Proquimia"},"image":{"@id":"https:\/\/www.proquimia.com\/pt-pt\/#\/schema\/logo\/image\/"},"sameAs":["https:\/\/www.facebook.com\/proquimia","https:\/\/x.com\/proquimia71","https:\/\/www.instagram.com\/proquimia_co\/","http:\/\/www.linkedin.com\/company\/proquimia","http:\/\/www.youtube.com\/user\/proquimiavic"]}]}},"_links":{"self":[{"href":"https:\/\/www.proquimia.com\/pt-pt\/wp-json\/wp\/v2\/pages\/32857","targetHints":{"allow":["GET"]}}],"collection":[{"href":"https:\/\/www.proquimia.com\/pt-pt\/wp-json\/wp\/v2\/pages"}],"about":[{"href":"https:\/\/www.proquimia.com\/pt-pt\/wp-json\/wp\/v2\/types\/page"}],"author":[{"embeddable":true,"href":"https:\/\/www.proquimia.com\/pt-pt\/wp-json\/wp\/v2\/users\/1"}],"replies":[{"embeddable":true,"href":"https:\/\/www.proquimia.com\/pt-pt\/wp-json\/wp\/v2\/comments?post=32857"}],"version-history":[{"count":13,"href":"https:\/\/www.proquimia.com\/pt-pt\/wp-json\/wp\/v2\/pages\/32857\/revisions"}],"predecessor-version":[{"id":57958,"href":"https:\/\/www.proquimia.com\/pt-pt\/wp-json\/wp\/v2\/pages\/32857\/revisions\/57958"}],"wp:attachment":[{"href":"https:\/\/www.proquimia.com\/pt-pt\/wp-json\/wp\/v2\/media?parent=32857"}],"curies":[{"name":"wp","href":"https:\/\/api.w.org\/{rel}","templated":true}]}}