{"id":32800,"date":"2022-03-31T16:30:02","date_gmt":"2022-03-31T14:30:02","guid":{"rendered":"https:\/\/www.proquimia.com\/aviso-legal\/"},"modified":"2022-04-28T15:15:39","modified_gmt":"2022-04-28T13:15:39","slug":"condicoes-de-utilizacao-do-ambiente-web-e-aviso-legal","status":"publish","type":"page","link":"https:\/\/www.proquimia.com\/pt-pt\/condicoes-de-utilizacao-do-ambiente-web-e-aviso-legal\/","title":{"rendered":"Condi\u00e7\u00f5es de utiliza\u00e7\u00e3o do ambiente web e aviso legal"},"content":{"rendered":"<div class=\"vce-row-container\" data-vce-boxed-width=\"true\"><div class=\"vce-row vce-row--col-gap-30 vce-row-equal-height vce-row-content--top\" id=\"el-d40ce583\" data-vce-do-apply=\"all el-d40ce583\"><div class=\"vce-content-background-container\"><\/div><div class=\"vce-row-content\" data-vce-element-content=\"true\"><div class=\"vce-col vce-col--xs-100p vce-col--xs-visible vce-col--xs-last vce-col--xs-first vce-col--sm-100p vce-col--sm-visible vce-col--sm-last vce-col--sm-first vce-col--md-100p vce-col--md-visible vce-col--md-last vce-col--md-first vce-col--lg-16-66p vce-col--lg-visible vce-col--lg-first vce-col--xl-16-66p vce-col--xl-visible vce-col--xl-first\" id=\"el-dc19dca6\"><div class=\"vce-col-inner\" data-vce-do-apply=\"border margin background  el-dc19dca6\"><div class=\"vce-col-content\" data-vce-element-content=\"true\" data-vce-do-apply=\"padding el-dc19dca6\"><div><\/div><\/div><\/div><\/div><div class=\"vce-col vce-col--xs-100p vce-col--xs-visible vce-col--xs-last vce-col--xs-first vce-col--sm-100p vce-col--sm-visible vce-col--sm-last vce-col--sm-first vce-col--md-100p vce-col--md-visible vce-col--md-last vce-col--md-first vce-col--lg-66-66p vce-col--lg-visible vce-col--xl-66-66p vce-col--xl-visible\" id=\"el-6cc8df15\"><div class=\"vce-col-inner\" data-vce-do-apply=\"border margin background  el-6cc8df15\"><div class=\"vce-col-content\" data-vce-element-content=\"true\" data-vce-do-apply=\"padding el-6cc8df15\"><div class=\"vce-text-block\"><div class=\"vce-text-block-wrapper vce\" id=\"el-cdf80889\" data-vce-do-apply=\"all el-cdf80889\"><h1 class=\"title\">Condi\u00e7\u00f5es de utiliza\u00e7\u00e3o do ambiente web e aviso legal<\/h1><br><p>Este site \u00e9 propriedade da PROQUIMIA, S.A., com domicilio social em&nbsp;Ctra. de Prats, 6 08500 Vic (Barcelona). Inscrita no Registo Mercantil de Barcelona, tomo 1986, Livro 1392,&nbsp;Se\u00e7\u00e3o 2\u00aa, Folio 39, Folha 19397, Inscrip.1\u00aa-CIF A-08288490<\/p><br><p>Esta p\u00e1gina Web pode conter avisos sobre produtos pr\u00f3prios e informa\u00e7\u00e3o&nbsp;de copyright, cujos t\u00e9rminos devem ser observados e seguidos. A informa\u00e7\u00e3o deste site pode conter imprecis\u00f5es t\u00e9cnicas ou erros tipogr\u00e1ficos.<\/p><br><p>A informa\u00e7\u00e3o pode ser modificada ou atualizada sem aviso pr\u00e9vio.&nbsp;PROQUIMIA, S.A. pode efetuar altera\u00e7\u00f5es e \/ ou melhorias nos produtos&nbsp;e\/ou programas descritos nesta informa\u00e7\u00e3o a qualquer momento e sem aviso pr\u00e9vio.<\/p><br><p>PROQUIMIA, S.A. n\u00e3o assume nenhuma responsabilidade sobre a exatid\u00e3o da informa\u00e7\u00e3o proporcionada por PROQUIMIA, S.A. O uso da dita informa\u00e7\u00e3o \u00e9 responsabilidade do recetor. Mediante a entrega da informa\u00e7\u00e3o, PROQUIMIA, S.A. n\u00e3o outorga nenhuma licen\u00e7a sobre nenhum copyright, patente ou qualquer outro direito de propriedade intelectual.<\/p><br><p>PROQUIMIA, S.A. n\u00e3o efetua representa\u00e7\u00e3o de nenhum tipo sobre nenhum outro site que se possa aceder atrav\u00e9s do nosso site. Quando aceder&nbsp;a um site que n\u00e3o seja da PROQUIMIA, S.A., mesmo algum que possa conter o logotipo da PROQUIMIA, S.A., por favor, compreenda que \u00e9 independente da PROQUIMIA, S.A. e que PROQUIMIA, S.A. n\u00e3o tem nenhum controlo sobre o teor do dito site. Al\u00e9m de que um link a um site que n\u00e3o seja de PROQUIMIA, S.A. n\u00e3o significa que PROQUIMIA, S.A. apoie ou&nbsp;aceite alguma responsabilidade sobre o teor ou utiliza\u00e7\u00e3o do dito site. Depende do utilizador tomar precau\u00e7\u00f5es para se assegurar de que o que&nbsp;seleciona utilizar est\u00e1 live de elementos como v\u00edrus, worms, troianos e&nbsp;outros elementos de natureza destrutiva.<\/p><br><p>EM CASO ALGUM PROQUIMIA, S.A. SER\u00c1 Respons\u00e1vel POR&nbsp;qualquer dano, direto ou indireto que resulte da utiliza\u00e7\u00e3o deste site, OU DE QUALQUER OUTRO Site QUE SE ACEDA MEDIANTE Um link, inclu\u00eddos, mas Sem LIMITAR-SE A, qualquer Perda DE&nbsp;benef\u00edcios, interrup\u00e7\u00f5es DE NEGOCIO, PERDA DE PROGRAMAS OU qualquer Outros TIPOS DE&nbsp;Dados Do seu SISTEMA DE GEST\u00c3O DE Informa\u00e7\u00f5es Ou de qualquer OUTRO MODO,&nbsp;mesmo que nos avise DA POSIBILIDADE DOS DITOS perigos.<\/p><br><p>Este site web, incluindo sem limitar a sua programa\u00e7\u00e3o, edi\u00e7\u00e3o, recompila\u00e7\u00e3o, desenhos, log\u00f3tipos, textos e\/ou gr\u00e1ficos, s\u00e3o propriedade da PROQUIMIA, S.A., e est\u00e3o protegidos pelas leis nacionais e internacionais de propriedade intelectual e industrial. O acesso do usu\u00e1rio ao site n\u00e3o lhe concede nenhum direito de propriedade sobre o mesmo. A utiliza\u00e7\u00e3o de nomes de terceiros \u00e9 expressamente autorizada pelos seus propriet\u00e1rios, pelo que o fornecedor n\u00e3o aceita qualquer responsabilidade por quaisquer lit\u00edgios que possam surgir a este respeito, e proceder\u00e1 \u00e0 sua remo\u00e7\u00e3o imediata assim que tiver conhecimento dos mesmos. Se vir algum conte\u00fado no site que possa infringir direitos de propriedade intelectual ou industrial, por favor, informe o provedor o antes poss\u00edvel, enviando um e-mail para o endere\u00e7o <a href=\"mailto:gestionintegral@proquimia.com\">gestionintegral@proquimia.com<\/a><\/p><br><p>Para mais informa\u00e7\u00f5es sobre a prote\u00e7\u00e3o de dados pessoais consulte a nossa&nbsp;<a href=\"https:\/\/www.proquimia.com\/pt-pt\/politica-de-privacidade\/\" target=\"_blank\" rel=\"noopener\">pol\u00edtica de privacidade<\/a>.<\/p><\/div><\/div><\/div><\/div><\/div><div class=\"vce-col vce-col--xs-100p vce-col--xs-visible vce-col--xs-last vce-col--xs-first vce-col--sm-100p vce-col--sm-visible vce-col--sm-last vce-col--sm-first vce-col--md-100p vce-col--md-visible vce-col--md-last vce-col--md-first vce-col--lg-16-66p vce-col--lg-visible vce-col--lg-last vce-col--xl-16-66p vce-col--xl-visible vce-col--xl-last\" id=\"el-5f84ce91\"><div class=\"vce-col-inner\" data-vce-do-apply=\"border margin background  el-5f84ce91\"><div class=\"vce-col-content\" data-vce-element-content=\"true\" data-vce-do-apply=\"padding el-5f84ce91\"><div><\/div><\/div><\/div><\/div><\/div><\/div><\/div>","protected":false},"excerpt":{"rendered":"","protected":false},"author":1,"featured_media":0,"parent":0,"menu_order":0,"comment_status":"closed","ping_status":"closed","template":"","meta":{"_acf_changed":false,"inline_featured_image":false,"footnotes":""},"class_list":["post-32800","page","type-page","status-publish","hentry"],"acf":[],"yoast_head":"<!-- This site is optimized with the Yoast SEO plugin v27.4 - https:\/\/yoast.com\/product\/yoast-seo-wordpress\/ -->\n<title>Condi\u00e7\u00f5es de utiliza\u00e7\u00e3o do ambiente web e aviso legal - Proquimia<\/title>\n<meta name=\"robots\" content=\"noindex, nofollow\" \/>\n<meta property=\"og:locale\" content=\"pt_PT\" \/>\n<meta property=\"og:type\" content=\"article\" \/>\n<meta property=\"og:title\" content=\"Condi\u00e7\u00f5es de utiliza\u00e7\u00e3o do ambiente web e aviso legal - Proquimia\" \/>\n<meta property=\"og:url\" content=\"https:\/\/www.proquimia.com\/pt-pt\/condicoes-de-utilizacao-do-ambiente-web-e-aviso-legal\/\" \/>\n<meta property=\"og:site_name\" content=\"Proquimia\" \/>\n<meta property=\"article:publisher\" content=\"https:\/\/www.facebook.com\/proquimia\" \/>\n<meta property=\"article:modified_time\" content=\"2022-04-28T13:15:39+00:00\" \/>\n<meta name=\"twitter:card\" content=\"summary_large_image\" \/>\n<meta name=\"twitter:site\" content=\"@proquimia71\" \/>\n<meta name=\"twitter:label1\" content=\"Est. reading time\" \/>\n\t<meta name=\"twitter:data1\" content=\"3 minutes\" \/>\n<script type=\"application\/ld+json\" class=\"yoast-schema-graph\">{\"@context\":\"https:\\\/\\\/schema.org\",\"@graph\":[{\"@type\":\"WebPage\",\"@id\":\"https:\\\/\\\/www.proquimia.com\\\/pt-pt\\\/condicoes-de-utilizacao-do-ambiente-web-e-aviso-legal\\\/\",\"url\":\"https:\\\/\\\/www.proquimia.com\\\/pt-pt\\\/condicoes-de-utilizacao-do-ambiente-web-e-aviso-legal\\\/\",\"name\":\"Condi\u00e7\u00f5es de utiliza\u00e7\u00e3o do ambiente web e aviso legal - Proquimia\",\"isPartOf\":{\"@id\":\"https:\\\/\\\/www.proquimia.com\\\/pt-pt\\\/#website\"},\"datePublished\":\"2022-03-31T14:30:02+00:00\",\"dateModified\":\"2022-04-28T13:15:39+00:00\",\"breadcrumb\":{\"@id\":\"https:\\\/\\\/www.proquimia.com\\\/pt-pt\\\/condicoes-de-utilizacao-do-ambiente-web-e-aviso-legal\\\/#breadcrumb\"},\"inLanguage\":\"pt-PT-\",\"potentialAction\":[{\"@type\":\"ReadAction\",\"target\":[\"https:\\\/\\\/www.proquimia.com\\\/pt-pt\\\/condicoes-de-utilizacao-do-ambiente-web-e-aviso-legal\\\/\"]}]},{\"@type\":\"BreadcrumbList\",\"@id\":\"https:\\\/\\\/www.proquimia.com\\\/pt-pt\\\/condicoes-de-utilizacao-do-ambiente-web-e-aviso-legal\\\/#breadcrumb\",\"itemListElement\":[{\"@type\":\"ListItem\",\"position\":1,\"name\":\"Portada\",\"item\":\"https:\\\/\\\/www.proquimia.com\\\/pt-pt\\\/\"},{\"@type\":\"ListItem\",\"position\":2,\"name\":\"Condi\u00e7\u00f5es de utiliza\u00e7\u00e3o do ambiente web e aviso legal\"}]},{\"@type\":\"WebSite\",\"@id\":\"https:\\\/\\\/www.proquimia.com\\\/pt-pt\\\/#website\",\"url\":\"https:\\\/\\\/www.proquimia.com\\\/pt-pt\\\/\",\"name\":\"Proquimia\",\"description\":\"Soluciones qu\u00edmicas y Productos de Limpieza Industrial\",\"publisher\":{\"@id\":\"https:\\\/\\\/www.proquimia.com\\\/pt-pt\\\/#organization\"},\"potentialAction\":[{\"@type\":\"SearchAction\",\"target\":{\"@type\":\"EntryPoint\",\"urlTemplate\":\"https:\\\/\\\/www.proquimia.com\\\/pt-pt\\\/?s={search_term_string}\"},\"query-input\":{\"@type\":\"PropertyValueSpecification\",\"valueRequired\":true,\"valueName\":\"search_term_string\"}}],\"inLanguage\":\"pt-PT-\"},{\"@type\":\"Organization\",\"@id\":\"https:\\\/\\\/www.proquimia.com\\\/pt-pt\\\/#organization\",\"name\":\"Proquimia\",\"url\":\"https:\\\/\\\/www.proquimia.com\\\/pt-pt\\\/\",\"logo\":{\"@type\":\"ImageObject\",\"inLanguage\":\"pt-PT-\",\"@id\":\"https:\\\/\\\/www.proquimia.com\\\/pt-pt\\\/#\\\/schema\\\/logo\\\/image\\\/\",\"url\":\"https:\\\/\\\/www.proquimia.com\\\/wp-content\\\/uploads\\\/proquimia-logo-yoast.png\",\"contentUrl\":\"https:\\\/\\\/www.proquimia.com\\\/wp-content\\\/uploads\\\/proquimia-logo-yoast.png\",\"width\":696,\"height\":696,\"caption\":\"Proquimia\"},\"image\":{\"@id\":\"https:\\\/\\\/www.proquimia.com\\\/pt-pt\\\/#\\\/schema\\\/logo\\\/image\\\/\"},\"sameAs\":[\"https:\\\/\\\/www.facebook.com\\\/proquimia\",\"https:\\\/\\\/x.com\\\/proquimia71\",\"https:\\\/\\\/www.instagram.com\\\/proquimia_co\\\/\",\"http:\\\/\\\/www.linkedin.com\\\/company\\\/proquimia\",\"http:\\\/\\\/www.youtube.com\\\/user\\\/proquimiavic\"]}]}<\/script>\n<!-- \/ Yoast SEO plugin. -->","yoast_head_json":{"title":"Condi\u00e7\u00f5es de utiliza\u00e7\u00e3o do ambiente web e aviso legal - Proquimia","robots":{"index":"noindex","follow":"nofollow"},"og_locale":"pt_PT","og_type":"article","og_title":"Condi\u00e7\u00f5es de utiliza\u00e7\u00e3o do ambiente web e aviso legal - Proquimia","og_url":"https:\/\/www.proquimia.com\/pt-pt\/condicoes-de-utilizacao-do-ambiente-web-e-aviso-legal\/","og_site_name":"Proquimia","article_publisher":"https:\/\/www.facebook.com\/proquimia","article_modified_time":"2022-04-28T13:15:39+00:00","twitter_card":"summary_large_image","twitter_site":"@proquimia71","twitter_misc":{"Est. reading time":"3 minutes"},"schema":{"@context":"https:\/\/schema.org","@graph":[{"@type":"WebPage","@id":"https:\/\/www.proquimia.com\/pt-pt\/condicoes-de-utilizacao-do-ambiente-web-e-aviso-legal\/","url":"https:\/\/www.proquimia.com\/pt-pt\/condicoes-de-utilizacao-do-ambiente-web-e-aviso-legal\/","name":"Condi\u00e7\u00f5es de utiliza\u00e7\u00e3o do ambiente web e aviso legal - Proquimia","isPartOf":{"@id":"https:\/\/www.proquimia.com\/pt-pt\/#website"},"datePublished":"2022-03-31T14:30:02+00:00","dateModified":"2022-04-28T13:15:39+00:00","breadcrumb":{"@id":"https:\/\/www.proquimia.com\/pt-pt\/condicoes-de-utilizacao-do-ambiente-web-e-aviso-legal\/#breadcrumb"},"inLanguage":"pt-PT-","potentialAction":[{"@type":"ReadAction","target":["https:\/\/www.proquimia.com\/pt-pt\/condicoes-de-utilizacao-do-ambiente-web-e-aviso-legal\/"]}]},{"@type":"BreadcrumbList","@id":"https:\/\/www.proquimia.com\/pt-pt\/condicoes-de-utilizacao-do-ambiente-web-e-aviso-legal\/#breadcrumb","itemListElement":[{"@type":"ListItem","position":1,"name":"Portada","item":"https:\/\/www.proquimia.com\/pt-pt\/"},{"@type":"ListItem","position":2,"name":"Condi\u00e7\u00f5es de utiliza\u00e7\u00e3o do ambiente web e aviso legal"}]},{"@type":"WebSite","@id":"https:\/\/www.proquimia.com\/pt-pt\/#website","url":"https:\/\/www.proquimia.com\/pt-pt\/","name":"Proquimia","description":"Soluciones qu\u00edmicas y Productos de Limpieza Industrial","publisher":{"@id":"https:\/\/www.proquimia.com\/pt-pt\/#organization"},"potentialAction":[{"@type":"SearchAction","target":{"@type":"EntryPoint","urlTemplate":"https:\/\/www.proquimia.com\/pt-pt\/?s={search_term_string}"},"query-input":{"@type":"PropertyValueSpecification","valueRequired":true,"valueName":"search_term_string"}}],"inLanguage":"pt-PT-"},{"@type":"Organization","@id":"https:\/\/www.proquimia.com\/pt-pt\/#organization","name":"Proquimia","url":"https:\/\/www.proquimia.com\/pt-pt\/","logo":{"@type":"ImageObject","inLanguage":"pt-PT-","@id":"https:\/\/www.proquimia.com\/pt-pt\/#\/schema\/logo\/image\/","url":"https:\/\/www.proquimia.com\/wp-content\/uploads\/proquimia-logo-yoast.png","contentUrl":"https:\/\/www.proquimia.com\/wp-content\/uploads\/proquimia-logo-yoast.png","width":696,"height":696,"caption":"Proquimia"},"image":{"@id":"https:\/\/www.proquimia.com\/pt-pt\/#\/schema\/logo\/image\/"},"sameAs":["https:\/\/www.facebook.com\/proquimia","https:\/\/x.com\/proquimia71","https:\/\/www.instagram.com\/proquimia_co\/","http:\/\/www.linkedin.com\/company\/proquimia","http:\/\/www.youtube.com\/user\/proquimiavic"]}]}},"_links":{"self":[{"href":"https:\/\/www.proquimia.com\/pt-pt\/wp-json\/wp\/v2\/pages\/32800","targetHints":{"allow":["GET"]}}],"collection":[{"href":"https:\/\/www.proquimia.com\/pt-pt\/wp-json\/wp\/v2\/pages"}],"about":[{"href":"https:\/\/www.proquimia.com\/pt-pt\/wp-json\/wp\/v2\/types\/page"}],"author":[{"embeddable":true,"href":"https:\/\/www.proquimia.com\/pt-pt\/wp-json\/wp\/v2\/users\/1"}],"replies":[{"embeddable":true,"href":"https:\/\/www.proquimia.com\/pt-pt\/wp-json\/wp\/v2\/comments?post=32800"}],"version-history":[{"count":5,"href":"https:\/\/www.proquimia.com\/pt-pt\/wp-json\/wp\/v2\/pages\/32800\/revisions"}],"predecessor-version":[{"id":38672,"href":"https:\/\/www.proquimia.com\/pt-pt\/wp-json\/wp\/v2\/pages\/32800\/revisions\/38672"}],"wp:attachment":[{"href":"https:\/\/www.proquimia.com\/pt-pt\/wp-json\/wp\/v2\/media?parent=32800"}],"curies":[{"name":"wp","href":"https:\/\/api.w.org\/{rel}","templated":true}]}}