{"id":31405,"date":"2022-03-22T11:42:07","date_gmt":"2022-03-22T10:42:07","guid":{"rendered":"https:\/\/www.proquimia.com\/trabaja-con-nosotros\/"},"modified":"2025-07-09T13:04:17","modified_gmt":"2025-07-09T11:04:17","slug":"trabalhe-connosco","status":"publish","type":"page","link":"https:\/\/www.proquimia.com\/pt-pt\/trabalhe-connosco\/","title":{"rendered":"Trabalhe connosco"},"content":{"rendered":"<div class=\"vce-row-container\" data-vce-boxed-width=\"true\"><div class=\"vce-row vce-row--col-gap-30 vce-row-equal-height vce-row-content--top\" id=\"el-1fedfda6\" data-vce-do-apply=\"all el-1fedfda6\"><div class=\"vce-content-background-container\"><\/div><div class=\"vce-row-content\" data-vce-element-content=\"true\"><div class=\"vce-col vce-col--md-auto vce-col--xs-1 vce-col--xs-last vce-col--xs-first vce-col--sm-last vce-col--sm-first vce-col--md-first vce-col--lg-first vce-col--xl-first\" id=\"el-1a619bea\"><div class=\"vce-col-inner\" data-vce-do-apply=\"border margin background  el-1a619bea\"><div class=\"vce-col-content\" data-vce-element-content=\"true\" data-vce-do-apply=\"padding el-1a619bea\"><div class=\"vce-text-block\"><div class=\"vce-text-block-wrapper vce\" id=\"el-867c76d0\" data-vce-do-apply=\"all el-867c76d0\"><h1>Gostaria de se juntar \u00e0 nossa equipa?<\/h1><p>Na PROQUIMIA sabemos que uma das chaves do sucesso da empresa s\u00e3o os nossos colaboradores, uma equipa composta por <strong>trabalhadores competentes, entusiastas e bem treinados<\/strong>, que conta com cerca de 500 pessoas em todo o mundo, com presen\u00e7a em mais de 20 pa\u00edses.<\/p><p>Se se quiser juntar \u00e0 nossa grande equipa, pode consultar aqui as \u00faltimas ofertas de emprego ou, se preferir, enviar-nos o seu CV atrav\u00e9s do formul\u00e1rio de contacto abaixo.<\/p><\/div><\/div><\/div><\/div><\/div><div class=\"vce-col vce-col--md-auto vce-col--xs-1 vce-col--xs-last vce-col--xs-first vce-col--sm-last vce-col--sm-first vce-col--md-last vce-col--lg-last vce-col--xl-last\" id=\"el-6ecdf6cb\"><div class=\"vce-col-inner\" data-vce-do-apply=\"border margin background  el-6ecdf6cb\"><div class=\"vce-col-content\" data-vce-element-content=\"true\" data-vce-do-apply=\"padding el-6ecdf6cb\"><div><\/div><\/div><\/div><\/div><\/div><\/div><\/div><div class=\"vce-row-container\" data-vce-boxed-width=\"true\"><div class=\"vce-row vce-row--col-gap-30 vce-row-equal-height vce-row-content--top\" id=\"el-1c4c625f\" data-vce-do-apply=\"all el-1c4c625f\"><div class=\"vce-content-background-container\"><\/div><div class=\"vce-row-content\" data-vce-element-content=\"true\"><div class=\"vce-col vce-col--md-auto vce-col--xs-1 vce-col--xs-last vce-col--xs-first vce-col--sm-last vce-col--sm-first vce-col--md-last vce-col--lg-last vce-col--xl-last vce-col--md-first vce-col--lg-first vce-col--xl-first\" id=\"el-6a5e68cc\"><div class=\"vce-col-inner\" data-vce-do-apply=\"border margin background  el-6a5e68cc\"><div class=\"vce-col-content\" data-vce-element-content=\"true\" data-vce-do-apply=\"padding el-6a5e68cc\"><div class=\"vce-raw-html\"><div class=\"vce-raw-html-wrapper\" id=\"el-3dcedb7a\" data-vce-do-apply=\"all el-3dcedb7a\"><iframe loading=\"lazy\" style=\"border: 3px solid white;\" src=\"https:\/\/jobs.proquimia.com\/jobs\" name=\"myiFrame\" width=\"100%\" height=\"910\" frameborder=\"1\" marginwidth=\"0px\" marginheight=\"0px\" scrolling=\"yes\" allowfullscreen=\"allowfullscreen\"><\/iframe><\/div><\/div><\/div><\/div><\/div><\/div><\/div><\/div><div class=\"vce-row-container\"><div class=\"vce-row vce-element--xl--has-background vce-element--lg--has-background vce-element--md--has-background vce-element--sm--has-background vce-element--xs--has-background vce-row--col-gap-30 vce-row-equal-height vce-row-content--top vcv-state--show-resizer\" data-vce-full-width=\"true\" id=\"el-92fd9a83\" data-vce-do-apply=\"all el-92fd9a83\"><div class=\"vce-content-background-container\"><div class=\"vce-asset-background-simple-container vce-visible-xl-only vce-asset-background-simple--style-cover vce-asset-background-simple--position-center-center\"><div class=\"vce-asset-background-simple\">\r\n              <div class=\"vce-asset-background-simple-item vcv-lozad\" data-background-image=\"https:\/\/www.proquimia.com\/wp-content\/uploads\/2021\/11\/img_forumulario.png\"><\/div>\r\n              <noscript>\r\n                <div class=\"vce-asset-background-simple-item\" style=\"background-image: url(https:\/\/www.proquimia.com\/wp-content\/uploads\/2021\/11\/img_forumulario.png)\"><\/div>\r\n              <\/noscript>\r\n            <\/div><\/div><div class=\"vce-asset-background-simple-container vce-visible-lg-only vce-asset-background-simple--style-cover vce-asset-background-simple--position-center-center\"><div class=\"vce-asset-background-simple\">\r\n              <div class=\"vce-asset-background-simple-item vcv-lozad\" data-background-image=\"https:\/\/www.proquimia.com\/wp-content\/uploads\/2021\/11\/img_forumulario.png\"><\/div>\r\n              <noscript>\r\n                <div class=\"vce-asset-background-simple-item\" style=\"background-image: url(https:\/\/www.proquimia.com\/wp-content\/uploads\/2021\/11\/img_forumulario.png)\"><\/div>\r\n              <\/noscript>\r\n            <\/div><\/div><div class=\"vce-asset-background-simple-container vce-visible-md-only vce-asset-background-simple--style-cover vce-asset-background-simple--position-center-center\"><div class=\"vce-asset-background-simple\">\r\n              <div class=\"vce-asset-background-simple-item vcv-lozad\" data-background-image=\"https:\/\/www.proquimia.com\/wp-content\/uploads\/2021\/11\/img_forumulario.png\"><\/div>\r\n              <noscript>\r\n                <div class=\"vce-asset-background-simple-item\" style=\"background-image: url(https:\/\/www.proquimia.com\/wp-content\/uploads\/2021\/11\/img_forumulario.png)\"><\/div>\r\n              <\/noscript>\r\n            <\/div><\/div><div class=\"vce-asset-background-simple-container vce-visible-sm-only vce-asset-background-simple--style-cover vce-asset-background-simple--position-center-center\"><div class=\"vce-asset-background-simple\">\r\n              <div class=\"vce-asset-background-simple-item vcv-lozad\" data-background-image=\"https:\/\/www.proquimia.com\/wp-content\/uploads\/2021\/11\/img_forumulario.png\"><\/div>\r\n              <noscript>\r\n                <div class=\"vce-asset-background-simple-item\" style=\"background-image: url(https:\/\/www.proquimia.com\/wp-content\/uploads\/2021\/11\/img_forumulario.png)\"><\/div>\r\n              <\/noscript>\r\n            <\/div><\/div><div class=\"vce-asset-background-simple-container vce-visible-xs-only vce-asset-background-simple--style-cover vce-asset-background-simple--position-center-center\"><div class=\"vce-asset-background-simple\">\r\n              <div class=\"vce-asset-background-simple-item vcv-lozad\" data-background-image=\"https:\/\/www.proquimia.com\/wp-content\/uploads\/2021\/11\/img_forumulario.png\"><\/div>\r\n              <noscript>\r\n                <div class=\"vce-asset-background-simple-item\" style=\"background-image: url(https:\/\/www.proquimia.com\/wp-content\/uploads\/2021\/11\/img_forumulario.png)\"><\/div>\r\n              <\/noscript>\r\n            <\/div><\/div><\/div><div class=\"vce-row-content\" data-vce-element-content=\"true\"><div class=\"vce-col vce-col--md-auto vce-col--xs-1 vce-col--xs-last vce-col--xs-first vce-col--sm-last vce-col--sm-first vce-col--md-last vce-col--lg-last vce-col--xl-last vce-col--md-first vce-col--lg-first vce-col--xl-first\" id=\"el-4a042a22\"><div class=\"vce-col-inner\" data-vce-do-apply=\"border margin background  el-4a042a22\"><div class=\"vce-col-content\" data-vce-element-content=\"true\" data-vce-do-apply=\"padding el-4a042a22\"><div class=\"vce-row-container\" data-vce-boxed-width=\"true\"><div class=\"vce-row vce-row--col-gap-0 vce-row-equal-height vce-row-content--top\" id=\"el-dce2fd22\" data-vce-do-apply=\"all el-dce2fd22\"><div class=\"vce-row-content\" data-vce-element-content=\"true\"><div class=\"vce-col vce-col--md-auto vce-col--xs-1 vce-col--xs-last vce-col--xs-first vce-col--sm-last vce-col--sm-first vce-col--md-first vce-col--lg-first vce-col--xl-first\" id=\"el-b3b30f80\"><div class=\"vce-col-inner\" data-vce-do-apply=\"border margin background  el-b3b30f80\"><div class=\"vce-col-content\" data-vce-element-content=\"true\" data-vce-do-apply=\"padding el-b3b30f80\"><div class=\"vce-text-block\"><div class=\"vce-text-block-wrapper vce\" id=\"el-d5724048\" data-vce-do-apply=\"all el-d5724048\"><h2><span style=\"color: #ffffff; font-size: 36pt;\">Quer trabalhar connosco?<\/span><\/h2><h3><span style=\"color: #ffffff;\">N\u00e3o consegue encontrar uma oferta adequada ao seu talento?<\/span><\/h3><\/div><\/div><\/div><\/div><\/div><div class=\"vce-col vce-col--md-auto vce-col--xs-1 vce-col--xs-last vce-col--xs-first vce-col--sm-last vce-col--sm-first vce-col--md-last vce-col--lg-last vce-col--xl-last\" id=\"el-fbaddf4d\"><div class=\"vce-col-inner\" data-vce-do-apply=\"border margin background  el-fbaddf4d\"><div class=\"vce-col-content\" data-vce-element-content=\"true\" data-vce-do-apply=\"padding el-fbaddf4d\"><div class=\"vce-text-block\"><div class=\"vce-text-block-wrapper vce\" id=\"el-97d1fff2\" data-vce-do-apply=\"all el-97d1fff2\"><h3><span style=\"color: #ffffff;\">Inscreva-se e entraremos em contacto consigo quando tivermos uma oferta que se enquadre no seu perfil.<\/span><\/h3><\/div><\/div><div class=\"vce-button--style-basic-container vce-button--style-basic-container--align-left\"><span class=\"vce-button--style-basic-wrapper vce\" id=\"el-88c08515\" data-vce-do-apply=\"margin el-88c08515\"><a class=\"vce-button vce-button--style-basic vce-button--style-basic--border-rounded vce-button--style-basic--size-large vce-button--style-basic--color-ba-0-34-119-0-9--fff\" href=\"https:\/\/jobs.proquimia.com\/jobs\/envianos-tu-cv-786208ed-f0d9-4494-9fce-8ea254d22128\" title=\"\" target=\"_blank\" data-vce-do-apply=\"padding border background  el-88c08515\" rel=\"noopener\">Envie-nos o seu CV<\/a><\/span><\/div><\/div><\/div><\/div><\/div><\/div><\/div><\/div><\/div><\/div><\/div><\/div><\/div>","protected":false},"excerpt":{"rendered":"","protected":false},"author":1,"featured_media":0,"parent":0,"menu_order":0,"comment_status":"closed","ping_status":"closed","template":"","meta":{"_acf_changed":false,"inline_featured_image":false,"footnotes":""},"class_list":["post-31405","page","type-page","status-publish","hentry"],"acf":[],"yoast_head":"<!-- This site is optimized with the Yoast SEO plugin v27.1.1 - https:\/\/yoast.com\/product\/yoast-seo-wordpress\/ -->\n<title>Trabalhe connosco - Proquimia<\/title>\n<meta name=\"description\" content=\"Veja as nossas ofertas de emprego e junte-se \u00e0 PROQUIMIA. Procuramos talentos com vontade de crescer connosco.\" \/>\n<meta name=\"robots\" content=\"index, follow, max-snippet:-1, max-image-preview:large, max-video-preview:-1\" \/>\n<link rel=\"canonical\" href=\"https:\/\/www.proquimia.com\/pt-pt\/trabalhe-connosco\/\" \/>\n<meta property=\"og:locale\" content=\"pt_PT\" \/>\n<meta property=\"og:type\" content=\"article\" \/>\n<meta property=\"og:title\" content=\"Trabalhe connosco - Proquimia\" \/>\n<meta property=\"og:description\" content=\"Veja as nossas ofertas de emprego e junte-se \u00e0 PROQUIMIA. Procuramos talentos com vontade de crescer connosco.\" \/>\n<meta property=\"og:url\" content=\"https:\/\/www.proquimia.com\/pt-pt\/trabalhe-connosco\/\" \/>\n<meta property=\"og:site_name\" content=\"Proquimia\" \/>\n<meta property=\"article:publisher\" content=\"https:\/\/www.facebook.com\/proquimia\" \/>\n<meta property=\"article:modified_time\" content=\"2025-07-09T11:04:17+00:00\" \/>\n<meta name=\"twitter:card\" content=\"summary_large_image\" \/>\n<meta name=\"twitter:site\" content=\"@proquimia71\" \/>\n<meta name=\"twitter:label1\" content=\"Tempo estimado de leitura\" \/>\n\t<meta name=\"twitter:data1\" content=\"1 minuto\" \/>\n<script type=\"application\/ld+json\" class=\"yoast-schema-graph\">{\"@context\":\"https:\/\/schema.org\",\"@graph\":[{\"@type\":\"WebPage\",\"@id\":\"https:\/\/www.proquimia.com\/pt-pt\/trabalhe-connosco\/\",\"url\":\"https:\/\/www.proquimia.com\/pt-pt\/trabalhe-connosco\/\",\"name\":\"Trabalhe connosco - Proquimia\",\"isPartOf\":{\"@id\":\"https:\/\/www.proquimia.com\/pt-pt\/#website\"},\"datePublished\":\"2022-03-22T10:42:07+00:00\",\"dateModified\":\"2025-07-09T11:04:17+00:00\",\"description\":\"Veja as nossas ofertas de emprego e junte-se \u00e0 PROQUIMIA. Procuramos talentos com vontade de crescer connosco.\",\"breadcrumb\":{\"@id\":\"https:\/\/www.proquimia.com\/pt-pt\/trabalhe-connosco\/#breadcrumb\"},\"inLanguage\":\"pt-PT\",\"potentialAction\":[{\"@type\":\"ReadAction\",\"target\":[\"https:\/\/www.proquimia.com\/pt-pt\/trabalhe-connosco\/\"]}]},{\"@type\":\"BreadcrumbList\",\"@id\":\"https:\/\/www.proquimia.com\/pt-pt\/trabalhe-connosco\/#breadcrumb\",\"itemListElement\":[{\"@type\":\"ListItem\",\"position\":1,\"name\":\"Portada\",\"item\":\"https:\/\/www.proquimia.com\/pt-pt\/\"},{\"@type\":\"ListItem\",\"position\":2,\"name\":\"Trabalhe connosco\"}]},{\"@type\":\"WebSite\",\"@id\":\"https:\/\/www.proquimia.com\/pt-pt\/#website\",\"url\":\"https:\/\/www.proquimia.com\/pt-pt\/\",\"name\":\"Proquimia\",\"description\":\"Soluciones qu\u00edmicas y Productos de Limpieza Industrial\",\"publisher\":{\"@id\":\"https:\/\/www.proquimia.com\/pt-pt\/#organization\"},\"potentialAction\":[{\"@type\":\"SearchAction\",\"target\":{\"@type\":\"EntryPoint\",\"urlTemplate\":\"https:\/\/www.proquimia.com\/pt-pt\/?s={search_term_string}\"},\"query-input\":{\"@type\":\"PropertyValueSpecification\",\"valueRequired\":true,\"valueName\":\"search_term_string\"}}],\"inLanguage\":\"pt-PT\"},{\"@type\":\"Organization\",\"@id\":\"https:\/\/www.proquimia.com\/pt-pt\/#organization\",\"name\":\"Proquimia\",\"url\":\"https:\/\/www.proquimia.com\/pt-pt\/\",\"logo\":{\"@type\":\"ImageObject\",\"inLanguage\":\"pt-PT\",\"@id\":\"https:\/\/www.proquimia.com\/pt-pt\/#\/schema\/logo\/image\/\",\"url\":\"https:\/\/www.proquimia.com\/wp-content\/uploads\/proquimia-logo-yoast.png\",\"contentUrl\":\"https:\/\/www.proquimia.com\/wp-content\/uploads\/proquimia-logo-yoast.png\",\"width\":696,\"height\":696,\"caption\":\"Proquimia\"},\"image\":{\"@id\":\"https:\/\/www.proquimia.com\/pt-pt\/#\/schema\/logo\/image\/\"},\"sameAs\":[\"https:\/\/www.facebook.com\/proquimia\",\"https:\/\/x.com\/proquimia71\",\"https:\/\/www.instagram.com\/proquimia_co\/\",\"http:\/\/www.linkedin.com\/company\/proquimia\",\"http:\/\/www.youtube.com\/user\/proquimiavic\"]}]}<\/script>\n<!-- \/ Yoast SEO plugin. -->","yoast_head_json":{"title":"Trabalhe connosco - Proquimia","description":"Veja as nossas ofertas de emprego e junte-se \u00e0 PROQUIMIA. Procuramos talentos com vontade de crescer connosco.","robots":{"index":"index","follow":"follow","max-snippet":"max-snippet:-1","max-image-preview":"max-image-preview:large","max-video-preview":"max-video-preview:-1"},"canonical":"https:\/\/www.proquimia.com\/pt-pt\/trabalhe-connosco\/","og_locale":"pt_PT","og_type":"article","og_title":"Trabalhe connosco - Proquimia","og_description":"Veja as nossas ofertas de emprego e junte-se \u00e0 PROQUIMIA. Procuramos talentos com vontade de crescer connosco.","og_url":"https:\/\/www.proquimia.com\/pt-pt\/trabalhe-connosco\/","og_site_name":"Proquimia","article_publisher":"https:\/\/www.facebook.com\/proquimia","article_modified_time":"2025-07-09T11:04:17+00:00","twitter_card":"summary_large_image","twitter_site":"@proquimia71","twitter_misc":{"Tempo estimado de leitura":"1 minuto"},"schema":{"@context":"https:\/\/schema.org","@graph":[{"@type":"WebPage","@id":"https:\/\/www.proquimia.com\/pt-pt\/trabalhe-connosco\/","url":"https:\/\/www.proquimia.com\/pt-pt\/trabalhe-connosco\/","name":"Trabalhe connosco - Proquimia","isPartOf":{"@id":"https:\/\/www.proquimia.com\/pt-pt\/#website"},"datePublished":"2022-03-22T10:42:07+00:00","dateModified":"2025-07-09T11:04:17+00:00","description":"Veja as nossas ofertas de emprego e junte-se \u00e0 PROQUIMIA. Procuramos talentos com vontade de crescer connosco.","breadcrumb":{"@id":"https:\/\/www.proquimia.com\/pt-pt\/trabalhe-connosco\/#breadcrumb"},"inLanguage":"pt-PT","potentialAction":[{"@type":"ReadAction","target":["https:\/\/www.proquimia.com\/pt-pt\/trabalhe-connosco\/"]}]},{"@type":"BreadcrumbList","@id":"https:\/\/www.proquimia.com\/pt-pt\/trabalhe-connosco\/#breadcrumb","itemListElement":[{"@type":"ListItem","position":1,"name":"Portada","item":"https:\/\/www.proquimia.com\/pt-pt\/"},{"@type":"ListItem","position":2,"name":"Trabalhe connosco"}]},{"@type":"WebSite","@id":"https:\/\/www.proquimia.com\/pt-pt\/#website","url":"https:\/\/www.proquimia.com\/pt-pt\/","name":"Proquimia","description":"Soluciones qu\u00edmicas y Productos de Limpieza Industrial","publisher":{"@id":"https:\/\/www.proquimia.com\/pt-pt\/#organization"},"potentialAction":[{"@type":"SearchAction","target":{"@type":"EntryPoint","urlTemplate":"https:\/\/www.proquimia.com\/pt-pt\/?s={search_term_string}"},"query-input":{"@type":"PropertyValueSpecification","valueRequired":true,"valueName":"search_term_string"}}],"inLanguage":"pt-PT"},{"@type":"Organization","@id":"https:\/\/www.proquimia.com\/pt-pt\/#organization","name":"Proquimia","url":"https:\/\/www.proquimia.com\/pt-pt\/","logo":{"@type":"ImageObject","inLanguage":"pt-PT","@id":"https:\/\/www.proquimia.com\/pt-pt\/#\/schema\/logo\/image\/","url":"https:\/\/www.proquimia.com\/wp-content\/uploads\/proquimia-logo-yoast.png","contentUrl":"https:\/\/www.proquimia.com\/wp-content\/uploads\/proquimia-logo-yoast.png","width":696,"height":696,"caption":"Proquimia"},"image":{"@id":"https:\/\/www.proquimia.com\/pt-pt\/#\/schema\/logo\/image\/"},"sameAs":["https:\/\/www.facebook.com\/proquimia","https:\/\/x.com\/proquimia71","https:\/\/www.instagram.com\/proquimia_co\/","http:\/\/www.linkedin.com\/company\/proquimia","http:\/\/www.youtube.com\/user\/proquimiavic"]}]}},"_links":{"self":[{"href":"https:\/\/www.proquimia.com\/pt-pt\/wp-json\/wp\/v2\/pages\/31405","targetHints":{"allow":["GET"]}}],"collection":[{"href":"https:\/\/www.proquimia.com\/pt-pt\/wp-json\/wp\/v2\/pages"}],"about":[{"href":"https:\/\/www.proquimia.com\/pt-pt\/wp-json\/wp\/v2\/types\/page"}],"author":[{"embeddable":true,"href":"https:\/\/www.proquimia.com\/pt-pt\/wp-json\/wp\/v2\/users\/1"}],"replies":[{"embeddable":true,"href":"https:\/\/www.proquimia.com\/pt-pt\/wp-json\/wp\/v2\/comments?post=31405"}],"version-history":[{"count":1,"href":"https:\/\/www.proquimia.com\/pt-pt\/wp-json\/wp\/v2\/pages\/31405\/revisions"}],"predecessor-version":[{"id":38257,"href":"https:\/\/www.proquimia.com\/pt-pt\/wp-json\/wp\/v2\/pages\/31405\/revisions\/38257"}],"wp:attachment":[{"href":"https:\/\/www.proquimia.com\/pt-pt\/wp-json\/wp\/v2\/media?parent=31405"}],"curies":[{"name":"wp","href":"https:\/\/api.w.org\/{rel}","templated":true}]}}