{"id":32822,"date":"2021-09-23T08:22:41","date_gmt":"2021-09-23T06:22:41","guid":{"rendered":"https:\/\/www.proquimia.com\/politica-de-privacidad\/"},"modified":"2022-05-10T11:30:33","modified_gmt":"2022-05-10T09:30:33","slug":"politique-de-confidentialite","status":"publish","type":"page","link":"https:\/\/www.proquimia.com\/fr\/politique-de-confidentialite\/","title":{"rendered":"Politique de confidentialit\u00e9"},"content":{"rendered":"<div class=\"vce-row-container\" data-vce-boxed-width=\"true\"><div class=\"vce-row vce-row--col-gap-30 vce-row-equal-height vce-row-content--top\" id=\"el-b43ceab3\" data-vce-do-apply=\"all el-b43ceab3\"><div class=\"vce-content-background-container\"><\/div><div class=\"vce-row-content\" data-vce-element-content=\"true\"><div class=\"vce-col vce-col--md-16-66p vce-col--xs-1 vce-col--xs-last vce-col--xs-first vce-col--sm-last vce-col--sm-first vce-col--md-first vce-col--lg-first vce-col--xl-first\" id=\"el-2c01246e\"><div class=\"vce-col-inner\" data-vce-do-apply=\"border margin background  el-2c01246e\"><div class=\"vce-col-content\" data-vce-element-content=\"true\" data-vce-do-apply=\"padding el-2c01246e\"><div><\/div><\/div><\/div><\/div><div class=\"vce-col vce-col--md-66-66p vce-col--xs-1 vce-col--xs-last vce-col--xs-first vce-col--sm-last vce-col--sm-first\" id=\"el-abc6ff28\"><div class=\"vce-col-inner\" data-vce-do-apply=\"border margin background  el-abc6ff28\"><div class=\"vce-col-content\" data-vce-element-content=\"true\" data-vce-do-apply=\"padding el-abc6ff28\"><div class=\"vce-text-block\"><div class=\"vce-text-block-wrapper vce\" id=\"el-ba21a25a\" data-vce-do-apply=\"all el-ba21a25a\"><h1>Politique de confidentialit\u00e9<\/h1>\n<p>PROQUIMIA, S.A.<\/p>\n<p>NIF : A08288490<\/p>\n<p>Adresse Postale : Ctra. de Prats, n\u00ba 6 08500 VIC (Barcelona)<\/p>\n<p>T\u00e9l\u00e9phone : 938832353 Courriel : gestionintegral@proquimia.com<\/p>\n<p>&nbsp;<\/p>\n<p>OBJECTIF DU TRAITEMENT :<\/p>\n<p>Chez PROQUIMIA, S.A. Nous traitons les donn\u00e9es fournies par nos clients, fournisseurs, collaborateurs, candidats et\/ou personnes int\u00e9ress\u00e9es aux fins suivantes :<\/p>\n<p>- Maintenir la relation commerciale existante, ainsi que respecter les obligations qui peuvent en d\u00e9couler et de la r\u00e9glementation applicable.<\/p>\n<p>- Offrir le meilleur service possible et \u00eatre en mesure de respecter les engagements d\u00e9coulant de notre relation commerciale.<\/p>\n<p>- R\u00e9pondre \u00e0 vos questions et fournir aux parties int\u00e9ress\u00e9es des informations sur nos produits et services.<\/p>\n<p>- Envoyer les informations que vous sollicitez et vous tenir inform\u00e9 des \u00e9volutions affectant nos produits et services.<\/p>\n<p>- Inscription sur notre site internet pour nous contacter via les rubriques \"contact\" et \"travailler avec nous\".<\/p>\n<p>Les donn\u00e9es personnelles fournies seront conserv\u00e9es pendant la dur\u00e9e de la relation commerciale ou jusqu\u2019\u00e0 ce que l\u2019int\u00e9ress\u00e9 demande sa suppression, en respectant toujours le d\u00e9lai n\u00e9cessaire pour se conformer aux obligations l\u00e9gales.<\/p>\n<p>Les donn\u00e9es de contact de l'entreprise peuvent \u00eatre utilis\u00e9es pour envoyer des informations commerciales sur nos produits et services, toujours sur la base de l'int\u00e9r\u00eat l\u00e9gitime de nos relations existantes et\/ou du consentement librement exprim\u00e9 \u00e0 recevoir ce type d'informations, comme pr\u00e9vu dans le RGPD et \u00e0 l'article 21.2 de la loi 34\/2002, du 11 juillet, sur les services de la soci\u00e9t\u00e9 de l'information et du commerce \u00e9lectronique.<\/p>\n<p>L\u00c9GITIMATION :<\/p>\n<p>&nbsp;<\/p>\n<p>La base juridique pour le traitement des donn\u00e9es des clients, fournisseurs et\/ou collaborateurs est l'ex\u00e9cution de la relation contractuelle pr\u00e9existante avec Proquimia.<\/p>\n<p>Dans les cas o\u00f9 il n'y a pas de relation contractuelle, la base juridique du traitement des donn\u00e9es (clients potentiels, fournisseurs, collaborateurs ou autres personnes int\u00e9ress\u00e9es \u00e0 \u00e9tablir une relation commerciale ou contractuelle avec Proquimia) sera le consentement de l'int\u00e9ress\u00e9, librement donn\u00e9, \u00e0 ce sujet.<\/p>\n<p>Dans le cas de candidats ou d'autres parties int\u00e9ress\u00e9es qui contactent Proquimia, la base du traitement des donn\u00e9es personnelles consiste en la satisfaction des int\u00e9r\u00eats l\u00e9gitimes d'\u00e9tablir une relation contractuelle avec notre entreprise et\/ou de recevoir des informations de toute nature, respectivement.<\/p>\n<p>&nbsp;<\/p>\n<p>Si vous naviguez sur notre site Internet, nous pouvons vous demander des informations personnelles lorsque vous souhaitez nous contacter pour entamer une relation contractuelle (client, distributeur, fournisseur, autres), recevoir des informations de toute nature ou vouloir travailler avec nous. Dans ces cas, nous vous demanderons votre consentement pour le traitement de vos donn\u00e9es personnelles et l'acceptation de notre politique de confidentialit\u00e9, conform\u00e9ment \u00e0 la r\u00e9glementation applicable.<\/p>\n<p>&nbsp;<\/p>\n<p>DESTINATAIRES :<\/p>\n<p>Les donn\u00e9es fournies ne seront pas transf\u00e9r\u00e9es \u00e0 des tiers, sauf obligation l\u00e9gale. Toutefois, lorsque cela est n\u00e9cessaire pour l\u2019ex\u00e9cution d\u2019une relation contractuelle et \/ ou pour se conformer aux dispositions de la r\u00e9glementation applicable, les donn\u00e9es personnelles peuvent \u00eatre communiqu\u00e9es \u00e0:<\/p>\n<p>\u00b7 Des entit\u00e9s bancaires et entit\u00e9s de gestion des paiements, les autorit\u00e9s fiscales, douani\u00e8res et autres administrations publiques, ainsi que les autorit\u00e9s comp\u00e9tentes conform\u00e9ment \u00e0 la r\u00e9glementation en vigueur.<\/p>\n<p>\u00b7 Les transporteurs ou op\u00e9rateurs logistiques qui effectuent des activit\u00e9s de transport ou d\u2019exp\u00e9dition, les fabricants, sous-traitants et \/ ou fournisseurs de certains produits \/ services fournis, dans la mesure strictement n\u00e9cessaire \u00e0 l\u2019ex\u00e9cution de la relation contractuelle et le respect des exigences de la coordination des activit\u00e9s commerciales.<\/p>\n<p>\u00b7 Entit\u00e9s qui collaborent aux processus de s\u00e9lection du personnel en ce qui concerne les donn\u00e9es des candidats.<\/p>\n<p>&nbsp;<\/p>\n<p>&nbsp;<\/p>\n<p>DROITS :<\/p>\n<p>Les personnes int\u00e9ress\u00e9es pourront exercer les droits d'acc\u00e8s, de rectification, de suppression, d'opposition, de limitation ou de portabilit\u00e9 de leurs donn\u00e9es personnelles ; ou, le cas \u00e9ch\u00e9ant, formuler des r\u00e9clamations, dans les conditions de la r\u00e9glementation applicable en mati\u00e8re de protection des donn\u00e9es personnelles.<\/p>\n<p>Afin de pouvoir exercer les droits mentionn\u00e9s ci-dessus, r\u00e9voquer le consentement donn\u00e9 ou demander toute clarification qui pourrait \u00eatre n\u00e9cessaire, vous pouvez envoyer une demande \u00e0 gestionintegral@proquimia.com ou par courrier postal, toujours accompagn\u00e9e d\u2019une photocopie de votre pi\u00e8ce d\u2019identit\u00e9 ou un document prouvant votre identit\u00e9.<\/p>\n<p>&nbsp;<\/p>\n<p>Enfin, nous informons les parties int\u00e9ress\u00e9es, qu'elles pourront d\u00e9poser des r\u00e9clamations li\u00e9es au traitement de leurs donn\u00e9es personnelles devant l'Agence espagnole pour la protection des donn\u00e9es personnelles ou devant un tribunal comp\u00e9tent.<\/p>\n<p>&nbsp;<\/p>\n<p>Pour plus d'informations sur les conditions d'utilisation de notre site internet, consultez le lien<a href=\"https:\/\/www.proquimia.com\/fr\/mentions-legales\/\" target=\"_blank\" rel=\"noopener\"> suivant<\/a>.<\/p><\/div><\/div><\/div><\/div><\/div><div class=\"vce-col vce-col--md-16-66p vce-col--xs-1 vce-col--xs-last vce-col--xs-first vce-col--sm-last vce-col--sm-first vce-col--md-last vce-col--lg-last vce-col--xl-last\" id=\"el-b5d621b3\"><div class=\"vce-col-inner\" data-vce-do-apply=\"border margin background  el-b5d621b3\"><div class=\"vce-col-content\" data-vce-element-content=\"true\" data-vce-do-apply=\"padding el-b5d621b3\"><div><\/div><\/div><\/div><\/div><\/div><\/div><\/div>","protected":false},"excerpt":{"rendered":"<p>Politique de confidentialit\u00e9 PROQUIMIA, S.A. NIF : A08288490 Adresse Postale : Ctra. de Prats, n\u00ba 6 08500 VIC (Barcelona) T\u00e9l\u00e9phone : 938832353 Courriel : gestionintegral@proquimia.com &nbsp; OBJECTIF DU TRAITEMENT : Chez PROQUIMIA, S.A. Nous traitons les donn\u00e9es fournies par nos clients, fournisseurs, collaborateurs, candidats et\/ou personnes int\u00e9ress\u00e9es aux fins suivantes : &#8211; Maintenir la relation [&hellip;]<\/p>\n","protected":false},"author":1,"featured_media":0,"parent":0,"menu_order":0,"comment_status":"closed","ping_status":"closed","template":"","meta":{"_acf_changed":false,"inline_featured_image":false,"footnotes":""},"class_list":["post-32822","page","type-page","status-publish","hentry"],"acf":[],"yoast_head":"<!-- This site is optimized with the Yoast SEO plugin v27.1.1 - https:\/\/yoast.com\/product\/yoast-seo-wordpress\/ -->\n<title>Politique de confidentialit\u00e9 - Proquimia<\/title>\n<meta name=\"robots\" content=\"noindex, nofollow\" \/>\n<meta property=\"og:locale\" content=\"fr_FR\" \/>\n<meta property=\"og:type\" content=\"article\" \/>\n<meta property=\"og:title\" content=\"Politique de confidentialit\u00e9 - Proquimia\" \/>\n<meta property=\"og:description\" content=\"Politique de confidentialit\u00e9 PROQUIMIA, S.A. NIF : A08288490 Adresse Postale : Ctra. de Prats, n\u00ba 6 08500 VIC (Barcelona) T\u00e9l\u00e9phone : 938832353 Courriel : gestionintegral@proquimia.com &nbsp; OBJECTIF DU TRAITEMENT : Chez PROQUIMIA, S.A. Nous traitons les donn\u00e9es fournies par nos clients, fournisseurs, collaborateurs, candidats et\/ou personnes int\u00e9ress\u00e9es aux fins suivantes : - Maintenir la relation [&hellip;]\" \/>\n<meta property=\"og:url\" content=\"https:\/\/www.proquimia.com\/fr\/politique-de-confidentialite\/\" \/>\n<meta property=\"og:site_name\" content=\"Proquimia\" \/>\n<meta property=\"article:publisher\" content=\"https:\/\/www.facebook.com\/proquimia\" \/>\n<meta property=\"article:modified_time\" content=\"2022-05-10T09:30:33+00:00\" \/>\n<meta name=\"twitter:card\" content=\"summary_large_image\" \/>\n<meta name=\"twitter:site\" content=\"@proquimia71\" \/>\n<meta name=\"twitter:label1\" content=\"Dur\u00e9e de lecture estim\u00e9e\" \/>\n\t<meta name=\"twitter:data1\" content=\"4 minutes\" \/>\n<script type=\"application\/ld+json\" class=\"yoast-schema-graph\">{\"@context\":\"https:\/\/schema.org\",\"@graph\":[{\"@type\":\"WebPage\",\"@id\":\"https:\/\/www.proquimia.com\/fr\/politique-de-confidentialite\/\",\"url\":\"https:\/\/www.proquimia.com\/fr\/politique-de-confidentialite\/\",\"name\":\"Politique de confidentialit\u00e9 - Proquimia\",\"isPartOf\":{\"@id\":\"https:\/\/www.proquimia.com\/fr\/#website\"},\"datePublished\":\"2021-09-23T06:22:41+00:00\",\"dateModified\":\"2022-05-10T09:30:33+00:00\",\"breadcrumb\":{\"@id\":\"https:\/\/www.proquimia.com\/fr\/politique-de-confidentialite\/#breadcrumb\"},\"inLanguage\":\"fr-FR\",\"potentialAction\":[{\"@type\":\"ReadAction\",\"target\":[\"https:\/\/www.proquimia.com\/fr\/politique-de-confidentialite\/\"]}]},{\"@type\":\"BreadcrumbList\",\"@id\":\"https:\/\/www.proquimia.com\/fr\/politique-de-confidentialite\/#breadcrumb\",\"itemListElement\":[{\"@type\":\"ListItem\",\"position\":1,\"name\":\"Portada\",\"item\":\"https:\/\/www.proquimia.com\/fr\/\"},{\"@type\":\"ListItem\",\"position\":2,\"name\":\"Politique de confidentialit\u00e9\"}]},{\"@type\":\"WebSite\",\"@id\":\"https:\/\/www.proquimia.com\/fr\/#website\",\"url\":\"https:\/\/www.proquimia.com\/fr\/\",\"name\":\"Proquimia\",\"description\":\"Soluciones qu\u00edmicas y Productos de Limpieza Industrial\",\"publisher\":{\"@id\":\"https:\/\/www.proquimia.com\/fr\/#organization\"},\"potentialAction\":[{\"@type\":\"SearchAction\",\"target\":{\"@type\":\"EntryPoint\",\"urlTemplate\":\"https:\/\/www.proquimia.com\/fr\/?s={search_term_string}\"},\"query-input\":{\"@type\":\"PropertyValueSpecification\",\"valueRequired\":true,\"valueName\":\"search_term_string\"}}],\"inLanguage\":\"fr-FR\"},{\"@type\":\"Organization\",\"@id\":\"https:\/\/www.proquimia.com\/fr\/#organization\",\"name\":\"Proquimia\",\"url\":\"https:\/\/www.proquimia.com\/fr\/\",\"logo\":{\"@type\":\"ImageObject\",\"inLanguage\":\"fr-FR\",\"@id\":\"https:\/\/www.proquimia.com\/fr\/#\/schema\/logo\/image\/\",\"url\":\"https:\/\/www.proquimia.com\/wp-content\/uploads\/proquimia-logo-yoast.png\",\"contentUrl\":\"https:\/\/www.proquimia.com\/wp-content\/uploads\/proquimia-logo-yoast.png\",\"width\":696,\"height\":696,\"caption\":\"Proquimia\"},\"image\":{\"@id\":\"https:\/\/www.proquimia.com\/fr\/#\/schema\/logo\/image\/\"},\"sameAs\":[\"https:\/\/www.facebook.com\/proquimia\",\"https:\/\/x.com\/proquimia71\",\"https:\/\/www.instagram.com\/proquimia_co\/\",\"http:\/\/www.linkedin.com\/company\/proquimia\",\"http:\/\/www.youtube.com\/user\/proquimiavic\"]}]}<\/script>\n<!-- \/ Yoast SEO plugin. -->","yoast_head_json":{"title":"Politique de confidentialit\u00e9 - Proquimia","robots":{"index":"noindex","follow":"nofollow"},"og_locale":"fr_FR","og_type":"article","og_title":"Politique de confidentialit\u00e9 - Proquimia","og_description":"Politique de confidentialit\u00e9 PROQUIMIA, S.A. NIF : A08288490 Adresse Postale : Ctra. de Prats, n\u00ba 6 08500 VIC (Barcelona) T\u00e9l\u00e9phone : 938832353 Courriel : gestionintegral@proquimia.com &nbsp; OBJECTIF DU TRAITEMENT : Chez PROQUIMIA, S.A. Nous traitons les donn\u00e9es fournies par nos clients, fournisseurs, collaborateurs, candidats et\/ou personnes int\u00e9ress\u00e9es aux fins suivantes : - Maintenir la relation [&hellip;]","og_url":"https:\/\/www.proquimia.com\/fr\/politique-de-confidentialite\/","og_site_name":"Proquimia","article_publisher":"https:\/\/www.facebook.com\/proquimia","article_modified_time":"2022-05-10T09:30:33+00:00","twitter_card":"summary_large_image","twitter_site":"@proquimia71","twitter_misc":{"Dur\u00e9e de lecture estim\u00e9e":"4 minutes"},"schema":{"@context":"https:\/\/schema.org","@graph":[{"@type":"WebPage","@id":"https:\/\/www.proquimia.com\/fr\/politique-de-confidentialite\/","url":"https:\/\/www.proquimia.com\/fr\/politique-de-confidentialite\/","name":"Politique de confidentialit\u00e9 - Proquimia","isPartOf":{"@id":"https:\/\/www.proquimia.com\/fr\/#website"},"datePublished":"2021-09-23T06:22:41+00:00","dateModified":"2022-05-10T09:30:33+00:00","breadcrumb":{"@id":"https:\/\/www.proquimia.com\/fr\/politique-de-confidentialite\/#breadcrumb"},"inLanguage":"fr-FR","potentialAction":[{"@type":"ReadAction","target":["https:\/\/www.proquimia.com\/fr\/politique-de-confidentialite\/"]}]},{"@type":"BreadcrumbList","@id":"https:\/\/www.proquimia.com\/fr\/politique-de-confidentialite\/#breadcrumb","itemListElement":[{"@type":"ListItem","position":1,"name":"Portada","item":"https:\/\/www.proquimia.com\/fr\/"},{"@type":"ListItem","position":2,"name":"Politique de confidentialit\u00e9"}]},{"@type":"WebSite","@id":"https:\/\/www.proquimia.com\/fr\/#website","url":"https:\/\/www.proquimia.com\/fr\/","name":"Proquimia","description":"Soluciones qu\u00edmicas y Productos de Limpieza Industrial","publisher":{"@id":"https:\/\/www.proquimia.com\/fr\/#organization"},"potentialAction":[{"@type":"SearchAction","target":{"@type":"EntryPoint","urlTemplate":"https:\/\/www.proquimia.com\/fr\/?s={search_term_string}"},"query-input":{"@type":"PropertyValueSpecification","valueRequired":true,"valueName":"search_term_string"}}],"inLanguage":"fr-FR"},{"@type":"Organization","@id":"https:\/\/www.proquimia.com\/fr\/#organization","name":"Proquimia","url":"https:\/\/www.proquimia.com\/fr\/","logo":{"@type":"ImageObject","inLanguage":"fr-FR","@id":"https:\/\/www.proquimia.com\/fr\/#\/schema\/logo\/image\/","url":"https:\/\/www.proquimia.com\/wp-content\/uploads\/proquimia-logo-yoast.png","contentUrl":"https:\/\/www.proquimia.com\/wp-content\/uploads\/proquimia-logo-yoast.png","width":696,"height":696,"caption":"Proquimia"},"image":{"@id":"https:\/\/www.proquimia.com\/fr\/#\/schema\/logo\/image\/"},"sameAs":["https:\/\/www.facebook.com\/proquimia","https:\/\/x.com\/proquimia71","https:\/\/www.instagram.com\/proquimia_co\/","http:\/\/www.linkedin.com\/company\/proquimia","http:\/\/www.youtube.com\/user\/proquimiavic"]}]}},"_links":{"self":[{"href":"https:\/\/www.proquimia.com\/fr\/wp-json\/wp\/v2\/pages\/32822","targetHints":{"allow":["GET"]}}],"collection":[{"href":"https:\/\/www.proquimia.com\/fr\/wp-json\/wp\/v2\/pages"}],"about":[{"href":"https:\/\/www.proquimia.com\/fr\/wp-json\/wp\/v2\/types\/page"}],"author":[{"embeddable":true,"href":"https:\/\/www.proquimia.com\/fr\/wp-json\/wp\/v2\/users\/1"}],"replies":[{"embeddable":true,"href":"https:\/\/www.proquimia.com\/fr\/wp-json\/wp\/v2\/comments?post=32822"}],"version-history":[{"count":2,"href":"https:\/\/www.proquimia.com\/fr\/wp-json\/wp\/v2\/pages\/32822\/revisions"}],"predecessor-version":[{"id":52904,"href":"https:\/\/www.proquimia.com\/fr\/wp-json\/wp\/v2\/pages\/32822\/revisions\/52904"}],"wp:attachment":[{"href":"https:\/\/www.proquimia.com\/fr\/wp-json\/wp\/v2\/media?parent=32822"}],"curies":[{"name":"wp","href":"https:\/\/api.w.org\/{rel}","templated":true}]}}