{"id":32799,"date":"2022-03-31T16:30:02","date_gmt":"2022-03-31T14:30:02","guid":{"rendered":"https:\/\/www.proquimia.com\/aviso-legal\/"},"modified":"2022-04-28T15:11:26","modified_gmt":"2022-04-28T13:11:26","slug":"mentions-legales","status":"publish","type":"page","link":"https:\/\/www.proquimia.com\/fr\/mentions-legales\/","title":{"rendered":"Conditions d\u2019utilisation du site Web et mentions l\u00e9gales"},"content":{"rendered":"<div class=\"vce-row-container\" data-vce-boxed-width=\"true\"><div class=\"vce-row vce-row--col-gap-30 vce-row-equal-height vce-row-content--top\" id=\"el-d40ce583\" data-vce-do-apply=\"all el-d40ce583\"><div class=\"vce-content-background-container\"><\/div><div class=\"vce-row-content\" data-vce-element-content=\"true\"><div class=\"vce-col vce-col--xs-100p vce-col--xs-visible vce-col--xs-last vce-col--xs-first vce-col--sm-100p vce-col--sm-visible vce-col--sm-last vce-col--sm-first vce-col--md-100p vce-col--md-visible vce-col--md-last vce-col--md-first vce-col--lg-16-66p vce-col--lg-visible vce-col--lg-first vce-col--xl-16-66p vce-col--xl-visible vce-col--xl-first\" id=\"el-dc19dca6\"><div class=\"vce-col-inner\" data-vce-do-apply=\"border margin background  el-dc19dca6\"><div class=\"vce-col-content\" data-vce-element-content=\"true\" data-vce-do-apply=\"padding el-dc19dca6\"><div><\/div><\/div><\/div><\/div><div class=\"vce-col vce-col--xs-100p vce-col--xs-visible vce-col--xs-last vce-col--xs-first vce-col--sm-100p vce-col--sm-visible vce-col--sm-last vce-col--sm-first vce-col--md-100p vce-col--md-visible vce-col--md-last vce-col--md-first vce-col--lg-66-66p vce-col--lg-visible vce-col--xl-66-66p vce-col--xl-visible\" id=\"el-6cc8df15\"><div class=\"vce-col-inner\" data-vce-do-apply=\"border margin background  el-6cc8df15\"><div class=\"vce-col-content\" data-vce-element-content=\"true\" data-vce-do-apply=\"padding el-6cc8df15\"><div class=\"vce-text-block\"><div class=\"vce-text-block-wrapper vce\" id=\"el-cdf80889\" data-vce-do-apply=\"all el-cdf80889\"><h1 class=\"title\">Conditions d\u2019utilisation du site Web et mentions l\u00e9gales<\/h1>\n<p>Ce site est propri\u00e9t\u00e9 de PROQUIMIA,S. A., avec si\u00e8ge social \u00e0 Ctra. Prats, 6, 08500 Vic (Barcelona).&nbsp;Inscrit au registre de commerce et des soci\u00e9t\u00e9s de Barcelone, Tome 1986, Livre 1392, Section 2\u00e8me, Folio 39, Feuille 19397, Inscription 1\u00e8re \u2013 SIRET ES A08288490<\/p>\n<p>Ce site fournit des informations sur des propres produits et de l\u2019information copyright les termes duquel doivent \u00eatre respect\u00e9s et suivis. L\u2019information de ce site peut contenir impr\u00e9cisions techniques ou erreurs typographiques.<\/p>\n<p>Cette information peut \u00eatre modifi\u00e9e et mise \u00e0 jour sans avis pr\u00e9alable. PROQUIMIA, S.A. peut aussi am\u00e9liorer ou\/et&nbsp; changer les produits ou\/et les programmes d\u00e9crits sur ce site \u00e0 tout instant et sans avis pr\u00e9alable.<br>PROQUIMIA, S.A. ne peut garantir la pr\u00e9cision des informations diffus\u00e9es sur le site. L\u2019utilisation du contenu est sous la seule responsabilit\u00e9 de l\u2019utilisateur. Aucune licence sur aucun copyright, brevet ou autre droit de propri\u00e9t\u00e9 intellectuelle est accord\u00e9 par PROQUIMIA, S.A.<\/p>\n<p><strong>PROQUIMIA, S.A<\/strong>. ne repr\u00e9sente en aucun cas les autres sites tiers dont&nbsp;<strong>PROQUIMIA S.A.<\/strong>&nbsp;peut en faire r\u00e9f\u00e9rence sur son site. Les sites auxquels vous acc\u00e9dez \u00e0 travers les liens du site de&nbsp;<strong>PROQUIMIA, S.A<\/strong>. sont ind\u00e9pendants de notre entreprise, m\u00eame si ceux-ci portent le logo et nous n\u2019avons aucun contr\u00f4le sur le contenu de ces autres sites. En outre, nous d\u00e9clinons toute responsabilit\u00e9 quant au contenu d\u2019un site Web li\u00e9e au site&nbsp;<strong>PROQUIMIA, S.A.<\/strong>&nbsp;\u00c0 vous de prendre des pr\u00e9cautions pour assurer que ce que vous choisissez d\u2019utiliser est exempt d\u2019\u00e9l\u00e9ments tels que les virus, vers, chevaux de Troie et autres \u00e9l\u00e9ments de nature destructrice.<\/p>\n<p>EN AUCUN CAS PROQUIMIA, S.A. POURRA \u00caTRE TENUE RESPONSABLE DES DOMMAGES DIRECTS OU INDIRECTS&nbsp; PROVOQU\u00c9S PAR L\u2019UTILISATION DE CE SITE WEB OU N\u2019IMPORTE QUEL AUTRE SITE AUQUEL VOUS ACC\u00c9DEZ VIA LIEN HYPERTEXTE, Y INCLUS, MAIS SANS S\u2019Y LIMITER, DE TOUTE PERTE DE PROFITS, D\u2019INTERRUPTION D\u2019AFFAIRES, DE PERTE DE PROGRAMMES OU D\u2019AUTRES TYPES DE DONN\u00c9ES SUR VOTRE GESTION DE L\u2019INFORMATION OU AUTRE, M\u00caME SI NOUS SOMMES AVERTIS DE LA POSSIBILIT\u00c9 DE TELS DOMMAGES.<\/p>\n<p>Ce site&nbsp;Web ainsi que, mais sans s\u2019y limiter, sa programmation, son \u00e9dition, sa compilation, ses dessins, ses logos, ses textes et ses graphiques, sont la propri\u00e9t\u00e9 de PROQUIMIA,&nbsp;S.A., et sont prot\u00e9g\u00e9s par les r\u00e9glementations nationales et internationales en mati\u00e8re de propri\u00e9t\u00e9 intellectuelle et industrielle. L\u2019acc\u00e8s de l\u2019utilisateur au site&nbsp;Web ne lui conf\u00e8re aucun droit de propri\u00e9t\u00e9 sur ces derniers. L\u2019utilisation de marques\/noms de tiers est express\u00e9ment autoris\u00e9e par leurs propri\u00e9taires. Par cons\u00e9quent, le fournisseur ne saurait \u00eatre tenu pour responsable des litiges qui pourraient survenir \u00e0 cet \u00e9gard, et les supprimera imm\u00e9diatement d\u00e8s qu\u2019il en aura d\u00fbment connaissance. Si lors de votre visite sur le site, vous observez un quelconque contenu susceptible de porter atteinte aux droits de propri\u00e9t\u00e9 intellectuelle ou industrielle, veuillez en informer le fournisseur dans les plus brefs d\u00e9lais en envoyant un courrier \u00e9lectronique \u00e0&nbsp;: <a href=\"mailto:gestionintegral@proquimia.com\">gestionintegral@proquimia.com<\/a><\/p>\n<p>Pour plus d\u2019informations sur la protection des donn\u00e9es personnelles, consultez notre&nbsp;<a href=\"https:\/\/www.proquimia.com\/fr\/politique-de-confidentialite\/\" target=\"_blank\" rel=\"noopener\">politique de confidentialit\u00e9<\/a>.<\/p><\/div><\/div><\/div><\/div><\/div><div class=\"vce-col vce-col--xs-100p vce-col--xs-visible vce-col--xs-last vce-col--xs-first vce-col--sm-100p vce-col--sm-visible vce-col--sm-last vce-col--sm-first vce-col--md-100p vce-col--md-visible vce-col--md-last vce-col--md-first vce-col--lg-16-66p vce-col--lg-visible vce-col--lg-last vce-col--xl-16-66p vce-col--xl-visible vce-col--xl-last\" id=\"el-5f84ce91\"><div class=\"vce-col-inner\" data-vce-do-apply=\"border margin background  el-5f84ce91\"><div class=\"vce-col-content\" data-vce-element-content=\"true\" data-vce-do-apply=\"padding el-5f84ce91\"><div><\/div><\/div><\/div><\/div><\/div><\/div><\/div>","protected":false},"excerpt":{"rendered":"","protected":false},"author":1,"featured_media":0,"parent":0,"menu_order":0,"comment_status":"closed","ping_status":"closed","template":"","meta":{"_acf_changed":false,"inline_featured_image":false,"footnotes":""},"class_list":["post-32799","page","type-page","status-publish","hentry"],"acf":[],"yoast_head":"<!-- This site is optimized with the Yoast SEO plugin v27.1.1 - https:\/\/yoast.com\/product\/yoast-seo-wordpress\/ -->\n<title>Conditions d\u2019utilisation du site Web et mentions l\u00e9gales - Proquimia<\/title>\n<meta name=\"robots\" content=\"noindex, nofollow\" \/>\n<meta property=\"og:locale\" content=\"fr_FR\" \/>\n<meta property=\"og:type\" content=\"article\" \/>\n<meta property=\"og:title\" content=\"Conditions d\u2019utilisation du site Web et mentions l\u00e9gales - Proquimia\" \/>\n<meta property=\"og:url\" content=\"https:\/\/www.proquimia.com\/fr\/mentions-legales\/\" \/>\n<meta property=\"og:site_name\" content=\"Proquimia\" \/>\n<meta property=\"article:publisher\" content=\"https:\/\/www.facebook.com\/proquimia\" \/>\n<meta property=\"article:modified_time\" content=\"2022-04-28T13:11:26+00:00\" \/>\n<meta name=\"twitter:card\" content=\"summary_large_image\" \/>\n<meta name=\"twitter:site\" content=\"@proquimia71\" \/>\n<meta name=\"twitter:label1\" content=\"Dur\u00e9e de lecture estim\u00e9e\" \/>\n\t<meta name=\"twitter:data1\" content=\"3 minutes\" \/>\n<script type=\"application\/ld+json\" class=\"yoast-schema-graph\">{\"@context\":\"https:\/\/schema.org\",\"@graph\":[{\"@type\":\"WebPage\",\"@id\":\"https:\/\/www.proquimia.com\/fr\/mentions-legales\/\",\"url\":\"https:\/\/www.proquimia.com\/fr\/mentions-legales\/\",\"name\":\"Conditions d\u2019utilisation du site Web et mentions l\u00e9gales - Proquimia\",\"isPartOf\":{\"@id\":\"https:\/\/www.proquimia.com\/fr\/#website\"},\"datePublished\":\"2022-03-31T14:30:02+00:00\",\"dateModified\":\"2022-04-28T13:11:26+00:00\",\"breadcrumb\":{\"@id\":\"https:\/\/www.proquimia.com\/fr\/mentions-legales\/#breadcrumb\"},\"inLanguage\":\"fr-FR\",\"potentialAction\":[{\"@type\":\"ReadAction\",\"target\":[\"https:\/\/www.proquimia.com\/fr\/mentions-legales\/\"]}]},{\"@type\":\"BreadcrumbList\",\"@id\":\"https:\/\/www.proquimia.com\/fr\/mentions-legales\/#breadcrumb\",\"itemListElement\":[{\"@type\":\"ListItem\",\"position\":1,\"name\":\"Portada\",\"item\":\"https:\/\/www.proquimia.com\/fr\/\"},{\"@type\":\"ListItem\",\"position\":2,\"name\":\"Conditions d\u2019utilisation du site Web et mentions l\u00e9gales\"}]},{\"@type\":\"WebSite\",\"@id\":\"https:\/\/www.proquimia.com\/fr\/#website\",\"url\":\"https:\/\/www.proquimia.com\/fr\/\",\"name\":\"Proquimia\",\"description\":\"Soluciones qu\u00edmicas y Productos de Limpieza Industrial\",\"publisher\":{\"@id\":\"https:\/\/www.proquimia.com\/fr\/#organization\"},\"potentialAction\":[{\"@type\":\"SearchAction\",\"target\":{\"@type\":\"EntryPoint\",\"urlTemplate\":\"https:\/\/www.proquimia.com\/fr\/?s={search_term_string}\"},\"query-input\":{\"@type\":\"PropertyValueSpecification\",\"valueRequired\":true,\"valueName\":\"search_term_string\"}}],\"inLanguage\":\"fr-FR\"},{\"@type\":\"Organization\",\"@id\":\"https:\/\/www.proquimia.com\/fr\/#organization\",\"name\":\"Proquimia\",\"url\":\"https:\/\/www.proquimia.com\/fr\/\",\"logo\":{\"@type\":\"ImageObject\",\"inLanguage\":\"fr-FR\",\"@id\":\"https:\/\/www.proquimia.com\/fr\/#\/schema\/logo\/image\/\",\"url\":\"https:\/\/www.proquimia.com\/wp-content\/uploads\/proquimia-logo-yoast.png\",\"contentUrl\":\"https:\/\/www.proquimia.com\/wp-content\/uploads\/proquimia-logo-yoast.png\",\"width\":696,\"height\":696,\"caption\":\"Proquimia\"},\"image\":{\"@id\":\"https:\/\/www.proquimia.com\/fr\/#\/schema\/logo\/image\/\"},\"sameAs\":[\"https:\/\/www.facebook.com\/proquimia\",\"https:\/\/x.com\/proquimia71\",\"https:\/\/www.instagram.com\/proquimia_co\/\",\"http:\/\/www.linkedin.com\/company\/proquimia\",\"http:\/\/www.youtube.com\/user\/proquimiavic\"]}]}<\/script>\n<!-- \/ Yoast SEO plugin. -->","yoast_head_json":{"title":"Conditions d\u2019utilisation du site Web et mentions l\u00e9gales - Proquimia","robots":{"index":"noindex","follow":"nofollow"},"og_locale":"fr_FR","og_type":"article","og_title":"Conditions d\u2019utilisation du site Web et mentions l\u00e9gales - Proquimia","og_url":"https:\/\/www.proquimia.com\/fr\/mentions-legales\/","og_site_name":"Proquimia","article_publisher":"https:\/\/www.facebook.com\/proquimia","article_modified_time":"2022-04-28T13:11:26+00:00","twitter_card":"summary_large_image","twitter_site":"@proquimia71","twitter_misc":{"Dur\u00e9e de lecture estim\u00e9e":"3 minutes"},"schema":{"@context":"https:\/\/schema.org","@graph":[{"@type":"WebPage","@id":"https:\/\/www.proquimia.com\/fr\/mentions-legales\/","url":"https:\/\/www.proquimia.com\/fr\/mentions-legales\/","name":"Conditions d\u2019utilisation du site Web et mentions l\u00e9gales - Proquimia","isPartOf":{"@id":"https:\/\/www.proquimia.com\/fr\/#website"},"datePublished":"2022-03-31T14:30:02+00:00","dateModified":"2022-04-28T13:11:26+00:00","breadcrumb":{"@id":"https:\/\/www.proquimia.com\/fr\/mentions-legales\/#breadcrumb"},"inLanguage":"fr-FR","potentialAction":[{"@type":"ReadAction","target":["https:\/\/www.proquimia.com\/fr\/mentions-legales\/"]}]},{"@type":"BreadcrumbList","@id":"https:\/\/www.proquimia.com\/fr\/mentions-legales\/#breadcrumb","itemListElement":[{"@type":"ListItem","position":1,"name":"Portada","item":"https:\/\/www.proquimia.com\/fr\/"},{"@type":"ListItem","position":2,"name":"Conditions d\u2019utilisation du site Web et mentions l\u00e9gales"}]},{"@type":"WebSite","@id":"https:\/\/www.proquimia.com\/fr\/#website","url":"https:\/\/www.proquimia.com\/fr\/","name":"Proquimia","description":"Soluciones qu\u00edmicas y Productos de Limpieza Industrial","publisher":{"@id":"https:\/\/www.proquimia.com\/fr\/#organization"},"potentialAction":[{"@type":"SearchAction","target":{"@type":"EntryPoint","urlTemplate":"https:\/\/www.proquimia.com\/fr\/?s={search_term_string}"},"query-input":{"@type":"PropertyValueSpecification","valueRequired":true,"valueName":"search_term_string"}}],"inLanguage":"fr-FR"},{"@type":"Organization","@id":"https:\/\/www.proquimia.com\/fr\/#organization","name":"Proquimia","url":"https:\/\/www.proquimia.com\/fr\/","logo":{"@type":"ImageObject","inLanguage":"fr-FR","@id":"https:\/\/www.proquimia.com\/fr\/#\/schema\/logo\/image\/","url":"https:\/\/www.proquimia.com\/wp-content\/uploads\/proquimia-logo-yoast.png","contentUrl":"https:\/\/www.proquimia.com\/wp-content\/uploads\/proquimia-logo-yoast.png","width":696,"height":696,"caption":"Proquimia"},"image":{"@id":"https:\/\/www.proquimia.com\/fr\/#\/schema\/logo\/image\/"},"sameAs":["https:\/\/www.facebook.com\/proquimia","https:\/\/x.com\/proquimia71","https:\/\/www.instagram.com\/proquimia_co\/","http:\/\/www.linkedin.com\/company\/proquimia","http:\/\/www.youtube.com\/user\/proquimiavic"]}]}},"_links":{"self":[{"href":"https:\/\/www.proquimia.com\/fr\/wp-json\/wp\/v2\/pages\/32799","targetHints":{"allow":["GET"]}}],"collection":[{"href":"https:\/\/www.proquimia.com\/fr\/wp-json\/wp\/v2\/pages"}],"about":[{"href":"https:\/\/www.proquimia.com\/fr\/wp-json\/wp\/v2\/types\/page"}],"author":[{"embeddable":true,"href":"https:\/\/www.proquimia.com\/fr\/wp-json\/wp\/v2\/users\/1"}],"replies":[{"embeddable":true,"href":"https:\/\/www.proquimia.com\/fr\/wp-json\/wp\/v2\/comments?post=32799"}],"version-history":[{"count":1,"href":"https:\/\/www.proquimia.com\/fr\/wp-json\/wp\/v2\/pages\/32799\/revisions"}],"predecessor-version":[{"id":38669,"href":"https:\/\/www.proquimia.com\/fr\/wp-json\/wp\/v2\/pages\/32799\/revisions\/38669"}],"wp:attachment":[{"href":"https:\/\/www.proquimia.com\/fr\/wp-json\/wp\/v2\/media?parent=32799"}],"curies":[{"name":"wp","href":"https:\/\/api.w.org\/{rel}","templated":true}]}}