{"id":43920,"date":"2023-07-05T11:55:04","date_gmt":"2023-07-05T09:55:04","guid":{"rendered":"https:\/\/www.proquimia.com\/sistema-interno-informacion\/"},"modified":"2026-01-20T09:28:46","modified_gmt":"2026-01-20T08:28:46","slug":"sistema-intern-informacio","status":"publish","type":"page","link":"https:\/\/www.proquimia.com\/ca\/sistema-intern-informacio\/","title":{"rendered":"SISTEMA INTERN D&#039;INFORMACI\u00d3"},"content":{"rendered":"<div class=\"vce-row-container\" data-vce-boxed-width=\"true\"><div class=\"vce-row vce-row--col-gap-30 vce-row-equal-height vce-row-content--top\" id=\"el-bd476687\" data-vce-do-apply=\"all el-bd476687\"><div class=\"vce-row-content\" data-vce-element-content=\"true\"><div class=\"vce-col vce-col--md-auto vce-col--xs-1 vce-col--xs-last vce-col--xs-first vce-col--sm-last vce-col--sm-first vce-col--md-last vce-col--lg-last vce-col--xl-last vce-col--md-first vce-col--lg-first vce-col--xl-first\" id=\"el-8aafc633\"><div class=\"vce-col-inner\" data-vce-do-apply=\"border margin background  el-8aafc633\"><div class=\"vce-col-content\" data-vce-element-content=\"true\" data-vce-do-apply=\"padding el-8aafc633\"><div class=\"vce-text-block\"><div class=\"vce-text-block-wrapper vce\" id=\"el-db77b902\" data-vce-do-apply=\"all el-db77b902\"><h1>&nbsp;<\/h1><h1>Sistema intern d'informaci\u00f3<\/h1><p><strong>I.- SISTEMA INTERN D'INFORMACI\u00d3<\/strong><\/p><p>En compliment de la Llei 2\/2023, de 20 de&nbsp; novembre, reguladora de la protecci\u00f3 de les persones que informin sobre infraccions normatives i de lluita contra la corrupci\u00f3, PROQUIMIA, S.A. (en endavant \"PROQUIMIA\" o \"l'empresa\") fa constar que compta amb un Sistema Intern d'Informaci\u00f3, essent l'empresa la responsable del tractament de les dades personals de conformitat amb el que disposa la legislaci\u00f3 vigent en aquest \u00e0mbit.<br>Amb la finalitat d'enfortir la cultura de la informaci\u00f3 i de les infraestructures d'integritat de PROQUIMIA, i de fomentar la cultura de la comunicaci\u00f3 com a mecanisme de prevenci\u00f3 d'activitats o omissions que puguin ser constitutives d'infraccions de l'\u00e0mbit de la UE, penals, administratives greus o molt greus o laborals en l'\u00e0mbit de la salut i la seguretat, l'empresa compta amb un Comit\u00e8 de Compliment Penal (CCP), els integrants del qual s\u00f3n aix\u00ed mateix, persones Responsables del Sistema intern d'Informaci\u00f3 (RSII). Actualment, aquest Comit\u00e8 est\u00e0 compost per la persona Directora de l'\u00e0rea de Gesti\u00f3 Integrada i de la persona Responsable de l'\u00e0rea de RRHH. En aquest sentit, s'ha delegat en la persona Directora de l'\u00e0rea de Gesti\u00f3 Integrada de l'empresa la gesti\u00f3 d'aquest Sistema i la tramitaci\u00f3 dels expedients d'investigaci\u00f3 de les informacions que es rebin pel Canal \u00c8tic (Canal Intern d'Informaci\u00f3), emparats per aquesta normativa. Les referides informacions es poden fer arribar per qualsevol dels mitjans seg\u00fcents:<\/p><ul><li>A la plataforma de comunicacions de qu\u00e8 disposa l\u2019empresa, a la qual poden accedir les persones treballadores de l\u2019empresa a trav\u00e9s de la intranet corporativa: My Proquimia \/ RRHH \/ Canal de den\u00fancies; i, per part de les persones externes a l\u2019organitzaci\u00f3, l\u2019acc\u00e9s es realitza a trav\u00e9s del procediment indicat a la p\u00e0gina web corporativa, a l\u2019apartat \u201cCanal \u00c8tic\u201d dins de la secci\u00f3 Contacte.<\/li><li>A l'adre\u00e7a postal: Carretera de Prats de Llu\u00e7an\u00e8s, n\u00ba 6, Vic (Barcelona) \u2013a l'atenci\u00f3 del Comit\u00e8 de Compliment Penal i persones RSII\u2013<\/li><li>Mitjan\u00e7ant escrit lliurat a qualsevol dels membres del Comit\u00e8 de Compliment Penal i persones RSII\u2013<\/li><\/ul><p>A sol\u00b7licitud de la persona informant, tamb\u00e9 es podr\u00e0 presentar la comunicaci\u00f3 mitjan\u00e7ant una reuni\u00f3 presencial amb els membres del Comit\u00e8 de Compliment Penal i persones RSII nomenades, en un termini m\u00e0xim de set dies. Les informacions verbals realitzades a trav\u00e9s de reuni\u00f3&nbsp; resencial s'hauran de documentar d'alguna de les maneres seg\u00fcents, previ consentiment de la persona informant:<\/p><p>a) mitjan\u00e7ant una gravaci\u00f3 de la conversa en un format segur, durador i accessible, o<\/p><p>(*) S'advertir\u00e0 a la persona informant que la comunicaci\u00f3 ser\u00e0 gravada i se l'informar\u00e0 del tractament de les seves dades d'acord amb el que estableix el Reglament (UE) 2016\/679 del Parlament Europeu i del Consell, de 27 d'abril de 2016.<br>b) a trav\u00e9s d'una transcripci\u00f3 completa i exacta de la conversa realitzada pel personal responsable de tractar-la. Sens perjudici dels drets que li corresponen d'acord amb la normativa sobre protecci\u00f3 de dades, s'oferir\u00e0 a la persona informant l'oportunitat de comprovar, rectificar i acceptar mitjan\u00e7ant la seva signatura la transcripci\u00f3 de la conversa.<\/p><p>El Sistema Intern d'Informaci\u00f3 compleix amb els requisits de l\u2019article 5.2 de la Llei de refer\u00e8ncia:<\/p><p>a). - Permet que les persones a qui aplica la Llei puguin comunicar informacions, per diversos mitjans, sobre les infraccions previstes en l'article 2.<\/p><p>b). - Es gestiona de forma segura, garantint que les comunicacions puguin tractar-se de forma efectiva dins de les empreses, aix\u00ed com la confidencialitat de la identitat de la persona informant i de qualsevol tercera persona esmentada en la comunicaci\u00f3 i de les actuacions que es<br>desenvolupin en la gesti\u00f3 i tramitaci\u00f3 d'aquesta, aix\u00ed com la protecci\u00f3 de dades, impedint l'acc\u00e9s de personal no autoritzat.<\/p><p>c). - Compta amb un Protocol que estableix garanties per a la protecci\u00f3 de les persones informants:<\/p><p>1. Justificant de recepci\u00f3 en el termini de set dies naturals seg\u00fcents a la recepci\u00f3 de la informaci\u00f3.<\/p><p>2. Termini m\u00e0xim de tres mesos per donar resposta a les actuacions de la investigaci\u00f3, en els termes de l'article 9 de la Llei, emplenant i custodiant de forma diligent un LlibreRegistre d' Informacions.<\/p><p>3. Possibilitat de mantenir la comunicaci\u00f3 amb la persona informant.<\/p><p>4. Establiment del dret de la persona afectada a qu\u00e8 se li informi de les accions o omissions que se li atribueixen i a ser escoltada.<\/p><p>5. Garantia de confidencialitat quan la comunicaci\u00f3 sigui tramesa per canals de den\u00fancia que no siguin els establerts o a personal no responsable del seu tractament, aix\u00ed com l'obligaci\u00f3 que la persona que la rebi, la remeti immediatament a la persona Responsable del Sistema.<\/p><p>6. Respecte a la presumpci\u00f3 d'innoc\u00e8ncia i a l'honor de les persones afectades.<\/p><p>7. Respecte a les disposicions sobre Protecci\u00f3 de Dades (T\u00edtol VI Llei de refer\u00e8ncia).<\/p><p>8. Comprom\u00eds de remissi\u00f3 de la informaci\u00f3 al Ministeri Fiscal amb car\u00e0cter immediat, quan els fets poguessin ser indici\u00e0riament constitutius de delicte.<\/p><p><strong>II.- TRACTAMENT DE DADES PERSONALS<\/strong><\/p><p>PROQUIMIA tractar\u00e0 les dades personals incloses en les comunicacions que es rebin i quedin emparades per la Llei 2\/2023, com a responsable del tractament, amb la finalitat de poder gestionar-les i iniciar, si s'escau, el procediment d'investigaci\u00f3 corresponent. La base jur\u00eddica del tractament ser\u00e0 el compliment d'una obligaci\u00f3 legal, derivada de la Llei de refer\u00e8ncia. Si la comunicaci\u00f3 cont\u00e9 dades de car\u00e0cter especial, la base jur\u00eddica ser\u00e0 l'inter\u00e8s p\u00fablic essencial i altres previsions establertes a l'apartat 2 de l'art. 9.2. del Reglament (UE) 2016\/679 del Parlament Europeu i del Consell de 27 d'abril de 2016 relatiu a la protecci\u00f3 de les persones f\u00edsiques respecte al tractament de dades personals.<\/p><p>Aix\u00ed mateix, s'ha indicat que aquestes dades personals podran ser tractades i cedides pel personal autoritzat per a aix\u00f2 \u00fanicament quan resulti necessari per a l'adopci\u00f3 de mesures correctores en l'empresa o per a la tramitaci\u00f3 dels procediments sancionadors o penals que, en<br>el seu cas, procedeixin. Les dades personals es conservaran el temps imprescindible per decidir sobre la proced\u00e8ncia d'iniciar una investigaci\u00f3 sobre els fets informats. En tot cas, si aquesta decisi\u00f3 no s'adopt\u00e9s en un termini de tres mesos, les dades personals contingudes en la<br>comunicaci\u00f3 es suprimiran, llevat de la finalitat de mantenir evid\u00e8ncia del funcionament del sistema.<\/p><p>Tamb\u00e9 seran suprimides aquelles dades personals no considerades veraces, a excepci\u00f3 que aquesta manca de veracitat pugui constituir un il\u00b7l\u00edcit penal, cas en el qual es guardar\u00e0 la informaci\u00f3 pel temps necessari durant el qual es tramiti el procediment judicial.<\/p><p>Finalment, es fa constar que, en qualsevol moment, la persona comunicant podr\u00e0 demanar al responsable del tractament l'acc\u00e9s a les seves dades personals, la seva rectificaci\u00f3 o supressi\u00f3, o la limitaci\u00f3 del seu tractament, o a oposar-se, aix\u00ed com el dret a la portabilitat de les dades,<br>enviant un escrit acompanyat d'una fotoc\u00f2pia del seu document d\u2019identitat al correu electr\u00f2nic gestionintegral@proquimia.com. En cas de disconformitat amb el tractament de les seves dades, podr\u00e0 presentar una reclamaci\u00f3 davant l'Ag\u00e8ncia Espanyola de Protecci\u00f3 de Dades,<br>organisme que ostenta l'autoritat de control en la mat\u00e8ria, ubicada al C\/ Jorge Juan, 6 (28001) Madrid (www.aepd.es).<\/p><p><strong>III.- NO REPRES\u00c0LIA<\/strong><\/p><p>PROQUIMIA es compromet expressament a no dur a terme actes constitutius de repres\u00e0lia, incloses amenaces o temptatives de repres\u00e0lia contra les persones que presentin una comunicaci\u00f3 conforme al que preveu la Llei 2\/2023, i a aplicar mesures de protecci\u00f3 durant la tramitaci\u00f3 d'un expedient, respecte de les persones afectades per una possible comunicaci\u00f3.<\/p><p><strong>IV.- EXEMPCI\u00d3 I ATENUACI\u00d3 DE LA SANCI\u00d3 <\/strong><\/p><p>Quan una persona que hagu\u00e9s participat en la comissi\u00f3 de la infracci\u00f3 administrativa objecte de la informaci\u00f3 sigui la que informi de la seva exist\u00e8ncia mitjan\u00e7ant la presentaci\u00f3 de la informaci\u00f3 (i sempre que aquesta hagu\u00e9s estat presentada amb anterioritat a qu\u00e8 hagu\u00e9s estat notificada la incoaci\u00f3 del procediment d'investigaci\u00f3 o sancionador), l'\u00f2rgan competent per resoldre el procediment, mitjan\u00e7ant resoluci\u00f3 motivada, podr\u00e0 eximir-lo del compliment de la sanci\u00f3 administrativa que li correspongu\u00e9s sempre que resultin acreditats els extrems esmentats a l'article 40 de la Llei de refer\u00e8ncia.<\/p><p>(*) El Canal Intern permet la presentaci\u00f3 de comunicacions an\u00f2nimes.<\/p><p>**) Encara que sempre que sigui possible, ser\u00e0 preferent la utilitzaci\u00f3 del canal intern, segons les circumst\u00e0ncies i gravetat de la informaci\u00f3 i si l'informant aix\u00ed ho decideix, les comunicacions podran remetre's, si s'escau, a l'Autoritat Independent de Protecci\u00f3 de l'Informant a nivell nacional o auton\u00f2mic, al Ministeri Fiscal o a la Fiscalia Europea, segons sigui pertinent.<\/p><\/div><\/div><\/div><\/div><\/div><\/div><\/div><\/div>\n","protected":false},"excerpt":{"rendered":"<p>&nbsp;Sistema intern d&#8217;informaci\u00f3I.- SISTEMA INTERN D&#8217;INFORMACI\u00d3En compliment de la Llei 2\/2023, de 20 de&nbsp; novembre, reguladora de la protecci\u00f3 de les persones que informin sobre infraccions normatives i de lluita contra la corrupci\u00f3, PROQUIMIA, S.A. (en endavant &#8220;PROQUIMIA&#8221; o &#8220;l&#8217;empresa&#8221;) fa constar que compta amb un Sistema Intern d&#8217;Informaci\u00f3, essent l&#8217;empresa la responsable del tractament [&hellip;]<\/p>\n","protected":false},"author":5,"featured_media":0,"parent":0,"menu_order":0,"comment_status":"closed","ping_status":"closed","template":"","meta":{"_acf_changed":false,"inline_featured_image":false,"footnotes":""},"class_list":["post-43920","page","type-page","status-publish","hentry"],"acf":[],"yoast_head":"<!-- This site is optimized with the Yoast SEO plugin v27.1.1 - https:\/\/yoast.com\/product\/yoast-seo-wordpress\/ -->\n<title>SISTEMA INTERN D&#039;INFORMACI\u00d3 - Proquimia<\/title>\n<meta name=\"robots\" content=\"noindex, nofollow\" \/>\n<meta property=\"og:locale\" content=\"ca_ES\" \/>\n<meta property=\"og:type\" content=\"article\" \/>\n<meta property=\"og:title\" content=\"SISTEMA INTERN D&#039;INFORMACI\u00d3 - Proquimia\" \/>\n<meta property=\"og:description\" content=\"&nbsp;Sistema intern d&#039;informaci\u00f3I.- SISTEMA INTERN D&#039;INFORMACI\u00d3En compliment de la Llei 2\/2023, de 20 de&nbsp; novembre, reguladora de la protecci\u00f3 de les persones que informin sobre infraccions normatives i de lluita contra la corrupci\u00f3, PROQUIMIA, S.A. (en endavant &quot;PROQUIMIA&quot; o &quot;l&#039;empresa&quot;) fa constar que compta amb un Sistema Intern d&#039;Informaci\u00f3, essent l&#039;empresa la responsable del tractament [&hellip;]\" \/>\n<meta property=\"og:url\" content=\"https:\/\/www.proquimia.com\/ca\/sistema-intern-informacio\/\" \/>\n<meta property=\"og:site_name\" content=\"Proquimia\" \/>\n<meta property=\"article:publisher\" content=\"https:\/\/www.facebook.com\/proquimia\" \/>\n<meta property=\"article:modified_time\" content=\"2026-01-20T08:28:46+00:00\" \/>\n<meta name=\"twitter:card\" content=\"summary_large_image\" \/>\n<meta name=\"twitter:site\" content=\"@proquimia71\" \/>\n<meta name=\"twitter:label1\" content=\"Temps estimat de lectura\" \/>\n\t<meta name=\"twitter:data1\" content=\"7 minuts\" \/>\n<script type=\"application\/ld+json\" class=\"yoast-schema-graph\">{\"@context\":\"https:\/\/schema.org\",\"@graph\":[{\"@type\":\"WebPage\",\"@id\":\"https:\/\/www.proquimia.com\/ca\/sistema-intern-informacio\/\",\"url\":\"https:\/\/www.proquimia.com\/ca\/sistema-intern-informacio\/\",\"name\":\"SISTEMA INTERN D&#039;INFORMACI\u00d3 - Proquimia\",\"isPartOf\":{\"@id\":\"https:\/\/www.proquimia.com\/ca\/#website\"},\"datePublished\":\"2023-07-05T09:55:04+00:00\",\"dateModified\":\"2026-01-20T08:28:46+00:00\",\"breadcrumb\":{\"@id\":\"https:\/\/www.proquimia.com\/ca\/sistema-intern-informacio\/#breadcrumb\"},\"inLanguage\":\"ca\",\"potentialAction\":[{\"@type\":\"ReadAction\",\"target\":[\"https:\/\/www.proquimia.com\/ca\/sistema-intern-informacio\/\"]}]},{\"@type\":\"BreadcrumbList\",\"@id\":\"https:\/\/www.proquimia.com\/ca\/sistema-intern-informacio\/#breadcrumb\",\"itemListElement\":[{\"@type\":\"ListItem\",\"position\":1,\"name\":\"Portada\",\"item\":\"https:\/\/www.proquimia.com\/ca\/\"},{\"@type\":\"ListItem\",\"position\":2,\"name\":\"SISTEMA INTERN D&#039;INFORMACI\u00d3\"}]},{\"@type\":\"WebSite\",\"@id\":\"https:\/\/www.proquimia.com\/ca\/#website\",\"url\":\"https:\/\/www.proquimia.com\/ca\/\",\"name\":\"Proquimia\",\"description\":\"Soluciones qu\u00edmicas y Productos de Limpieza Industrial\",\"publisher\":{\"@id\":\"https:\/\/www.proquimia.com\/ca\/#organization\"},\"potentialAction\":[{\"@type\":\"SearchAction\",\"target\":{\"@type\":\"EntryPoint\",\"urlTemplate\":\"https:\/\/www.proquimia.com\/ca\/?s={search_term_string}\"},\"query-input\":{\"@type\":\"PropertyValueSpecification\",\"valueRequired\":true,\"valueName\":\"search_term_string\"}}],\"inLanguage\":\"ca\"},{\"@type\":\"Organization\",\"@id\":\"https:\/\/www.proquimia.com\/ca\/#organization\",\"name\":\"Proquimia\",\"url\":\"https:\/\/www.proquimia.com\/ca\/\",\"logo\":{\"@type\":\"ImageObject\",\"inLanguage\":\"ca\",\"@id\":\"https:\/\/www.proquimia.com\/ca\/#\/schema\/logo\/image\/\",\"url\":\"https:\/\/www.proquimia.com\/wp-content\/uploads\/proquimia-logo-yoast.png\",\"contentUrl\":\"https:\/\/www.proquimia.com\/wp-content\/uploads\/proquimia-logo-yoast.png\",\"width\":696,\"height\":696,\"caption\":\"Proquimia\"},\"image\":{\"@id\":\"https:\/\/www.proquimia.com\/ca\/#\/schema\/logo\/image\/\"},\"sameAs\":[\"https:\/\/www.facebook.com\/proquimia\",\"https:\/\/x.com\/proquimia71\",\"https:\/\/www.instagram.com\/proquimia_co\/\",\"http:\/\/www.linkedin.com\/company\/proquimia\",\"http:\/\/www.youtube.com\/user\/proquimiavic\"]}]}<\/script>\n<!-- \/ Yoast SEO plugin. -->","yoast_head_json":{"title":"SISTEMA INTERN D&#039;INFORMACI\u00d3 - Proquimia","robots":{"index":"noindex","follow":"nofollow"},"og_locale":"ca_ES","og_type":"article","og_title":"SISTEMA INTERN D&#039;INFORMACI\u00d3 - Proquimia","og_description":"&nbsp;Sistema intern d'informaci\u00f3I.- SISTEMA INTERN D'INFORMACI\u00d3En compliment de la Llei 2\/2023, de 20 de&nbsp; novembre, reguladora de la protecci\u00f3 de les persones que informin sobre infraccions normatives i de lluita contra la corrupci\u00f3, PROQUIMIA, S.A. (en endavant \"PROQUIMIA\" o \"l'empresa\") fa constar que compta amb un Sistema Intern d'Informaci\u00f3, essent l'empresa la responsable del tractament [&hellip;]","og_url":"https:\/\/www.proquimia.com\/ca\/sistema-intern-informacio\/","og_site_name":"Proquimia","article_publisher":"https:\/\/www.facebook.com\/proquimia","article_modified_time":"2026-01-20T08:28:46+00:00","twitter_card":"summary_large_image","twitter_site":"@proquimia71","twitter_misc":{"Temps estimat de lectura":"7 minuts"},"schema":{"@context":"https:\/\/schema.org","@graph":[{"@type":"WebPage","@id":"https:\/\/www.proquimia.com\/ca\/sistema-intern-informacio\/","url":"https:\/\/www.proquimia.com\/ca\/sistema-intern-informacio\/","name":"SISTEMA INTERN D&#039;INFORMACI\u00d3 - Proquimia","isPartOf":{"@id":"https:\/\/www.proquimia.com\/ca\/#website"},"datePublished":"2023-07-05T09:55:04+00:00","dateModified":"2026-01-20T08:28:46+00:00","breadcrumb":{"@id":"https:\/\/www.proquimia.com\/ca\/sistema-intern-informacio\/#breadcrumb"},"inLanguage":"ca","potentialAction":[{"@type":"ReadAction","target":["https:\/\/www.proquimia.com\/ca\/sistema-intern-informacio\/"]}]},{"@type":"BreadcrumbList","@id":"https:\/\/www.proquimia.com\/ca\/sistema-intern-informacio\/#breadcrumb","itemListElement":[{"@type":"ListItem","position":1,"name":"Portada","item":"https:\/\/www.proquimia.com\/ca\/"},{"@type":"ListItem","position":2,"name":"SISTEMA INTERN D&#039;INFORMACI\u00d3"}]},{"@type":"WebSite","@id":"https:\/\/www.proquimia.com\/ca\/#website","url":"https:\/\/www.proquimia.com\/ca\/","name":"Proquimia","description":"Soluciones qu\u00edmicas y Productos de Limpieza Industrial","publisher":{"@id":"https:\/\/www.proquimia.com\/ca\/#organization"},"potentialAction":[{"@type":"SearchAction","target":{"@type":"EntryPoint","urlTemplate":"https:\/\/www.proquimia.com\/ca\/?s={search_term_string}"},"query-input":{"@type":"PropertyValueSpecification","valueRequired":true,"valueName":"search_term_string"}}],"inLanguage":"ca"},{"@type":"Organization","@id":"https:\/\/www.proquimia.com\/ca\/#organization","name":"Proquimia","url":"https:\/\/www.proquimia.com\/ca\/","logo":{"@type":"ImageObject","inLanguage":"ca","@id":"https:\/\/www.proquimia.com\/ca\/#\/schema\/logo\/image\/","url":"https:\/\/www.proquimia.com\/wp-content\/uploads\/proquimia-logo-yoast.png","contentUrl":"https:\/\/www.proquimia.com\/wp-content\/uploads\/proquimia-logo-yoast.png","width":696,"height":696,"caption":"Proquimia"},"image":{"@id":"https:\/\/www.proquimia.com\/ca\/#\/schema\/logo\/image\/"},"sameAs":["https:\/\/www.facebook.com\/proquimia","https:\/\/x.com\/proquimia71","https:\/\/www.instagram.com\/proquimia_co\/","http:\/\/www.linkedin.com\/company\/proquimia","http:\/\/www.youtube.com\/user\/proquimiavic"]}]}},"_links":{"self":[{"href":"https:\/\/www.proquimia.com\/ca\/wp-json\/wp\/v2\/pages\/43920","targetHints":{"allow":["GET"]}}],"collection":[{"href":"https:\/\/www.proquimia.com\/ca\/wp-json\/wp\/v2\/pages"}],"about":[{"href":"https:\/\/www.proquimia.com\/ca\/wp-json\/wp\/v2\/types\/page"}],"author":[{"embeddable":true,"href":"https:\/\/www.proquimia.com\/ca\/wp-json\/wp\/v2\/users\/5"}],"replies":[{"embeddable":true,"href":"https:\/\/www.proquimia.com\/ca\/wp-json\/wp\/v2\/comments?post=43920"}],"version-history":[{"count":7,"href":"https:\/\/www.proquimia.com\/ca\/wp-json\/wp\/v2\/pages\/43920\/revisions"}],"predecessor-version":[{"id":58300,"href":"https:\/\/www.proquimia.com\/ca\/wp-json\/wp\/v2\/pages\/43920\/revisions\/58300"}],"wp:attachment":[{"href":"https:\/\/www.proquimia.com\/ca\/wp-json\/wp\/v2\/media?parent=43920"}],"curies":[{"name":"wp","href":"https:\/\/api.w.org\/{rel}","templated":true}]}}