{"id":32854,"date":"2022-03-15T12:54:21","date_gmt":"2022-03-15T11:54:21","guid":{"rendered":"https:\/\/www.proquimia.com\/proquimia-en-el-mundo\/"},"modified":"2025-12-24T12:21:36","modified_gmt":"2025-12-24T11:21:36","slug":"proquimia-al-mon","status":"publish","type":"page","link":"https:\/\/www.proquimia.com\/ca\/proquimia-al-mon\/","title":{"rendered":"Proquimia al m\u00f3n"},"content":{"rendered":"<div class=\"vce-row-container\"><div class=\"vce-row vce-element--xl--has-background vce-element--lg--has-background vce-element--md--has-background vce-element--sm--has-background vce-element--xs--has-background vce-row--col-gap-30 header-masks-small vce-row-equal-height vce-row-content--top\" data-vce-full-width=\"true\" id=\"el-3e7abb31\" data-vce-do-apply=\"all el-3e7abb31\"><div class=\"vce-content-background-container\"><div class=\"vce-asset-background-simple-container vce-visible-xl-only vce-asset-background-simple--style-cover vce-asset-background-simple--position-center-center\"><div class=\"vce-asset-background-simple\">\n              <div class=\"vce-asset-background-simple-item vcv-lozad\" data-background-image=\"https:\/\/www.proquimia.com\/wp-content\/uploads\/2022\/03\/proquimia-en-el-mundo.jpg\"><\/div>\n              <noscript>\n                <div class=\"vce-asset-background-simple-item\" style=\"background-image: url(https:\/\/www.proquimia.com\/wp-content\/uploads\/2022\/03\/proquimia-en-el-mundo.jpg)\"><\/div>\n              <\/noscript>\n            <\/div><\/div><div class=\"vce-asset-background-simple-container vce-visible-lg-only vce-asset-background-simple--style-no-repeat vce-asset-background-simple--position-center-center\"><div class=\"vce-asset-background-simple\">\n              <div class=\"vce-asset-background-simple-item vcv-lozad\" data-background-image=\"https:\/\/www.proquimia.com\/wp-content\/uploads\/2022\/03\/proquimia-en-el-mundo.jpg\"><\/div>\n              <noscript>\n                <div class=\"vce-asset-background-simple-item\" style=\"background-image: url(https:\/\/www.proquimia.com\/wp-content\/uploads\/2022\/03\/proquimia-en-el-mundo.jpg)\"><\/div>\n              <\/noscript>\n            <\/div><\/div><div class=\"vce-asset-background-simple-container vce-visible-md-only vce-asset-background-simple--style-no-repeat vce-asset-background-simple--position-center-center\"><div class=\"vce-asset-background-simple\">\n              <div class=\"vce-asset-background-simple-item vcv-lozad\" data-background-image=\"https:\/\/www.proquimia.com\/wp-content\/uploads\/2022\/03\/proquimia-en-el-mundo.jpg\"><\/div>\n              <noscript>\n                <div class=\"vce-asset-background-simple-item\" style=\"background-image: url(https:\/\/www.proquimia.com\/wp-content\/uploads\/2022\/03\/proquimia-en-el-mundo.jpg)\"><\/div>\n              <\/noscript>\n            <\/div><\/div><div class=\"vce-asset-background-simple-container vce-visible-sm-only vce-asset-background-simple--style-no-repeat vce-asset-background-simple--position-center-center\"><div class=\"vce-asset-background-simple\">\n              <div class=\"vce-asset-background-simple-item vcv-lozad\" data-background-image=\"https:\/\/www.proquimia.com\/wp-content\/uploads\/2022\/03\/proquimia-en-el-mundo.jpg\"><\/div>\n              <noscript>\n                <div class=\"vce-asset-background-simple-item\" style=\"background-image: url(https:\/\/www.proquimia.com\/wp-content\/uploads\/2022\/03\/proquimia-en-el-mundo.jpg)\"><\/div>\n              <\/noscript>\n            <\/div><\/div><div class=\"vce-asset-background-simple-container vce-visible-xs-only vce-asset-background-simple--style-no-repeat vce-asset-background-simple--position-right-center\"><div class=\"vce-asset-background-simple\">\n              <div class=\"vce-asset-background-simple-item vcv-lozad\" data-background-image=\"https:\/\/www.proquimia.com\/wp-content\/uploads\/2022\/03\/proquimia-en-el-mundo.jpg\"><\/div>\n              <noscript>\n                <div class=\"vce-asset-background-simple-item\" style=\"background-image: url(https:\/\/www.proquimia.com\/wp-content\/uploads\/2022\/03\/proquimia-en-el-mundo.jpg)\"><\/div>\n              <\/noscript>\n            <\/div><\/div><\/div><div class=\"vce-row-content\" data-vce-element-content=\"true\"><div class=\"vce-col vce-col--xs-100p vce-col--xs-visible vce-col--xs-last vce-col--xs-first vce-col--sm-100p vce-col--sm-visible vce-col--sm-last vce-col--sm-first vce-col--md-100p vce-col--md-visible vce-col--md-last vce-col--md-first vce-col--lg-auto vce-col--lg-visible vce-col--lg-first vce-col--xl-auto vce-col--xl-visible vce-col--xl-first\" id=\"el-04831888\"><div class=\"vce-col-inner\" data-vce-do-apply=\"border margin background  el-04831888\"><div class=\"vce-col-content\" data-vce-element-content=\"true\" data-vce-do-apply=\"padding el-04831888\"><div class=\"vce-text-block\"><div class=\"vce-text-block-wrapper vce\" id=\"el-9a92a9f0\" data-vce-do-apply=\"all el-9a92a9f0\"><h1><span style=\"color: #ffffff;\">Proquimia en el mundo<\/span><\/h1><\/div><\/div><\/div><\/div><\/div><div class=\"vce-col vce-col--xs-100p vce-col--xs-visible vce-col--xs-last vce-col--xs-first vce-col--sm-100p vce-col--sm-visible vce-col--sm-last vce-col--sm-first vce-col--md-100p vce-col--md-visible vce-col--md-last vce-col--md-first vce-col--lg-auto vce-col--lg-visible vce-col--lg-last vce-col--xl-auto vce-col--xl-visible vce-col--xl-last\" id=\"el-042bb20f\"><div class=\"vce-col-inner\" data-vce-do-apply=\"border margin background  el-042bb20f\"><div class=\"vce-col-content\" data-vce-element-content=\"true\" data-vce-do-apply=\"padding el-042bb20f\"><div class=\"vcv-row-control-wrapper\"><\/div><\/div><\/div><\/div><\/div><\/div><\/div><div class=\"vce-row-container\" data-vce-boxed-width=\"true\"><div class=\"vce-row vce-row--col-gap-30 vce-row-equal-height vce-row-content--top\" id=\"el-36f00839\" data-vce-do-apply=\"all el-36f00839\"><div class=\"vce-row-content\" data-vce-element-content=\"true\"><div class=\"vce-col vce-col--md-auto vce-col--xs-1 vce-col--xs-last vce-col--xs-first vce-col--sm-last vce-col--sm-first vce-col--md-last vce-col--lg-last vce-col--xl-last vce-col--md-first vce-col--lg-first vce-col--xl-first\" id=\"el-5e3968b9\"><div class=\"vce-col-inner\" data-vce-do-apply=\"border margin background  el-5e3968b9\"><div class=\"vce-col-content\" data-vce-element-content=\"true\" data-vce-do-apply=\"padding el-5e3968b9\"><div class=\"vce-single-image-container vce-single-image--align-center\"><div class=\"vce vce-single-image-wrapper\" id=\"el-3fb68a1a\" data-vce-do-apply=\"all el-3fb68a1a\" data-vce-animate=\"vce-o-animate--fadeIn\"><figure><div class=\"vce-single-image-figure-inner\" style=\"width: 1140px;\"><div class=\"vce-single-image-inner vce-single-image--absolute\" style=\"width: 100%; padding-bottom: 57.0175%;\"><img decoding=\"async\" class=\"vce-single-image\" src=\"https:\/\/www.proquimia.com\/wp-content\/uploads\/Mapa-mon.png\" data-img-src=\"https:\/\/www.proquimia.com\/wp-content\/uploads\/Mapa-mon.png\" data-attachment-id=\"43594\" alt=\"\" title=\"Mapa mon\"><\/div><\/div><figcaption hidden=\"\"><\/figcaption><\/figure><\/div><\/div><\/div><\/div><\/div><\/div><\/div><\/div><div class=\"vce-row-container\" data-vce-boxed-width=\"true\"><div class=\"vce-row vce-row--col-gap-60 vce-row-equal-height vce-row-content--top\" id=\"el-988a7708\" data-vce-do-apply=\"all el-988a7708\"><div class=\"vce-content-background-container\"><\/div><div class=\"vce-row-content\" data-vce-element-content=\"true\"><div class=\"vce-col vce-col--xs-100p vce-col--xs-visible vce-col--xs-last vce-col--xs-first vce-col--sm-100p vce-col--sm-visible vce-col--sm-last vce-col--sm-first vce-col--md-50p vce-col--md-visible vce-col--md-first vce-col--lg-25p vce-col--lg-visible vce-col--lg-first vce-col--xl-25p vce-col--xl-visible vce-col--xl-first\" id=\"el-4fe1768b\"><div class=\"vce-col-inner\" data-vce-do-apply=\"border margin background  el-4fe1768b\"><div class=\"vce-content-background-container\"><\/div><div class=\"vce-col-content\" data-vce-element-content=\"true\" data-vce-do-apply=\"padding el-4fe1768b\"><div class=\"vce-text-block\"><div class=\"vce-text-block-wrapper vce\" id=\"el-845a0183\" data-vce-do-apply=\"all el-845a0183\"><h3>Seu Central<br><br><\/h3>\n<p><strong>VIC<\/strong><br>PROQUIMIA, SA<br>Ctra. de Prats, 6<br>08500 Vic (Barcelona)<br>Tel.+34 93 883 23 53<br>Fax.+34 93 883 20 50<\/p><\/div><\/div><\/div><\/div><\/div><div class=\"vce-col vce-col--xs-100p vce-col--xs-visible vce-col--xs-last vce-col--xs-first vce-col--sm-100p vce-col--sm-visible vce-col--sm-last vce-col--sm-first vce-col--md-50p vce-col--md-visible vce-col--md-last vce-col--lg-25p vce-col--lg-visible vce-col--xl-25p vce-col--xl-visible\" id=\"el-63ee376e\"><div class=\"vce-col-inner\" data-vce-do-apply=\"border margin background  el-63ee376e\"><div class=\"vce-content-background-container\"><\/div><div class=\"vce-col-content\" data-vce-element-content=\"true\" data-vce-do-apply=\"padding el-63ee376e\"><div class=\"vce-text-block\"><div class=\"vce-text-block-wrapper vce\" id=\"el-87152385\" data-vce-do-apply=\"all el-87152385\"><h3>Centres Productius<\/h3>\n<p><strong>BRASIL<\/strong><br>PROQUIMIA PRODUTOS<br>QU\u00cdMICOS DO BRASIL SA<br><span data-olk-copy-source=\"MessageBody\">Brusque - Santa Catarina - Brasil<\/span><br><span data-olk-copy-source=\"MessageBody\">Rua Augusto Benassi n\u00ba155<\/span><br><span data-olk-copy-source=\"MessageBody\">Bairro: Limoeiro&nbsp;<\/span><\/p>\n<p><strong>COSTA RICA<\/strong><br>PH PROQUIMIA COSTA RICA<br>800 Metros Oeste Terminales<br>Santamar\u00eda (Alajuela)<br>Tel.+506 24 438 644<\/p>\n<p><strong>CUBA<\/strong><br>SUCHEL-PROQUIMIA<br>Balaguer, 23 e\/San Julio y Paz<br>Cerro (Ciudad de la Habana)<br>Tel.(53) 764 959 04\/05<\/p>\n<p><strong>XILE<\/strong><br>PROQUIMIA, SA<br>Camino lo Ruiz #5310<br>Galapon G, \u2013 Quilicura<br>Tel. +56228322000<\/p>\n<p><strong>REP\u00daBLICA DOMINICANA<\/strong><br>PROQUIMIA DOMINICANA, SA<br>Calle Esther Rosario n\u00ba3-A<br>Esquina Sta. Luc\u00eda, Sta.Martha<br>Zona Industrial de Manoguayabo<br>Santo Domingo<br>Tel. 1 (809) 379-1616<\/p><\/div><\/div><\/div><\/div><\/div><div class=\"vce-col vce-col--xs-100p vce-col--xs-visible vce-col--xs-last vce-col--xs-first vce-col--sm-100p vce-col--sm-visible vce-col--sm-last vce-col--sm-first vce-col--md-100p vce-col--md-visible vce-col--md-last vce-col--md-first vce-col--lg-auto vce-col--lg-visible vce-col--lg-last vce-col--xl-auto vce-col--xl-visible vce-col--xl-last\" id=\"el-dcca4821\"><div class=\"vce-col-inner\" data-vce-do-apply=\"border margin background  el-dcca4821\"><div class=\"vce-content-background-container\"><\/div><div class=\"vce-col-content\" data-vce-element-content=\"true\" data-vce-do-apply=\"padding el-dcca4821\"><div class=\"vce-row-container\" data-vce-boxed-width=\"true\"><div class=\"vce-row vce-row--col-gap-30 vce-row-equal-height vce-row-content--top\" id=\"el-bca340cc\" data-vce-do-apply=\"all el-bca340cc\"><div class=\"vce-row-content\" data-vce-element-content=\"true\"><div class=\"vce-col vce-col--md-auto vce-col--xs-1 vce-col--xs-last vce-col--xs-first vce-col--sm-last vce-col--sm-first vce-col--md-first vce-col--lg-first vce-col--xl-first\" id=\"el-540b82fa\"><div class=\"vce-col-inner\" data-vce-do-apply=\"border margin background  el-540b82fa\"><div class=\"vce-col-content\" data-vce-element-content=\"true\" data-vce-do-apply=\"padding el-540b82fa\"><div class=\"vce-text-block\"><div class=\"vce-text-block-wrapper vce\" id=\"el-d972e4b2\" data-vce-do-apply=\"all el-d972e4b2\"><h3>Delegacions al M\u00f3n<\/h3><\/div><\/div><\/div><\/div><\/div><div class=\"vce-col vce-col--md-auto vce-col--xs-1 vce-col--xs-last vce-col--xs-first vce-col--sm-last vce-col--sm-first vce-col--md-last vce-col--lg-last vce-col--xl-last\" id=\"el-22bc8f9b\"><div class=\"vce-col-inner\" data-vce-do-apply=\"border margin background  el-22bc8f9b\"><div class=\"vce-col-content\" data-vce-element-content=\"true\" data-vce-do-apply=\"padding el-22bc8f9b\"><div class=\"vcv-row-control-wrapper\"><\/div><\/div><\/div><\/div><\/div><\/div><\/div><div class=\"vce-row-container\" data-vce-boxed-width=\"true\"><div class=\"vce-row vce-row--col-gap-60 vce-row-equal-height vce-row-content--top\" id=\"el-4f9756f9\" data-vce-do-apply=\"all el-4f9756f9\"><div class=\"vce-row-content\" data-vce-element-content=\"true\"><div class=\"vce-col vce-col--md-auto vce-col--xs-1 vce-col--xs-last vce-col--xs-first vce-col--sm-last vce-col--sm-first vce-col--md-first vce-col--lg-first vce-col--xl-first\" id=\"el-86ece1ff\"><div class=\"vce-col-inner\" data-vce-do-apply=\"border margin background  el-86ece1ff\"><div class=\"vce-col-content\" data-vce-element-content=\"true\" data-vce-do-apply=\"padding el-86ece1ff\"><div class=\"vce-text-block\"><div class=\"vce-text-block-wrapper vce\" id=\"el-a5bbdb34\" data-vce-do-apply=\"all el-a5bbdb34\"><p><span style=\"color: #002475;\"><u>EUROPA<\/u><\/span><\/p>\n<div><b data-olk-copy-source=\"MailCompose\">ANDORRA<\/b><\/div>\n<div>Fiter i Rosell, 90 AD700<\/div>\n<div>Les Escaldes +376 805 700<\/div>\n<div>&nbsp;<\/div>\n<div><strong>FRAN\u00c7A<\/strong><\/div>\n<div>Servei Comercial<\/div>\n<div>Fabien Neel<\/div>\n<div>+33 0 675 25 50 37<\/div>\n<div>&nbsp;<\/div>\n<div><strong>PORTUGAL<\/strong><\/div>\n<div>PROQUIMIA PORTUGAL<\/div>\n<div>UNIPESSOAL, LDA<\/div>\n<div>Rua Cidade de Bolama, n\u00ba10, 8\u00baD<\/div>\n<div>1800-079 Lisboa<\/div>\n<div>Tel. +35 1218472722<\/div>\n<div>&nbsp;<\/div>\n<div><span style=\"color: #002475;\"><u>AM\u00c8RICA DEL NORD<\/u><\/span><\/div>\n<div>&nbsp;<\/div>\n<div><strong>M\u00c8XIC<\/strong><\/div>\n<div>\n<div>PRODUCTOS QU\u00cdMICOS AUSONA, SA<\/div>\n<div>Av. Comalcalco Mz 11 Lt 10 Regi\u00f3n 97<\/div>\n<div>77530 Canc\u00fan (Quintana Roo)<\/div>\n<div>Tel.+52 9988921720<\/div>\n<div>&nbsp;<\/div>\n<div><span style=\"color: #002475;\"><u>AM\u00c8RICA CENTRAL<\/u><\/span><\/div>\n<div>&nbsp;<\/div>\n<\/div>\n<div><strong>JAMAICA<\/strong><\/div>\n<div>\n<div>WE RESOLVE JAMAICA<\/div>\n<div>Blue Diamond Shopping Centre<\/div>\n<div>JMCJS12 Montego Bay Jamaica<\/div>\n<div>Tel.+1(876) 843 3270<\/div>\n<div>&nbsp;<\/div>\n<\/div>\n<div><strong>PANAM\u00c0<\/strong><\/div>\n<div>\n<div>PROQUIMIA INTERNATIONAL, SA<\/div>\n<div>Via Cincuentenario Final, intersecci\u00f3n con R\u00edo Abajo Super Centro el Sat\u00e9lite, local #7<\/div>\n<div>Tel. <span data-olk-copy-source=\"MessageBody\">(+507) 396-6090<\/span><\/div>\n<div>&nbsp;<\/div>\n<div><u style=\"color: #002475;\">AM\u00c8RICA DEL SUD<\/u><\/div>\n<div>&nbsp;<\/div>\n<\/div>\n<div><strong>ARUBA<\/strong><\/div>\n<div>TOTAL QUALITY PRODUCT N.V.<\/div>\n<div>Barcadera 5F<\/div>\n<div>Tel. +2975253460<\/div>\n<div>&nbsp;<\/div>\n<div><strong>COL\u00d2MBIA<\/strong><\/div>\n<div>Q.E. HENAO QU\u00cdMICOS ESPECIALIZADOS<\/div>\n<div>Calle 50, n\u00ba71-40, of. 207 Medell\u00edn<\/div>\n<div>Tel.+57 426 057 12<\/div><\/div><\/div><\/div><\/div><\/div><div class=\"vce-col vce-col--md-auto vce-col--xs-1 vce-col--xs-last vce-col--xs-first vce-col--sm-last vce-col--sm-first vce-col--md-last vce-col--lg-last vce-col--xl-last\" id=\"el-54ffb544\"><div class=\"vce-col-inner\" data-vce-do-apply=\"border margin background  el-54ffb544\"><div class=\"vce-col-content\" data-vce-element-content=\"true\" data-vce-do-apply=\"padding el-54ffb544\"><div class=\"vce-text-block\"><div class=\"vce-text-block-wrapper vce\" id=\"el-49f6cec7\" data-vce-do-apply=\"all el-49f6cec7\"><p><span style=\"color: #002475;\"><u>\u00c0SIA<\/u><\/span><\/p>\n<div><b data-olk-copy-source=\"MailCompose\">REP\u00daBLICA DE MALDIVES<\/b><\/div>\n<div>PESTEX MALDIVES PVT LTD.<\/div>\n<div>PestEX Building<\/div>\n<div>Neeloafaru Magu, Galohu<\/div>\n<div>Male&nbsp;<\/div>\n<div>Republic of Maldives<\/div>\n<div>+960 3336878<\/div>\n<div>&nbsp;<\/div>\n<div><b data-olk-copy-source=\"MailCompose\">EMIRATS \u00c0RABS UNITS<\/b>&nbsp;<\/div>\n<div>GREEN CLOUD GULF FZC&nbsp;<\/div>\n<div>RAS AL KHAIMAH<\/div>\n<div>UNITED ARAB EMIRATES<\/div>\n<div>Tel.(971) 501 34 07 34<\/div>\n<div>&nbsp;<\/div>\n<p><span style=\"color: #002475;\"><u>\u00c0FRICA<\/u><\/span><\/p>\n<p><strong>ALG\u00c8RIA<\/strong><br>S.G. INDUSTRIES<br>11 Rue Dely Brahim<br>Ch\u00e9raga-Alger<br>Tel. +213 661 52 83 06<\/p>\n<div><b data-olk-copy-source=\"MailCompose\">CAP VERD<\/b><\/div>\n<div>&nbsp;<\/div>\n<div><strong>Delegaci\u00f3 Illa de Sal<\/strong><\/div>\n<div>Zona Industrial Palmeira Ilha do Sal<\/div>\n<div>Rep\u00fablica de Cap Verd<\/div>\n<div>Caixa postal: 112<\/div>\n<div>Tel: (+238) 2413 290<\/div>\n<div>&nbsp;<\/div>\n<div data-olk-copy-source=\"MailCompose\"><strong>Delegaci\u00f3 Illa Boa Vista<\/strong><\/div>\n<div>Nave Emicela Sal-Rei Boa Vista<\/div>\n<div>Rep\u00fablica de Cap Verd<\/div>\n<div>Tel: (+238) 2511 995<\/div>\n<div>&nbsp;<\/div>\n<div data-olk-copy-source=\"MailCompose\"><strong>MARROC<\/strong><\/div>\n<div>MERCURE INDUSTRIE, SA<\/div>\n<div>Lotissement Lina n\u00ba351<\/div>\n<div>Sidi M\u00e2arouf-Ouled Haddou (Casablanca)<\/div>\n<div>BP20280<\/div>\n<div>Tel: +21 2522974311<\/div>\n<div>&nbsp;<\/div>\n<div>\n<div data-olk-copy-source=\"MailCompose\"><strong>TUN\u00cdSIA<\/strong><\/div>\n<div data-olk-copy-source=\"MailCompose\">CLEAN PLUS, SA<\/div>\n<div data-olk-copy-source=\"MailCompose\">Inmeuble El Minsk Boulevard Mongi Bali B-25<\/div>\n<div data-olk-copy-source=\"MailCompose\">708173 Sousse<\/div>\n<div>Tel: +216 73219599<\/div>\n<div>&nbsp;<\/div>\n<div><strong>ZANZ\u00cdBAR<\/strong><br>ALTRA CARE LIMITED<br>Kiembe Samaki 4<sup data-ogsc=\"\" data-olk-copy-source=\"MessageBody\">th<\/sup> line from Baraza Supermarket&nbsp;<br>Zanzibar<br>Rep\u00fablica de Tanzania&nbsp;<br>Tel. +255 764955505<\/div>\n<\/div>\n<p>&nbsp;<\/p><\/div><\/div><\/div><\/div><\/div><\/div><\/div><\/div><\/div><\/div><\/div><\/div><\/div><\/div>","protected":false},"excerpt":{"rendered":"<p>Proquimia en el mundoSeu Central VICPROQUIMIA, SACtra. de Prats, 608500 Vic (Barcelona)Tel.+34 93 883 23 53Fax.+34 93 883 20 50Centres Productius BRASILPROQUIMIA PRODUTOSQU\u00cdMICOS DO BRASIL SABrusque &#8211; Santa Catarina &#8211; BrasilRua Augusto Benassi n\u00ba155Bairro: Limoeiro&nbsp; COSTA RICAPH PROQUIMIA COSTA RICA800 Metros Oeste TerminalesSantamar\u00eda (Alajuela)Tel.+506 24 438 644 CUBASUCHEL-PROQUIMIABalaguer, 23 e\/San Julio y PazCerro (Ciudad de [&hellip;]<\/p>\n","protected":false},"author":1,"featured_media":0,"parent":0,"menu_order":0,"comment_status":"closed","ping_status":"closed","template":"","meta":{"_acf_changed":false,"inline_featured_image":false,"footnotes":""},"class_list":["post-32854","page","type-page","status-publish","hentry"],"acf":[],"yoast_head":"<!-- This site is optimized with the Yoast SEO plugin v27.4 - https:\/\/yoast.com\/product\/yoast-seo-wordpress\/ -->\n<title>Proquimia al m\u00f3n - Proquimia<\/title>\n<meta name=\"description\" content=\"Descobreix la pres\u00e8ncia de Proquimia en el m\u00f3n, amb centres productius i delegacions en m\u00e9s de 20 pa\u00efsos de quatre continents.\" \/>\n<meta name=\"robots\" content=\"index, follow, max-snippet:-1, max-image-preview:large, max-video-preview:-1\" \/>\n<link rel=\"canonical\" href=\"https:\/\/www.proquimia.com\/ca\/proquimia-al-mon\/\" \/>\n<meta property=\"og:locale\" content=\"ca_ES\" \/>\n<meta property=\"og:type\" content=\"article\" \/>\n<meta property=\"og:title\" content=\"Proquimia al m\u00f3n - Proquimia\" \/>\n<meta property=\"og:description\" content=\"Descobreix la pres\u00e8ncia de Proquimia en el m\u00f3n, amb centres productius i delegacions en m\u00e9s de 20 pa\u00efsos de quatre continents.\" \/>\n<meta property=\"og:url\" content=\"https:\/\/www.proquimia.com\/ca\/proquimia-al-mon\/\" \/>\n<meta property=\"og:site_name\" content=\"Proquimia\" \/>\n<meta property=\"article:publisher\" content=\"https:\/\/www.facebook.com\/proquimia\" \/>\n<meta property=\"article:modified_time\" content=\"2025-12-24T11:21:36+00:00\" \/>\n<meta name=\"twitter:card\" content=\"summary_large_image\" \/>\n<meta name=\"twitter:site\" content=\"@proquimia71\" \/>\n<meta name=\"twitter:label1\" content=\"Temps estimat de lectura\" \/>\n\t<meta name=\"twitter:data1\" content=\"2 minuts\" \/>\n<script type=\"application\/ld+json\" class=\"yoast-schema-graph\">{\"@context\":\"https:\\\/\\\/schema.org\",\"@graph\":[{\"@type\":\"WebPage\",\"@id\":\"https:\\\/\\\/www.proquimia.com\\\/ca\\\/proquimia-al-mon\\\/\",\"url\":\"https:\\\/\\\/www.proquimia.com\\\/ca\\\/proquimia-al-mon\\\/\",\"name\":\"Proquimia al m\u00f3n - Proquimia\",\"isPartOf\":{\"@id\":\"https:\\\/\\\/www.proquimia.com\\\/ca\\\/#website\"},\"datePublished\":\"2022-03-15T11:54:21+00:00\",\"dateModified\":\"2025-12-24T11:21:36+00:00\",\"description\":\"Descobreix la pres\u00e8ncia de Proquimia en el m\u00f3n, amb centres productius i delegacions en m\u00e9s de 20 pa\u00efsos de quatre continents.\",\"breadcrumb\":{\"@id\":\"https:\\\/\\\/www.proquimia.com\\\/ca\\\/proquimia-al-mon\\\/#breadcrumb\"},\"inLanguage\":\"ca\",\"potentialAction\":[{\"@type\":\"ReadAction\",\"target\":[\"https:\\\/\\\/www.proquimia.com\\\/ca\\\/proquimia-al-mon\\\/\"]}]},{\"@type\":\"BreadcrumbList\",\"@id\":\"https:\\\/\\\/www.proquimia.com\\\/ca\\\/proquimia-al-mon\\\/#breadcrumb\",\"itemListElement\":[{\"@type\":\"ListItem\",\"position\":1,\"name\":\"Portada\",\"item\":\"https:\\\/\\\/www.proquimia.com\\\/ca\\\/\"},{\"@type\":\"ListItem\",\"position\":2,\"name\":\"Proquimia al m\u00f3n\"}]},{\"@type\":\"WebSite\",\"@id\":\"https:\\\/\\\/www.proquimia.com\\\/ca\\\/#website\",\"url\":\"https:\\\/\\\/www.proquimia.com\\\/ca\\\/\",\"name\":\"Proquimia\",\"description\":\"Soluciones qu\u00edmicas y Productos de Limpieza Industrial\",\"publisher\":{\"@id\":\"https:\\\/\\\/www.proquimia.com\\\/ca\\\/#organization\"},\"potentialAction\":[{\"@type\":\"SearchAction\",\"target\":{\"@type\":\"EntryPoint\",\"urlTemplate\":\"https:\\\/\\\/www.proquimia.com\\\/ca\\\/?s={search_term_string}\"},\"query-input\":{\"@type\":\"PropertyValueSpecification\",\"valueRequired\":true,\"valueName\":\"search_term_string\"}}],\"inLanguage\":\"ca\"},{\"@type\":\"Organization\",\"@id\":\"https:\\\/\\\/www.proquimia.com\\\/ca\\\/#organization\",\"name\":\"Proquimia\",\"url\":\"https:\\\/\\\/www.proquimia.com\\\/ca\\\/\",\"logo\":{\"@type\":\"ImageObject\",\"inLanguage\":\"ca\",\"@id\":\"https:\\\/\\\/www.proquimia.com\\\/ca\\\/#\\\/schema\\\/logo\\\/image\\\/\",\"url\":\"https:\\\/\\\/www.proquimia.com\\\/wp-content\\\/uploads\\\/proquimia-logo-yoast.png\",\"contentUrl\":\"https:\\\/\\\/www.proquimia.com\\\/wp-content\\\/uploads\\\/proquimia-logo-yoast.png\",\"width\":696,\"height\":696,\"caption\":\"Proquimia\"},\"image\":{\"@id\":\"https:\\\/\\\/www.proquimia.com\\\/ca\\\/#\\\/schema\\\/logo\\\/image\\\/\"},\"sameAs\":[\"https:\\\/\\\/www.facebook.com\\\/proquimia\",\"https:\\\/\\\/x.com\\\/proquimia71\",\"https:\\\/\\\/www.instagram.com\\\/proquimia_co\\\/\",\"http:\\\/\\\/www.linkedin.com\\\/company\\\/proquimia\",\"http:\\\/\\\/www.youtube.com\\\/user\\\/proquimiavic\"]}]}<\/script>\n<!-- \/ Yoast SEO plugin. -->","yoast_head_json":{"title":"Proquimia al m\u00f3n - Proquimia","description":"Descobreix la pres\u00e8ncia de Proquimia en el m\u00f3n, amb centres productius i delegacions en m\u00e9s de 20 pa\u00efsos de quatre continents.","robots":{"index":"index","follow":"follow","max-snippet":"max-snippet:-1","max-image-preview":"max-image-preview:large","max-video-preview":"max-video-preview:-1"},"canonical":"https:\/\/www.proquimia.com\/ca\/proquimia-al-mon\/","og_locale":"ca_ES","og_type":"article","og_title":"Proquimia al m\u00f3n - Proquimia","og_description":"Descobreix la pres\u00e8ncia de Proquimia en el m\u00f3n, amb centres productius i delegacions en m\u00e9s de 20 pa\u00efsos de quatre continents.","og_url":"https:\/\/www.proquimia.com\/ca\/proquimia-al-mon\/","og_site_name":"Proquimia","article_publisher":"https:\/\/www.facebook.com\/proquimia","article_modified_time":"2025-12-24T11:21:36+00:00","twitter_card":"summary_large_image","twitter_site":"@proquimia71","twitter_misc":{"Temps estimat de lectura":"2 minuts"},"schema":{"@context":"https:\/\/schema.org","@graph":[{"@type":"WebPage","@id":"https:\/\/www.proquimia.com\/ca\/proquimia-al-mon\/","url":"https:\/\/www.proquimia.com\/ca\/proquimia-al-mon\/","name":"Proquimia al m\u00f3n - Proquimia","isPartOf":{"@id":"https:\/\/www.proquimia.com\/ca\/#website"},"datePublished":"2022-03-15T11:54:21+00:00","dateModified":"2025-12-24T11:21:36+00:00","description":"Descobreix la pres\u00e8ncia de Proquimia en el m\u00f3n, amb centres productius i delegacions en m\u00e9s de 20 pa\u00efsos de quatre continents.","breadcrumb":{"@id":"https:\/\/www.proquimia.com\/ca\/proquimia-al-mon\/#breadcrumb"},"inLanguage":"ca","potentialAction":[{"@type":"ReadAction","target":["https:\/\/www.proquimia.com\/ca\/proquimia-al-mon\/"]}]},{"@type":"BreadcrumbList","@id":"https:\/\/www.proquimia.com\/ca\/proquimia-al-mon\/#breadcrumb","itemListElement":[{"@type":"ListItem","position":1,"name":"Portada","item":"https:\/\/www.proquimia.com\/ca\/"},{"@type":"ListItem","position":2,"name":"Proquimia al m\u00f3n"}]},{"@type":"WebSite","@id":"https:\/\/www.proquimia.com\/ca\/#website","url":"https:\/\/www.proquimia.com\/ca\/","name":"Proquimia","description":"Soluciones qu\u00edmicas y Productos de Limpieza Industrial","publisher":{"@id":"https:\/\/www.proquimia.com\/ca\/#organization"},"potentialAction":[{"@type":"SearchAction","target":{"@type":"EntryPoint","urlTemplate":"https:\/\/www.proquimia.com\/ca\/?s={search_term_string}"},"query-input":{"@type":"PropertyValueSpecification","valueRequired":true,"valueName":"search_term_string"}}],"inLanguage":"ca"},{"@type":"Organization","@id":"https:\/\/www.proquimia.com\/ca\/#organization","name":"Proquimia","url":"https:\/\/www.proquimia.com\/ca\/","logo":{"@type":"ImageObject","inLanguage":"ca","@id":"https:\/\/www.proquimia.com\/ca\/#\/schema\/logo\/image\/","url":"https:\/\/www.proquimia.com\/wp-content\/uploads\/proquimia-logo-yoast.png","contentUrl":"https:\/\/www.proquimia.com\/wp-content\/uploads\/proquimia-logo-yoast.png","width":696,"height":696,"caption":"Proquimia"},"image":{"@id":"https:\/\/www.proquimia.com\/ca\/#\/schema\/logo\/image\/"},"sameAs":["https:\/\/www.facebook.com\/proquimia","https:\/\/x.com\/proquimia71","https:\/\/www.instagram.com\/proquimia_co\/","http:\/\/www.linkedin.com\/company\/proquimia","http:\/\/www.youtube.com\/user\/proquimiavic"]}]}},"_links":{"self":[{"href":"https:\/\/www.proquimia.com\/ca\/wp-json\/wp\/v2\/pages\/32854","targetHints":{"allow":["GET"]}}],"collection":[{"href":"https:\/\/www.proquimia.com\/ca\/wp-json\/wp\/v2\/pages"}],"about":[{"href":"https:\/\/www.proquimia.com\/ca\/wp-json\/wp\/v2\/types\/page"}],"author":[{"embeddable":true,"href":"https:\/\/www.proquimia.com\/ca\/wp-json\/wp\/v2\/users\/1"}],"replies":[{"embeddable":true,"href":"https:\/\/www.proquimia.com\/ca\/wp-json\/wp\/v2\/comments?post=32854"}],"version-history":[{"count":22,"href":"https:\/\/www.proquimia.com\/ca\/wp-json\/wp\/v2\/pages\/32854\/revisions"}],"predecessor-version":[{"id":57955,"href":"https:\/\/www.proquimia.com\/ca\/wp-json\/wp\/v2\/pages\/32854\/revisions\/57955"}],"wp:attachment":[{"href":"https:\/\/www.proquimia.com\/ca\/wp-json\/wp\/v2\/media?parent=32854"}],"curies":[{"name":"wp","href":"https:\/\/api.w.org\/{rel}","templated":true}]}}