{"id":32820,"date":"2021-09-23T08:22:41","date_gmt":"2021-09-23T06:22:41","guid":{"rendered":"https:\/\/www.proquimia.com\/politica-de-privacidad\/"},"modified":"2022-05-04T12:49:12","modified_gmt":"2022-05-04T10:49:12","slug":"politica-de-privacitat","status":"publish","type":"page","link":"https:\/\/www.proquimia.com\/ca\/politica-de-privacitat\/","title":{"rendered":"Pol\u00edtica de privacitat"},"content":{"rendered":"<div class=\"vce-row-container\" data-vce-boxed-width=\"true\"><div class=\"vce-row vce-row--col-gap-30 vce-row-equal-height vce-row-content--top\" id=\"el-b43ceab3\" data-vce-do-apply=\"all el-b43ceab3\"><div class=\"vce-content-background-container\"><\/div><div class=\"vce-row-content\" data-vce-element-content=\"true\"><div class=\"vce-col vce-col--md-16-66p vce-col--xs-1 vce-col--xs-last vce-col--xs-first vce-col--sm-last vce-col--sm-first vce-col--md-first vce-col--lg-first vce-col--xl-first\" id=\"el-2c01246e\"><div class=\"vce-col-inner\" data-vce-do-apply=\"border margin background  el-2c01246e\"><div class=\"vce-col-content\" data-vce-element-content=\"true\" data-vce-do-apply=\"padding el-2c01246e\"><div><\/div><\/div><\/div><\/div><div class=\"vce-col vce-col--md-66-66p vce-col--xs-1 vce-col--xs-last vce-col--xs-first vce-col--sm-last vce-col--sm-first\" id=\"el-abc6ff28\"><div class=\"vce-col-inner\" data-vce-do-apply=\"border margin background  el-abc6ff28\"><div class=\"vce-col-content\" data-vce-element-content=\"true\" data-vce-do-apply=\"padding el-abc6ff28\"><div class=\"vce-text-block\"><div class=\"vce-text-block-wrapper vce\" id=\"el-ba21a25a\" data-vce-do-apply=\"all el-ba21a25a\"><h1>Pol\u00edtica de privacitat<\/h1>\n<p><b>POL\u00cdTICA DE PRIVACITAT DE PROQUIMIA, SA<\/b><span style=\"font-weight: 400;\">&nbsp;<\/span><\/p>\n<p><span style=\"font-weight: 400;\">RESPONSABLE DEL TRACTAMENT:<\/span><span style=\"font-weight: 400;\">&nbsp;<\/span><\/p>\n<p><span style=\"font-weight: 400;\">PROQUIMIA, SA<\/span><span style=\"font-weight: 400;\">&nbsp;<\/span><\/p>\n<p><span style=\"font-weight: 400;\">NIF: A08288490<\/span><span style=\"font-weight: 400;\">&nbsp;<\/span><\/p>\n<p><span style=\"font-weight: 400;\">Adre\u00e7a Postal: Ctra. de Prats, n\u00fam. 6 08500 VIC (Barcelona)<\/span><span style=\"font-weight: 400;\">&nbsp;<\/span><\/p>\n<p><span style=\"font-weight: 400;\">Tel\u00e8fon: 938832353<\/span><span style=\"font-weight: 400;\">&nbsp;<\/span><\/p>\n<p><span style=\"font-weight: 400;\">Correu electr\u00f2nic:<\/span> <b>gestionintegral@proquimia.com<\/b><span style=\"font-weight: 400;\">&nbsp;<\/span><\/p>\n<p><span style=\"font-weight: 400;\">&nbsp;<\/span><\/p>\n<p><strong>FINALITAT DEL TRACTAMENT:&nbsp;<\/strong><\/p>\n<p><span style=\"font-weight: 400;\">A PROQUIMIA, SA tractem les dades que ens faciliten els nostres clients, prove\u00efdors, col\u00b7laboradors, candidats i\/o persones interessades amb les finalitats seg\u00fcents:<\/span><span style=\"font-weight: 400;\">&nbsp;<\/span><\/p>\n<ul>\n<li style=\"font-weight: 400;\" aria-level=\"1\"><span style=\"font-weight: 400;\">Mantenir la relaci\u00f3 comercial existent, aix\u00ed com donar compliment a les obligacions que se'n puguin derivar i de la normativa aplicable<\/span><span style=\"font-weight: 400;\">&nbsp;<\/span><\/li>\n<li style=\"font-weight: 400;\" aria-level=\"1\"><span style=\"font-weight: 400;\">Oferir el millor servei possible i poder atendre els compromisos derivats de la nostra relaci\u00f3 comercial.&nbsp;&nbsp;<\/span><\/li>\n<li style=\"font-weight: 400;\" aria-level=\"1\"><span style=\"font-weight: 400;\">Atendre les consultes i facilitar als interessats informaci\u00f3 sobre els nostres productes i serveis. <\/span><span style=\"font-weight: 400;\">&nbsp;<\/span><\/li>\n<li style=\"font-weight: 400;\" aria-level=\"1\"><span style=\"font-weight: 400;\">Enviar la informaci\u00f3 que ens sol\u00b7licitin i mantenir-los informats de les novetats que afecten els nostres productes i serveis.&nbsp;<\/span><\/li>\n<li style=\"font-weight: 400;\" aria-level=\"1\"><span style=\"font-weight: 400;\">Registre a la nostra web per contactar amb nosaltres utilitzant els apartats \u201ccontacte\u201d i \u201ctreballeu amb nosaltres\u201d.&nbsp;<\/span><\/li>\n<\/ul>\n<p><span style=\"font-weight: 400;\">Les dades personals proporcionades es conservaran durant el per\u00edode que duri la relaci\u00f3 comercial o mentre l'interessat no sol\u00b7liciti la seva supressi\u00f3, respectant sempre el temps necessari per complir amb les obligacions legals.&nbsp;&nbsp;<\/span><\/p>\n<p><span style=\"font-weight: 400;\">Les dades de contacte corporatives poden ser utilitzades per trametre informaci\u00f3 comercial sobre els nostres productes i serveis, basant-se sempre en l'inter\u00e8s leg\u00edtim de les nostres relacions ja existents i\/o en el consentiment lliurement expressat per rebre aquest tipus d'informaci\u00f3, segons el que disposa el propi RGPD i l'article 21.2 de la llei 34\/2002, d'11 de juliol, de Serveis de la Societat de la Informaci\u00f3 i de Comer\u00e7 Electr\u00f2nic.<\/span><span style=\"font-weight: 400;\">&nbsp;<\/span><\/p>\n<p><span style=\"font-weight: 400;\">&nbsp;<\/span><\/p>\n<p><strong>LEGITIMACI\u00d3:&nbsp;<\/strong><\/p>\n<p><span style=\"font-weight: 400;\">La base legal per al tractament de les dades de clients, prove\u00efdors i\/o col\u00b7laboradors \u00e9s l'execuci\u00f3 de la relaci\u00f3 contractual pr\u00e8viament existent amb Proquimia. <\/span><span style=\"font-weight: 400;\">&nbsp;<\/span><\/p>\n<p><span style=\"font-weight: 400;\">En els altres casos en qu\u00e8 no hi hagi relaci\u00f3 contractual, la base legal per al tractament de les dades (possibles clients, prove\u00efdors, col\u00b7laboradors o altres persones interessades a establir una relaci\u00f3 comercial o contractual amb Proquimia) ser\u00e0 el consentiment de l'interessat, lliurement prestat per al tractament de qu\u00e8 es tracti.<\/span><span style=\"font-weight: 400;\">&nbsp;<\/span><\/p>\n<p><span style=\"font-weight: 400;\">En el cas dels candidats o altres interessats que contacten amb Proquimia, la base per al tractament de les dades personals consisteix en la satisfacci\u00f3 dels interessos leg\u00edtims d'establir una relaci\u00f3 contractual amb la nostra empresa i\/o rebre informaci\u00f3 de qualsevol \u00edndole, respectivament .&nbsp;&nbsp;<\/span><\/p>\n<p><span style=\"font-weight: 400;\">Si navega per la nostra web pot ser que li sol\u00b7licitem informaci\u00f3 personal quan vulgui contactar amb nosaltres per iniciar una relaci\u00f3 contractual (client, distribu\u00efdor, prove\u00efdor, altres), rebre informaci\u00f3 de qualsevol \u00edndole o vulgui treballar amb nosaltres. En aquests casos, us sol\u00b7licitarem el vostre consentiment per al tractament de les vostres dades personals i l'acceptaci\u00f3 de la nostra pol\u00edtica de privadesa, de conformitat amb la normativa aplicable.<\/span><span style=\"font-weight: 400;\">&nbsp;<\/span><\/p>\n<p><strong>DESTINATARIS:&nbsp;<\/strong><\/p>\n<p><span style=\"font-weight: 400;\">Les dades facilitades no se cediran a tercers, llevat d'obligaci\u00f3 legal. Tanmateix, quan sigui necessari per a l'execuci\u00f3 d'una relaci\u00f3 contractual i\/o per complir el que disposa la normativa aplicable, les dades personals podran ser comunicades a:&nbsp;<\/span><\/p>\n<ul>\n<li style=\"font-weight: 400;\" aria-level=\"1\"><span style=\"font-weight: 400;\">Entitats banc\u00e0ries i entitats de gesti\u00f3 de pagaments, autoritats fiscals, duaneres i altres administracions p\u00fabliques, aix\u00ed com autoritats competents en compliment de la normativa aplicable.&nbsp;<\/span><\/li>\n<li style=\"font-weight: 400;\" aria-level=\"1\"><span style=\"font-weight: 400;\">Transportistes o operadors log\u00edstics que facin activitats de transport o tramesa, fabricants, subcontractes i\/o prove\u00efdors d'alguns productes\/serveis subministrats, en la mesura estrictament necess\u00e0ria per a l'execuci\u00f3 de la relaci\u00f3 contractual i el compliment de les exig\u00e8ncies de la coordinaci\u00f3 d'activitats empresarials .&nbsp;&nbsp;<\/span><\/li>\n<li style=\"font-weight: 400;\" aria-level=\"1\"><span style=\"font-weight: 400;\">Entitats col\u00b7laboradores en els processos de selecci\u00f3 de personal respecte de les dades dels candidats.&nbsp;&nbsp;<\/span><\/li>\n<\/ul>\n<p><span style=\"font-weight: 400;\">&nbsp;<\/span><\/p>\n<p><strong>DRETS:&nbsp;<\/strong><\/p>\n<p><span style=\"font-weight: 400;\">Les persones interessades tenen la possibilitat d'exercir els drets d'acc\u00e9s, rectificaci\u00f3, supressi\u00f3, oposici\u00f3, limitaci\u00f3 o portabilitat de les seves dades personals; o, si escau, presentar reclamacions, en els termes de la normativa aplicable en mat\u00e8ria de protecci\u00f3 de dades personals.<\/span><\/p><\/div><\/div><\/div><\/div><\/div><div class=\"vce-col vce-col--md-16-66p vce-col--xs-1 vce-col--xs-last vce-col--xs-first vce-col--sm-last vce-col--sm-first vce-col--md-last vce-col--lg-last vce-col--xl-last\" id=\"el-b5d621b3\"><div class=\"vce-col-inner\" data-vce-do-apply=\"border margin background  el-b5d621b3\"><div class=\"vce-col-content\" data-vce-element-content=\"true\" data-vce-do-apply=\"padding el-b5d621b3\"><div><\/div><\/div><\/div><\/div><\/div><\/div><\/div>","protected":false},"excerpt":{"rendered":"<p>Pol\u00edtica de privacitat POL\u00cdTICA DE PRIVACITAT DE PROQUIMIA, SA&nbsp; RESPONSABLE DEL TRACTAMENT:&nbsp; PROQUIMIA, SA&nbsp; NIF: A08288490&nbsp; Adre\u00e7a Postal: Ctra. de Prats, n\u00fam. 6 08500 VIC (Barcelona)&nbsp; Tel\u00e8fon: 938832353&nbsp; Correu electr\u00f2nic: gestionintegral@proquimia.com&nbsp; &nbsp; FINALITAT DEL TRACTAMENT:&nbsp; A PROQUIMIA, SA tractem les dades que ens faciliten els nostres clients, prove\u00efdors, col\u00b7laboradors, candidats i\/o persones interessades amb les [&hellip;]<\/p>\n","protected":false},"author":1,"featured_media":0,"parent":0,"menu_order":0,"comment_status":"closed","ping_status":"closed","template":"","meta":{"_acf_changed":false,"inline_featured_image":false,"footnotes":""},"class_list":["post-32820","page","type-page","status-publish","hentry"],"acf":[],"yoast_head":"<!-- This site is optimized with the Yoast SEO plugin v27.1.1 - https:\/\/yoast.com\/product\/yoast-seo-wordpress\/ -->\n<title>Pol\u00edtica de privacitat - Proquimia<\/title>\n<meta name=\"robots\" content=\"noindex, nofollow\" \/>\n<meta property=\"og:locale\" content=\"ca_ES\" \/>\n<meta property=\"og:type\" content=\"article\" \/>\n<meta property=\"og:title\" content=\"Pol\u00edtica de privacitat - Proquimia\" \/>\n<meta property=\"og:description\" content=\"Pol\u00edtica de privacitat POL\u00cdTICA DE PRIVACITAT DE PROQUIMIA, SA&nbsp; RESPONSABLE DEL TRACTAMENT:&nbsp; PROQUIMIA, SA&nbsp; NIF: A08288490&nbsp; Adre\u00e7a Postal: Ctra. de Prats, n\u00fam. 6 08500 VIC (Barcelona)&nbsp; Tel\u00e8fon: 938832353&nbsp; Correu electr\u00f2nic: gestionintegral@proquimia.com&nbsp; &nbsp; FINALITAT DEL TRACTAMENT:&nbsp; A PROQUIMIA, SA tractem les dades que ens faciliten els nostres clients, prove\u00efdors, col\u00b7laboradors, candidats i\/o persones interessades amb les [&hellip;]\" \/>\n<meta property=\"og:url\" content=\"https:\/\/www.proquimia.com\/ca\/politica-de-privacitat\/\" \/>\n<meta property=\"og:site_name\" content=\"Proquimia\" \/>\n<meta property=\"article:publisher\" content=\"https:\/\/www.facebook.com\/proquimia\" \/>\n<meta property=\"article:modified_time\" content=\"2022-05-04T10:49:12+00:00\" \/>\n<meta name=\"twitter:card\" content=\"summary_large_image\" \/>\n<meta name=\"twitter:site\" content=\"@proquimia71\" \/>\n<meta name=\"twitter:label1\" content=\"Temps estimat de lectura\" \/>\n\t<meta name=\"twitter:data1\" content=\"3 minuts\" \/>\n<script type=\"application\/ld+json\" class=\"yoast-schema-graph\">{\"@context\":\"https:\/\/schema.org\",\"@graph\":[{\"@type\":\"WebPage\",\"@id\":\"https:\/\/www.proquimia.com\/ca\/politica-de-privacitat\/\",\"url\":\"https:\/\/www.proquimia.com\/ca\/politica-de-privacitat\/\",\"name\":\"Pol\u00edtica de privacitat - Proquimia\",\"isPartOf\":{\"@id\":\"https:\/\/www.proquimia.com\/ca\/#website\"},\"datePublished\":\"2021-09-23T06:22:41+00:00\",\"dateModified\":\"2022-05-04T10:49:12+00:00\",\"breadcrumb\":{\"@id\":\"https:\/\/www.proquimia.com\/ca\/politica-de-privacitat\/#breadcrumb\"},\"inLanguage\":\"ca\",\"potentialAction\":[{\"@type\":\"ReadAction\",\"target\":[\"https:\/\/www.proquimia.com\/ca\/politica-de-privacitat\/\"]}]},{\"@type\":\"BreadcrumbList\",\"@id\":\"https:\/\/www.proquimia.com\/ca\/politica-de-privacitat\/#breadcrumb\",\"itemListElement\":[{\"@type\":\"ListItem\",\"position\":1,\"name\":\"Portada\",\"item\":\"https:\/\/www.proquimia.com\/ca\/\"},{\"@type\":\"ListItem\",\"position\":2,\"name\":\"Pol\u00edtica de privacitat\"}]},{\"@type\":\"WebSite\",\"@id\":\"https:\/\/www.proquimia.com\/ca\/#website\",\"url\":\"https:\/\/www.proquimia.com\/ca\/\",\"name\":\"Proquimia\",\"description\":\"Soluciones qu\u00edmicas y Productos de Limpieza Industrial\",\"publisher\":{\"@id\":\"https:\/\/www.proquimia.com\/ca\/#organization\"},\"potentialAction\":[{\"@type\":\"SearchAction\",\"target\":{\"@type\":\"EntryPoint\",\"urlTemplate\":\"https:\/\/www.proquimia.com\/ca\/?s={search_term_string}\"},\"query-input\":{\"@type\":\"PropertyValueSpecification\",\"valueRequired\":true,\"valueName\":\"search_term_string\"}}],\"inLanguage\":\"ca\"},{\"@type\":\"Organization\",\"@id\":\"https:\/\/www.proquimia.com\/ca\/#organization\",\"name\":\"Proquimia\",\"url\":\"https:\/\/www.proquimia.com\/ca\/\",\"logo\":{\"@type\":\"ImageObject\",\"inLanguage\":\"ca\",\"@id\":\"https:\/\/www.proquimia.com\/ca\/#\/schema\/logo\/image\/\",\"url\":\"https:\/\/www.proquimia.com\/wp-content\/uploads\/proquimia-logo-yoast.png\",\"contentUrl\":\"https:\/\/www.proquimia.com\/wp-content\/uploads\/proquimia-logo-yoast.png\",\"width\":696,\"height\":696,\"caption\":\"Proquimia\"},\"image\":{\"@id\":\"https:\/\/www.proquimia.com\/ca\/#\/schema\/logo\/image\/\"},\"sameAs\":[\"https:\/\/www.facebook.com\/proquimia\",\"https:\/\/x.com\/proquimia71\",\"https:\/\/www.instagram.com\/proquimia_co\/\",\"http:\/\/www.linkedin.com\/company\/proquimia\",\"http:\/\/www.youtube.com\/user\/proquimiavic\"]}]}<\/script>\n<!-- \/ Yoast SEO plugin. -->","yoast_head_json":{"title":"Pol\u00edtica de privacitat - Proquimia","robots":{"index":"noindex","follow":"nofollow"},"og_locale":"ca_ES","og_type":"article","og_title":"Pol\u00edtica de privacitat - Proquimia","og_description":"Pol\u00edtica de privacitat POL\u00cdTICA DE PRIVACITAT DE PROQUIMIA, SA&nbsp; RESPONSABLE DEL TRACTAMENT:&nbsp; PROQUIMIA, SA&nbsp; NIF: A08288490&nbsp; Adre\u00e7a Postal: Ctra. de Prats, n\u00fam. 6 08500 VIC (Barcelona)&nbsp; Tel\u00e8fon: 938832353&nbsp; Correu electr\u00f2nic: gestionintegral@proquimia.com&nbsp; &nbsp; FINALITAT DEL TRACTAMENT:&nbsp; A PROQUIMIA, SA tractem les dades que ens faciliten els nostres clients, prove\u00efdors, col\u00b7laboradors, candidats i\/o persones interessades amb les [&hellip;]","og_url":"https:\/\/www.proquimia.com\/ca\/politica-de-privacitat\/","og_site_name":"Proquimia","article_publisher":"https:\/\/www.facebook.com\/proquimia","article_modified_time":"2022-05-04T10:49:12+00:00","twitter_card":"summary_large_image","twitter_site":"@proquimia71","twitter_misc":{"Temps estimat de lectura":"3 minuts"},"schema":{"@context":"https:\/\/schema.org","@graph":[{"@type":"WebPage","@id":"https:\/\/www.proquimia.com\/ca\/politica-de-privacitat\/","url":"https:\/\/www.proquimia.com\/ca\/politica-de-privacitat\/","name":"Pol\u00edtica de privacitat - Proquimia","isPartOf":{"@id":"https:\/\/www.proquimia.com\/ca\/#website"},"datePublished":"2021-09-23T06:22:41+00:00","dateModified":"2022-05-04T10:49:12+00:00","breadcrumb":{"@id":"https:\/\/www.proquimia.com\/ca\/politica-de-privacitat\/#breadcrumb"},"inLanguage":"ca","potentialAction":[{"@type":"ReadAction","target":["https:\/\/www.proquimia.com\/ca\/politica-de-privacitat\/"]}]},{"@type":"BreadcrumbList","@id":"https:\/\/www.proquimia.com\/ca\/politica-de-privacitat\/#breadcrumb","itemListElement":[{"@type":"ListItem","position":1,"name":"Portada","item":"https:\/\/www.proquimia.com\/ca\/"},{"@type":"ListItem","position":2,"name":"Pol\u00edtica de privacitat"}]},{"@type":"WebSite","@id":"https:\/\/www.proquimia.com\/ca\/#website","url":"https:\/\/www.proquimia.com\/ca\/","name":"Proquimia","description":"Soluciones qu\u00edmicas y Productos de Limpieza Industrial","publisher":{"@id":"https:\/\/www.proquimia.com\/ca\/#organization"},"potentialAction":[{"@type":"SearchAction","target":{"@type":"EntryPoint","urlTemplate":"https:\/\/www.proquimia.com\/ca\/?s={search_term_string}"},"query-input":{"@type":"PropertyValueSpecification","valueRequired":true,"valueName":"search_term_string"}}],"inLanguage":"ca"},{"@type":"Organization","@id":"https:\/\/www.proquimia.com\/ca\/#organization","name":"Proquimia","url":"https:\/\/www.proquimia.com\/ca\/","logo":{"@type":"ImageObject","inLanguage":"ca","@id":"https:\/\/www.proquimia.com\/ca\/#\/schema\/logo\/image\/","url":"https:\/\/www.proquimia.com\/wp-content\/uploads\/proquimia-logo-yoast.png","contentUrl":"https:\/\/www.proquimia.com\/wp-content\/uploads\/proquimia-logo-yoast.png","width":696,"height":696,"caption":"Proquimia"},"image":{"@id":"https:\/\/www.proquimia.com\/ca\/#\/schema\/logo\/image\/"},"sameAs":["https:\/\/www.facebook.com\/proquimia","https:\/\/x.com\/proquimia71","https:\/\/www.instagram.com\/proquimia_co\/","http:\/\/www.linkedin.com\/company\/proquimia","http:\/\/www.youtube.com\/user\/proquimiavic"]}]}},"_links":{"self":[{"href":"https:\/\/www.proquimia.com\/ca\/wp-json\/wp\/v2\/pages\/32820","targetHints":{"allow":["GET"]}}],"collection":[{"href":"https:\/\/www.proquimia.com\/ca\/wp-json\/wp\/v2\/pages"}],"about":[{"href":"https:\/\/www.proquimia.com\/ca\/wp-json\/wp\/v2\/types\/page"}],"author":[{"embeddable":true,"href":"https:\/\/www.proquimia.com\/ca\/wp-json\/wp\/v2\/users\/1"}],"replies":[{"embeddable":true,"href":"https:\/\/www.proquimia.com\/ca\/wp-json\/wp\/v2\/comments?post=32820"}],"version-history":[{"count":2,"href":"https:\/\/www.proquimia.com\/ca\/wp-json\/wp\/v2\/pages\/32820\/revisions"}],"predecessor-version":[{"id":52902,"href":"https:\/\/www.proquimia.com\/ca\/wp-json\/wp\/v2\/pages\/32820\/revisions\/52902"}],"wp:attachment":[{"href":"https:\/\/www.proquimia.com\/ca\/wp-json\/wp\/v2\/media?parent=32820"}],"curies":[{"name":"wp","href":"https:\/\/api.w.org\/{rel}","templated":true}]}}