{"id":32797,"date":"2022-03-31T16:30:02","date_gmt":"2022-03-31T14:30:02","guid":{"rendered":"https:\/\/www.proquimia.com\/aviso-legal\/"},"modified":"2022-04-28T15:09:15","modified_gmt":"2022-04-28T13:09:15","slug":"avis-legal","status":"publish","type":"page","link":"https:\/\/www.proquimia.com\/ca\/avis-legal\/","title":{"rendered":"Condicions d&#8217;\u00fas de l&#8217;entorn web i av\u00eds legal"},"content":{"rendered":"<div class=\"vce-row-container\" data-vce-boxed-width=\"true\"><div class=\"vce-row vce-row--col-gap-30 vce-row-equal-height vce-row-content--top\" id=\"el-d40ce583\" data-vce-do-apply=\"all el-d40ce583\"><div class=\"vce-content-background-container\"><\/div><div class=\"vce-row-content\" data-vce-element-content=\"true\"><div class=\"vce-col vce-col--xs-100p vce-col--xs-visible vce-col--xs-last vce-col--xs-first vce-col--sm-100p vce-col--sm-visible vce-col--sm-last vce-col--sm-first vce-col--md-100p vce-col--md-visible vce-col--md-last vce-col--md-first vce-col--lg-16-66p vce-col--lg-visible vce-col--lg-first vce-col--xl-16-66p vce-col--xl-visible vce-col--xl-first\" id=\"el-dc19dca6\"><div class=\"vce-col-inner\" data-vce-do-apply=\"border margin background  el-dc19dca6\"><div class=\"vce-col-content\" data-vce-element-content=\"true\" data-vce-do-apply=\"padding el-dc19dca6\"><div><\/div><\/div><\/div><\/div><div class=\"vce-col vce-col--xs-100p vce-col--xs-visible vce-col--xs-last vce-col--xs-first vce-col--sm-100p vce-col--sm-visible vce-col--sm-last vce-col--sm-first vce-col--md-100p vce-col--md-visible vce-col--md-last vce-col--md-first vce-col--lg-66-66p vce-col--lg-visible vce-col--xl-66-66p vce-col--xl-visible\" id=\"el-6cc8df15\"><div class=\"vce-col-inner\" data-vce-do-apply=\"border margin background  el-6cc8df15\"><div class=\"vce-col-content\" data-vce-element-content=\"true\" data-vce-do-apply=\"padding el-6cc8df15\"><div class=\"vce-text-block\"><div class=\"vce-text-block-wrapper vce\" id=\"el-cdf80889\" data-vce-do-apply=\"all el-cdf80889\"><h1 class=\"title\">Condicions d'\u00fas de l'entorn web i av\u00eds legal<\/h1>\n<p>Aquest lloc \u00e9s propietat de PROQUIMIA, S.A., amb domicili social en&nbsp;Ctra. de Prats, 6 08500 Vic (Barcelona). Inscrita en el Registre Mercantil de Barcelona, tomo 1986, Llibre 1392,&nbsp;Secci\u00f3 2\u00aa, Folio 39, Fulla 19397, Inscrip.1\u00aa-NIF A-08288490<\/p>\n<p>Aquest lloc Web pot contenir avisos sobre productes propis e informaci\u00f3&nbsp;de copyright, els termes del qual han complir-se. La informaci\u00f3 d\u2019aquest lloc Web pot contenir imprecisions t\u00e8cniques o errors tipogr\u00e0fics.<\/p>\n<p>La informaci\u00f3 pot modificar-se o actualitzar-se sense previ av\u00eds.&nbsp;PROQUIMIA, S.A. pot fer tamb\u00e9 millores i\/o canvis en els productes&nbsp;i\/o programes descrits en aquesta informaci\u00f3 en qualsevol moment i sense previ av\u00eds.<\/p>\n<p>PROQUIMIA, S.A. no assumeix cap responsabilitat sobre l\u2019exactitud de la informaci\u00f3 proporcionada per PROQUIMIA, S.A. i l\u2019\u00fas d\u2019aquesta informaci\u00f3 \u00e9s responsabilitat del receptor. Mitjan\u00e7ant l\u2019entrega de la informaci\u00f3, PROQUIMIA, S.A. no dona capa llic\u00e8ncia sobre cap copyright, patent o qualsevol altre dret de propietat intel\u00b7lectual.<\/p>\n<p>PROQUIMIA, S.A. no t\u00e9 representaci\u00f3 de cap tipus sobre cap altre lloc Web al que es pugui accedir a trav\u00e9s del nostre propi lloc Web. Quan accedeixi&nbsp;a un lloc Web que no sigui de PROQUIMIA, S.A., incl\u00f2s algun que pugui&nbsp;contenir el logotip de PROQUIMIA, S.A., si us plau, entengui que \u00e9s&nbsp;independent de PROQUIMIA, S.A. i que PROQUIMIA, S.A. no t\u00e9 cap&nbsp;control sobre el contingut d\u2019aquest lloc Web. A m\u00e9s, un enlla\u00e7 a un lloc&nbsp;Web que no sigui de PROQUIMIA, S.A. no significa que PROQUIMIA, S.A. recolzi o&nbsp;accepti cap responsabilitat sobre el contingut o l\u2019\u00fas d\u2019aquest lloc&nbsp;Web. Dep\u00e8n de vost\u00e8 prendre les precaucions adequades per assegurar-se de que all\u00f2 que&nbsp;seleccioni utilitzar estigui lliure d\u2019elements com virus, cucs, troians i altres elements de naturalesa destructiva.<\/p>\n<p>EN CAP CAS SER\u00c0 PROQUIMIA, S.A. RESPONSABLE DAVANT CAP PART PER&nbsp;QUALSEVOL MAL DIRECTE, INDIRECTE, ESPECIAL O RESULTANT DE L\u2019\u00daS D\u2019AQUEST LLOC WEB, O DE QUALSEVOL ALTRE LLOC WEB AL QUE S\u2019ACCEDEIXI MITJAN\u00c7ANT UN&nbsp;HIPERENLLA\u00c7, INCLOENT, PER\u00d2 SENSE LIMITARLOS, QUALSEVOL P\u00c8RDUA DE&nbsp;BENEFICIS, INTERRUPCI\u00d3 DE NEGOCI, P\u00c8RDUA DE PROGRAMES O QUALSEVOL ALTRE TIPUS DE&nbsp;DADES DEL SEU SISTEMA DE GESTI\u00d3 DE INFORMACI\u00d3 O DE QUALSEVOL ALTRE MANERA,&nbsp;INCL\u00d2S SI S\u2019ENS AVISA EXPRESSAMENT DE LA POSSIBILITAT D\u2019AQUESTS MALS.<\/p>\n<p>El present lloc web, incloent a t\u00edtol enunciatiu per\u00f2 no limitatiu la seva programaci\u00f3, edici\u00f3, compilaci\u00f3, dissenys, logotips, text i\/o gr\u00e0fics, s\u00f3n propietat de PROQUIMIA, SA, trobant-se protegits per la normativa nacional i internacional sobre propietat intel\u00b7lectual i industrial. L'acc\u00e9s per part de l'usuari al lloc web no us atorga cap dret de propietat sobre aquests. L'\u00fas de denominacions de tercers est\u00e0 autoritzat expressament pels seus propietaris, per la qual cosa el prestador no es responsabilitza de les controv\u00e8rsies que s'hi poguessin suscitar, procedint a la seva retirada immediata tan aviat en tingui const\u00e0ncia fefaent. Si veieu al lloc web qualsevol contingut que pogu\u00e9s vulnerar drets de propietat intel\u00b7lectual i industrial, preguem ho posin en coneixement del prestador el m\u00e9s aviat possible, remetent un correu electr\u00f2nic a l'adre\u00e7a <a href=\"mailto:gestionintegral@proquimia.com\">gestionintegral@proquimia.com<\/a><\/p>\n<p>Per m\u00e9s informaci\u00f3 sobre la protecci\u00f3 de dades personals consulteu la nostra&nbsp;<a href=\"https:\/\/www.proquimia.com\/ca\/politica-de-privacitat\/\" target=\"_blank\" rel=\"noopener\">pol\u00edtica de privacitat<\/a><\/p><\/div><\/div><\/div><\/div><\/div><div class=\"vce-col vce-col--xs-100p vce-col--xs-visible vce-col--xs-last vce-col--xs-first vce-col--sm-100p vce-col--sm-visible vce-col--sm-last vce-col--sm-first vce-col--md-100p vce-col--md-visible vce-col--md-last vce-col--md-first vce-col--lg-16-66p vce-col--lg-visible vce-col--lg-last vce-col--xl-16-66p vce-col--xl-visible vce-col--xl-last\" id=\"el-5f84ce91\"><div class=\"vce-col-inner\" data-vce-do-apply=\"border margin background  el-5f84ce91\"><div class=\"vce-col-content\" data-vce-element-content=\"true\" data-vce-do-apply=\"padding el-5f84ce91\"><div><\/div><\/div><\/div><\/div><\/div><\/div><\/div>","protected":false},"excerpt":{"rendered":"","protected":false},"author":1,"featured_media":0,"parent":0,"menu_order":0,"comment_status":"closed","ping_status":"closed","template":"","meta":{"_acf_changed":false,"inline_featured_image":false,"footnotes":""},"class_list":["post-32797","page","type-page","status-publish","hentry"],"acf":[],"yoast_head":"<!-- This site is optimized with the Yoast SEO plugin v27.1.1 - https:\/\/yoast.com\/product\/yoast-seo-wordpress\/ -->\n<title>Condicions d&#039;\u00fas de l&#039;entorn web i av\u00eds legal - Proquimia<\/title>\n<meta name=\"robots\" content=\"noindex, nofollow\" \/>\n<meta property=\"og:locale\" content=\"ca_ES\" \/>\n<meta property=\"og:type\" content=\"article\" \/>\n<meta property=\"og:title\" content=\"Condicions d&#039;\u00fas de l&#039;entorn web i av\u00eds legal - Proquimia\" \/>\n<meta property=\"og:url\" content=\"https:\/\/www.proquimia.com\/ca\/avis-legal\/\" \/>\n<meta property=\"og:site_name\" content=\"Proquimia\" \/>\n<meta property=\"article:publisher\" content=\"https:\/\/www.facebook.com\/proquimia\" \/>\n<meta property=\"article:modified_time\" content=\"2022-04-28T13:09:15+00:00\" \/>\n<meta name=\"twitter:card\" content=\"summary_large_image\" \/>\n<meta name=\"twitter:site\" content=\"@proquimia71\" \/>\n<meta name=\"twitter:label1\" content=\"Temps estimat de lectura\" \/>\n\t<meta name=\"twitter:data1\" content=\"3 minuts\" \/>\n<script type=\"application\/ld+json\" class=\"yoast-schema-graph\">{\"@context\":\"https:\/\/schema.org\",\"@graph\":[{\"@type\":\"WebPage\",\"@id\":\"https:\/\/www.proquimia.com\/ca\/avis-legal\/\",\"url\":\"https:\/\/www.proquimia.com\/ca\/avis-legal\/\",\"name\":\"Condicions d'\u00fas de l'entorn web i av\u00eds legal - Proquimia\",\"isPartOf\":{\"@id\":\"https:\/\/www.proquimia.com\/ca\/#website\"},\"datePublished\":\"2022-03-31T14:30:02+00:00\",\"dateModified\":\"2022-04-28T13:09:15+00:00\",\"breadcrumb\":{\"@id\":\"https:\/\/www.proquimia.com\/ca\/avis-legal\/#breadcrumb\"},\"inLanguage\":\"ca\",\"potentialAction\":[{\"@type\":\"ReadAction\",\"target\":[\"https:\/\/www.proquimia.com\/ca\/avis-legal\/\"]}]},{\"@type\":\"BreadcrumbList\",\"@id\":\"https:\/\/www.proquimia.com\/ca\/avis-legal\/#breadcrumb\",\"itemListElement\":[{\"@type\":\"ListItem\",\"position\":1,\"name\":\"Portada\",\"item\":\"https:\/\/www.proquimia.com\/ca\/\"},{\"@type\":\"ListItem\",\"position\":2,\"name\":\"Condicions d&#8217;\u00fas de l&#8217;entorn web i av\u00eds legal\"}]},{\"@type\":\"WebSite\",\"@id\":\"https:\/\/www.proquimia.com\/ca\/#website\",\"url\":\"https:\/\/www.proquimia.com\/ca\/\",\"name\":\"Proquimia\",\"description\":\"Soluciones qu\u00edmicas y Productos de Limpieza Industrial\",\"publisher\":{\"@id\":\"https:\/\/www.proquimia.com\/ca\/#organization\"},\"potentialAction\":[{\"@type\":\"SearchAction\",\"target\":{\"@type\":\"EntryPoint\",\"urlTemplate\":\"https:\/\/www.proquimia.com\/ca\/?s={search_term_string}\"},\"query-input\":{\"@type\":\"PropertyValueSpecification\",\"valueRequired\":true,\"valueName\":\"search_term_string\"}}],\"inLanguage\":\"ca\"},{\"@type\":\"Organization\",\"@id\":\"https:\/\/www.proquimia.com\/ca\/#organization\",\"name\":\"Proquimia\",\"url\":\"https:\/\/www.proquimia.com\/ca\/\",\"logo\":{\"@type\":\"ImageObject\",\"inLanguage\":\"ca\",\"@id\":\"https:\/\/www.proquimia.com\/ca\/#\/schema\/logo\/image\/\",\"url\":\"https:\/\/www.proquimia.com\/wp-content\/uploads\/proquimia-logo-yoast.png\",\"contentUrl\":\"https:\/\/www.proquimia.com\/wp-content\/uploads\/proquimia-logo-yoast.png\",\"width\":696,\"height\":696,\"caption\":\"Proquimia\"},\"image\":{\"@id\":\"https:\/\/www.proquimia.com\/ca\/#\/schema\/logo\/image\/\"},\"sameAs\":[\"https:\/\/www.facebook.com\/proquimia\",\"https:\/\/x.com\/proquimia71\",\"https:\/\/www.instagram.com\/proquimia_co\/\",\"http:\/\/www.linkedin.com\/company\/proquimia\",\"http:\/\/www.youtube.com\/user\/proquimiavic\"]}]}<\/script>\n<!-- \/ Yoast SEO plugin. -->","yoast_head_json":{"title":"Condicions d'\u00fas de l'entorn web i av\u00eds legal - Proquimia","robots":{"index":"noindex","follow":"nofollow"},"og_locale":"ca_ES","og_type":"article","og_title":"Condicions d'\u00fas de l'entorn web i av\u00eds legal - Proquimia","og_url":"https:\/\/www.proquimia.com\/ca\/avis-legal\/","og_site_name":"Proquimia","article_publisher":"https:\/\/www.facebook.com\/proquimia","article_modified_time":"2022-04-28T13:09:15+00:00","twitter_card":"summary_large_image","twitter_site":"@proquimia71","twitter_misc":{"Temps estimat de lectura":"3 minuts"},"schema":{"@context":"https:\/\/schema.org","@graph":[{"@type":"WebPage","@id":"https:\/\/www.proquimia.com\/ca\/avis-legal\/","url":"https:\/\/www.proquimia.com\/ca\/avis-legal\/","name":"Condicions d'\u00fas de l'entorn web i av\u00eds legal - Proquimia","isPartOf":{"@id":"https:\/\/www.proquimia.com\/ca\/#website"},"datePublished":"2022-03-31T14:30:02+00:00","dateModified":"2022-04-28T13:09:15+00:00","breadcrumb":{"@id":"https:\/\/www.proquimia.com\/ca\/avis-legal\/#breadcrumb"},"inLanguage":"ca","potentialAction":[{"@type":"ReadAction","target":["https:\/\/www.proquimia.com\/ca\/avis-legal\/"]}]},{"@type":"BreadcrumbList","@id":"https:\/\/www.proquimia.com\/ca\/avis-legal\/#breadcrumb","itemListElement":[{"@type":"ListItem","position":1,"name":"Portada","item":"https:\/\/www.proquimia.com\/ca\/"},{"@type":"ListItem","position":2,"name":"Condicions d&#8217;\u00fas de l&#8217;entorn web i av\u00eds legal"}]},{"@type":"WebSite","@id":"https:\/\/www.proquimia.com\/ca\/#website","url":"https:\/\/www.proquimia.com\/ca\/","name":"Proquimia","description":"Soluciones qu\u00edmicas y Productos de Limpieza Industrial","publisher":{"@id":"https:\/\/www.proquimia.com\/ca\/#organization"},"potentialAction":[{"@type":"SearchAction","target":{"@type":"EntryPoint","urlTemplate":"https:\/\/www.proquimia.com\/ca\/?s={search_term_string}"},"query-input":{"@type":"PropertyValueSpecification","valueRequired":true,"valueName":"search_term_string"}}],"inLanguage":"ca"},{"@type":"Organization","@id":"https:\/\/www.proquimia.com\/ca\/#organization","name":"Proquimia","url":"https:\/\/www.proquimia.com\/ca\/","logo":{"@type":"ImageObject","inLanguage":"ca","@id":"https:\/\/www.proquimia.com\/ca\/#\/schema\/logo\/image\/","url":"https:\/\/www.proquimia.com\/wp-content\/uploads\/proquimia-logo-yoast.png","contentUrl":"https:\/\/www.proquimia.com\/wp-content\/uploads\/proquimia-logo-yoast.png","width":696,"height":696,"caption":"Proquimia"},"image":{"@id":"https:\/\/www.proquimia.com\/ca\/#\/schema\/logo\/image\/"},"sameAs":["https:\/\/www.facebook.com\/proquimia","https:\/\/x.com\/proquimia71","https:\/\/www.instagram.com\/proquimia_co\/","http:\/\/www.linkedin.com\/company\/proquimia","http:\/\/www.youtube.com\/user\/proquimiavic"]}]}},"_links":{"self":[{"href":"https:\/\/www.proquimia.com\/ca\/wp-json\/wp\/v2\/pages\/32797","targetHints":{"allow":["GET"]}}],"collection":[{"href":"https:\/\/www.proquimia.com\/ca\/wp-json\/wp\/v2\/pages"}],"about":[{"href":"https:\/\/www.proquimia.com\/ca\/wp-json\/wp\/v2\/types\/page"}],"author":[{"embeddable":true,"href":"https:\/\/www.proquimia.com\/ca\/wp-json\/wp\/v2\/users\/1"}],"replies":[{"embeddable":true,"href":"https:\/\/www.proquimia.com\/ca\/wp-json\/wp\/v2\/comments?post=32797"}],"version-history":[{"count":1,"href":"https:\/\/www.proquimia.com\/ca\/wp-json\/wp\/v2\/pages\/32797\/revisions"}],"predecessor-version":[{"id":38667,"href":"https:\/\/www.proquimia.com\/ca\/wp-json\/wp\/v2\/pages\/32797\/revisions\/38667"}],"wp:attachment":[{"href":"https:\/\/www.proquimia.com\/ca\/wp-json\/wp\/v2\/media?parent=32797"}],"curies":[{"name":"wp","href":"https:\/\/api.w.org\/{rel}","templated":true}]}}